{"id":100480,"date":"2026-03-19T17:21:53","date_gmt":"2026-03-19T17:21:53","guid":{"rendered":"https:\/\/brandss.com.py\/index\/?post_type=product&#038;p=100480"},"modified":"2026-03-19T17:22:15","modified_gmt":"2026-03-19T17:22:15","slug":"perfume-masculino-maison-alhambra-no-2-men-edp-80ml","status":"publish","type":"product","link":"https:\/\/brandss.com.py\/index\/producto\/perfume-masculino-maison-alhambra-no-2-men-edp-80ml\/","title":{"rendered":"PERFUME MASCULINO MAISON ALHAMBRA NO. 2 MEN EDP 80ML"},"content":{"rendered":"<p><img loading=\"lazy\" decoding=\"async\" class=\"\" src=\"https:\/\/images.seeklogo.com\/logo-png\/62\/1\/maison-alhambra-logo-png_seeklogo-626390.png\" alt=\"Maison Alhambra Logo PNG Vector (CDR) Free Download\" width=\"104\" height=\"104\" \/><\/p>\n<h1>NO. 2 MEN<\/h1>\n<p>Es una fragancia arom\u00e1tica amaderada para hombres que rinde homenaje a la elegancia cl\u00e1sica masculina. \u00a1Inigualable! Maison Alhambra No. 2 es el lujo hecho a medida para los hombres modernos: un aroma varonil y dulce con toques c\u00edtricos que no pasar\u00e1 desapercibido, \u00a1como un verdadero caballero, siempre se reinventa!<\/p>\n<p><img decoding=\"async\" class=\"alignleft\" src=\"https:\/\/www.oudstore.com\/cdn\/shop\/files\/file_a8ebd07e-d82f-499c-949a-2cbc377f323c.png?v=1737518303&amp;width=720\" \/><\/p>\n<h3>Notas Olfativas<\/h3>\n<p data-start=\"542\" data-end=\"830\">\n<p data-start=\"542\" data-end=\"830\"><span dir=\"auto\">No. 2 Men<\/span><span dir=\"auto\">\u00a0es una fragancia arom\u00e1tica refinada, dise\u00f1ada para el hombre moderno que aprecia la frescura pura combinada con la calidez y profundidad de las notas amaderadas. Lanzada en 2022, esta elegante composici\u00f3n ofrece un aroma vers\u00e1til para el d\u00eda a d\u00eda, perfecto para la oficina, salidas informales y para usar durante todo el a\u00f1o.<\/span><\/p>\n<p data-start=\"832\" data-end=\"1277\"><span dir=\"auto\">La fragancia se abre con una mezcla fresca y revitalizante de\u00a0<\/span><span dir=\"auto\">bergamota y lavanda<\/span><span dir=\"auto\">, que proporciona una sensaci\u00f3n de limpieza y energ\u00eda instant\u00e1neas. En su evoluci\u00f3n, el coraz\u00f3n revela una mezcla especiada pero suave de\u00a0<\/span><span dir=\"auto\">jengibre y cardamomo<\/span><span dir=\"auto\">\u00a0, que aporta vitalidad y una sofisticaci\u00f3n masculina. En la base, una rica combinaci\u00f3n de\u00a0<\/span><span dir=\"auto\">vetiver, incienso, almizcle, s\u00e1ndalo, madera de guayaco y l\u00e1dano<\/span><span dir=\"auto\">\u00a0crea un acabado ahumado y amaderado, c\u00e1lido, duradero y con una marcada masculinidad.<\/span><\/p>\n<p data-start=\"1279\" data-end=\"1456\"><span dir=\"auto\">Con su frescura equilibrada y su matiz amaderado, Maison Alhambra No. 2 Men es una excelente opci\u00f3n para los hombres que disfrutan de fragancias arom\u00e1ticas que ofrecen un buen rendimiento sin ser demasiado intensas.<\/span><\/p>\n<p data-start=\"1491\" data-end=\"1639\"><strong data-start=\"1491\" data-end=\"1505\"><span dir=\"auto\">Notas de salida:<\/span><\/strong><span dir=\"auto\"> bergamota, lavanda.<\/span><br data-start=\"1524\" data-end=\"1527\" \/><strong data-start=\"1527\" data-end=\"1544\"><span dir=\"auto\">Notas de coraz\u00f3n:<\/span><\/strong><span dir=\"auto\"> jengibre, cardamomo.<\/span><br data-start=\"1561\" data-end=\"1564\" \/><strong data-start=\"1564\" data-end=\"1579\"><span dir=\"auto\">Notas de fondo:<\/span><\/strong><span dir=\"auto\"> vetiver, incienso, almizcle, s\u00e1ndalo, l\u00e1dano, madera de guayaco.<\/span><\/p>\n","protected":false},"excerpt":{"rendered":"<p>NO. 2 MEN Es una fragancia arom\u00e1tica amaderada para hombres que rinde homenaje a la elegancia cl\u00e1sica masculina. \u00a1Inigualable! Maison<\/p>\n","protected":false},"featured_media":100481,"comment_status":"open","ping_status":"closed","template":"","meta":{"nf_dc_page":""},"product_brand":[107],"product_cat":[84],"product_tag":[3192],"class_list":{"0":"post-100480","1":"product","2":"type-product","3":"status-publish","4":"has-post-thumbnail","6":"product_brand-maison-alhambra","7":"product_cat-perfumeria","8":"product_tag-3192","10":"first","11":"instock","12":"shipping-taxable","13":"purchasable","14":"product-type-simple"},"_links":{"self":[{"href":"https:\/\/brandss.com.py\/index\/wp-json\/wp\/v2\/product\/100480","targetHints":{"allow":["GET"]}}],"collection":[{"href":"https:\/\/brandss.com.py\/index\/wp-json\/wp\/v2\/product"}],"about":[{"href":"https:\/\/brandss.com.py\/index\/wp-json\/wp\/v2\/types\/product"}],"replies":[{"embeddable":true,"href":"https:\/\/brandss.com.py\/index\/wp-json\/wp\/v2\/comments?post=100480"}],"version-history":[{"count":1,"href":"https:\/\/brandss.com.py\/index\/wp-json\/wp\/v2\/product\/100480\/revisions"}],"predecessor-version":[{"id":100485,"href":"https:\/\/brandss.com.py\/index\/wp-json\/wp\/v2\/product\/100480\/revisions\/100485"}],"wp:featuredmedia":[{"embeddable":true,"href":"https:\/\/brandss.com.py\/index\/wp-json\/wp\/v2\/media\/100481"}],"wp:attachment":[{"href":"https:\/\/brandss.com.py\/index\/wp-json\/wp\/v2\/media?parent=100480"}],"wp:term":[{"taxonomy":"product_brand","embeddable":true,"href":"https:\/\/brandss.com.py\/index\/wp-json\/wp\/v2\/product_brand?post=100480"},{"taxonomy":"product_cat","embeddable":true,"href":"https:\/\/brandss.com.py\/index\/wp-json\/wp\/v2\/product_cat?post=100480"},{"taxonomy":"product_tag","embeddable":true,"href":"https:\/\/brandss.com.py\/index\/wp-json\/wp\/v2\/product_tag?post=100480"}],"curies":[{"name":"wp","href":"https:\/\/api.w.org\/{rel}","templated":true}]}}