{"id":100486,"date":"2026-03-19T17:36:45","date_gmt":"2026-03-19T17:36:45","guid":{"rendered":"https:\/\/brandss.com.py\/index\/?post_type=product&#038;p=100486"},"modified":"2026-03-19T18:58:05","modified_gmt":"2026-03-19T18:58:05","slug":"spray-corporal-unisex-lattafa-maahir-200ml","status":"publish","type":"product","link":"https:\/\/brandss.com.py\/index\/producto\/spray-corporal-unisex-lattafa-maahir-200ml\/","title":{"rendered":"SPRAY CORPORAL UNISEX LATTAFA MAAHIR 200ML"},"content":{"rendered":"<p><img loading=\"lazy\" decoding=\"async\" class=\"\" src=\"https:\/\/myscentjourney.s3.us-east-2.amazonaws.com\/2022\/02\/14\/29KIascent_j_marca_1644871114_202.png\" alt=\"MSJ::LATTAFA\" width=\"80\" height=\"95\" \/><\/p>\n<h1>MAAHIR<\/h1>\n<p>Abrace la energ\u00eda vibrante y el esp\u00edritu alegre de MAAHIR Deodorant BodySpray. Esta estimulante fragancia combina frutas brillantes, flores delicadas y una base suave. Creando un aroma que es a la vez refrescante e irresistiblemente dulce.<\/p>\n<p>MAAHIR Deodorant Body Spray es una fragancia para quienes irradian positividad y abrazan los momentos alegres de la vida. Perfecto para mujeres y hombres que quieren sentirse seguros, alegres e irresistiblemente dulces. Esta fragancia duradera es ideal para el uso diario, ocasiones especiales o cuando necesites un impulso de energ\u00eda alegre.<\/p>\n<h3>Notas Olfativas<\/h3>\n<p>MAAHIR comienza con una explosi\u00f3n de bergamota picante, frutos rojos jugosos y la dulzura juguetona de un Bellini de melocot\u00f3n. Ilumina instant\u00e1neamente tu estado de \u00e1nimo. Emerge un coraz\u00f3n de delicada peon\u00eda, exuberante lirio rosa y fragante jazm\u00edn, a\u00f1adiendo un toque de elegancia floral y encanto femenino. Este delicioso aroma se basa en una base suave de s\u00e1ndalo, almizcle suave y c\u00e1lida flor de vainilla, lo que garantiza una frescura duradera con una dulzura persistente y reconfortante.<\/p>\n<ul>\n<li><strong>Notas de salida:<\/strong> bergamota, frutos rojos, melocot\u00f3n bellini.<\/li>\n<li><strong>Notas de coraz\u00f3n:<\/strong>\u00a0peon\u00eda, lirio rosa, jazm\u00edn.<\/li>\n<li><strong>Notas de fondo:<\/strong> s\u00e1ndalo, almizcle, flor de vainilla.<\/li>\n<\/ul>\n","protected":false},"excerpt":{"rendered":"<p>MAAHIR Abrace la energ\u00eda vibrante y el esp\u00edritu alegre de MAAHIR Deodorant BodySpray. Esta estimulante fragancia combina frutas brillantes, flores<\/p>\n","protected":false},"featured_media":100487,"comment_status":"open","ping_status":"closed","template":"","meta":{"nf_dc_page":""},"product_brand":[109],"product_cat":[94],"product_tag":[3193],"class_list":{"0":"post-100486","1":"product","2":"type-product","3":"status-publish","4":"has-post-thumbnail","6":"product_brand-lattafa","7":"product_cat-higiene-personal","8":"product_tag-3193","10":"first","11":"instock","12":"shipping-taxable","13":"purchasable","14":"product-type-simple"},"_links":{"self":[{"href":"https:\/\/brandss.com.py\/index\/wp-json\/wp\/v2\/product\/100486","targetHints":{"allow":["GET"]}}],"collection":[{"href":"https:\/\/brandss.com.py\/index\/wp-json\/wp\/v2\/product"}],"about":[{"href":"https:\/\/brandss.com.py\/index\/wp-json\/wp\/v2\/types\/product"}],"replies":[{"embeddable":true,"href":"https:\/\/brandss.com.py\/index\/wp-json\/wp\/v2\/comments?post=100486"}],"version-history":[{"count":1,"href":"https:\/\/brandss.com.py\/index\/wp-json\/wp\/v2\/product\/100486\/revisions"}],"predecessor-version":[{"id":100491,"href":"https:\/\/brandss.com.py\/index\/wp-json\/wp\/v2\/product\/100486\/revisions\/100491"}],"wp:featuredmedia":[{"embeddable":true,"href":"https:\/\/brandss.com.py\/index\/wp-json\/wp\/v2\/media\/100487"}],"wp:attachment":[{"href":"https:\/\/brandss.com.py\/index\/wp-json\/wp\/v2\/media?parent=100486"}],"wp:term":[{"taxonomy":"product_brand","embeddable":true,"href":"https:\/\/brandss.com.py\/index\/wp-json\/wp\/v2\/product_brand?post=100486"},{"taxonomy":"product_cat","embeddable":true,"href":"https:\/\/brandss.com.py\/index\/wp-json\/wp\/v2\/product_cat?post=100486"},{"taxonomy":"product_tag","embeddable":true,"href":"https:\/\/brandss.com.py\/index\/wp-json\/wp\/v2\/product_tag?post=100486"}],"curies":[{"name":"wp","href":"https:\/\/api.w.org\/{rel}","templated":true}]}}