{"id":100499,"date":"2026-03-19T18:15:24","date_gmt":"2026-03-19T18:15:24","guid":{"rendered":"https:\/\/brandss.com.py\/index\/?post_type=product&#038;p=100499"},"modified":"2026-03-19T18:15:51","modified_gmt":"2026-03-19T18:15:51","slug":"perfume-femenino-maison-alhambra-la-voie-edp-100ml","status":"publish","type":"product","link":"https:\/\/brandss.com.py\/index\/producto\/perfume-femenino-maison-alhambra-la-voie-edp-100ml\/","title":{"rendered":"PERFUME FEMENINO MAISON ALHAMBRA LA VOIE EDP 100ML"},"content":{"rendered":"<p><img loading=\"lazy\" decoding=\"async\" class=\"\" src=\"https:\/\/images.seeklogo.com\/logo-png\/62\/1\/maison-alhambra-logo-png_seeklogo-626390.png\" alt=\"Maison Alhambra Logo PNG Vector (CDR) Free Download\" width=\"106\" height=\"106\" \/><\/p>\n<h1>LA VOIE<\/h1>\n<p>Es una oda a la feminidad y el lujo, que captura la esencia de la sofisticaci\u00f3n moderna que te invita a descubrir el mundo y conocer gente nueva. Si eres de las que nunca se resisten a la oportunidad de ampliar horizontes, este perfume se convertir\u00e1 en tu gu\u00eda, y su elegante y sofisticado aroma te acompa\u00f1ar\u00e1 en todos tus viajes.<img decoding=\"async\" class=\"alignleft\" src=\"https:\/\/scentorium.co.uk\/cdn\/shop\/files\/La-Voie-100ml-Inspired-by-My-Way-5023134-_4.jpg?v=1763608306&amp;width=713\" \/><\/p>\n<p><span dir=\"auto\">El frasco de La Voie refleja la misma elegancia que se encuentra en la fragancia, con un dise\u00f1o sofisticado y detalles que transmiten lujo y exclusividad. Ideal para mujeres que aprecian una fragancia que equilibra frescura, feminidad floral y una base dulce y envolvente, La Voie es perfecta para cualquier ocasi\u00f3n especial, proporcionando una presencia impactante y sofisticada.<\/span><\/p>\n<p>&nbsp;<\/p>\n<h3>Notas Olfativas<\/h3>\n<p>&nbsp;<\/p>\n<p><span dir=\"auto\">Magistralmente creado, este perfume revela una armoniosa combinaci\u00f3n de notas que envuelven los sentidos desde el primer instante. Desde la primera aplicaci\u00f3n, La Voie deslumbra con sus frescas y afrutadas notas de salida de bergamota, pera y grosella negra. Esta fusi\u00f3n inicial crea una apertura luminosa y vibrante, donde la bergamota aporta una frescura c\u00edtrica que se equilibra con la dulzura suculenta de la pera y la profunda dulzura de la grosella negra. En el coraz\u00f3n de la fragancia, florecen notas <\/span><span dir=\"auto\">florales<\/span><span dir=\"auto\">\u00a0de rosa, jazm\u00edn e iris, a\u00f1adiendo una capa de elegancia y feminidad. La rosa, con su aura cl\u00e1sica y envolvente, se entrelaza armoniosamente con el jazm\u00edn, que ofrece una irresistible suavidad floral. El iris completa este ramo floral con su delicado toque empolvado, aportando una sofisticaci\u00f3n \u00fanica a la composici\u00f3n. A medida que La Voie evoluciona, emergen notas de fondo de pachul\u00ed, vainilla y pralin\u00e9, proporcionando una\u00a0<\/span><span dir=\"auto\">base<\/span><span dir=\"auto\"> c\u00e1lida. El pachul\u00ed aporta su presencia terrosa y amaderada, mientras que la vainilla a\u00f1ade una dulzura cremosa y reconfortante. El pralin\u00e9, con su car\u00e1cter gourmet, completa la fragancia con una nota final envolvente y sofisticada. <\/span><\/p>\n<p><span dir=\"auto\"><strong>Notas de salida:<\/strong> flor de naranjo, bergamota. <\/span><\/p>\n<p><span dir=\"auto\"><strong>Notas de coraz\u00f3n:<\/strong> nardo, jazm\u00edn indio. <\/span><\/p>\n<p><span dir=\"auto\"><strong>Notas de fondo:<\/strong> vainilla de madagascar, almizcle blanco, cedro de virginia. \u00a0<\/span><\/p>\n","protected":false},"excerpt":{"rendered":"<p>LA VOIE Es una oda a la feminidad y el lujo, que captura la esencia de la sofisticaci\u00f3n moderna que<\/p>\n","protected":false},"featured_media":100500,"comment_status":"open","ping_status":"closed","template":"","meta":{"nf_dc_page":""},"product_brand":[107],"product_cat":[84],"product_tag":[3195],"class_list":{"0":"post-100499","1":"product","2":"type-product","3":"status-publish","4":"has-post-thumbnail","6":"product_brand-maison-alhambra","7":"product_cat-perfumeria","8":"product_tag-3195","10":"first","11":"instock","12":"shipping-taxable","13":"purchasable","14":"product-type-simple"},"_links":{"self":[{"href":"https:\/\/brandss.com.py\/index\/wp-json\/wp\/v2\/product\/100499","targetHints":{"allow":["GET"]}}],"collection":[{"href":"https:\/\/brandss.com.py\/index\/wp-json\/wp\/v2\/product"}],"about":[{"href":"https:\/\/brandss.com.py\/index\/wp-json\/wp\/v2\/types\/product"}],"replies":[{"embeddable":true,"href":"https:\/\/brandss.com.py\/index\/wp-json\/wp\/v2\/comments?post=100499"}],"version-history":[{"count":1,"href":"https:\/\/brandss.com.py\/index\/wp-json\/wp\/v2\/product\/100499\/revisions"}],"predecessor-version":[{"id":100505,"href":"https:\/\/brandss.com.py\/index\/wp-json\/wp\/v2\/product\/100499\/revisions\/100505"}],"wp:featuredmedia":[{"embeddable":true,"href":"https:\/\/brandss.com.py\/index\/wp-json\/wp\/v2\/media\/100500"}],"wp:attachment":[{"href":"https:\/\/brandss.com.py\/index\/wp-json\/wp\/v2\/media?parent=100499"}],"wp:term":[{"taxonomy":"product_brand","embeddable":true,"href":"https:\/\/brandss.com.py\/index\/wp-json\/wp\/v2\/product_brand?post=100499"},{"taxonomy":"product_cat","embeddable":true,"href":"https:\/\/brandss.com.py\/index\/wp-json\/wp\/v2\/product_cat?post=100499"},{"taxonomy":"product_tag","embeddable":true,"href":"https:\/\/brandss.com.py\/index\/wp-json\/wp\/v2\/product_tag?post=100499"}],"curies":[{"name":"wp","href":"https:\/\/api.w.org\/{rel}","templated":true}]}}