{"id":100512,"date":"2026-03-19T18:49:37","date_gmt":"2026-03-19T18:49:37","guid":{"rendered":"https:\/\/brandss.com.py\/index\/?post_type=product&#038;p=100512"},"modified":"2026-03-19T18:50:02","modified_gmt":"2026-03-19T18:50:02","slug":"spray-corporal-unisex-lattafa-badee-al-oud-amethyst-200ml","status":"publish","type":"product","link":"https:\/\/brandss.com.py\/index\/producto\/spray-corporal-unisex-lattafa-badee-al-oud-amethyst-200ml\/","title":{"rendered":"SPRAY CORPORAL UNISEX LATTAFA BADE&#8217;E AL OUD AMETHYST 200ML"},"content":{"rendered":"<p><img loading=\"lazy\" decoding=\"async\" class=\"\" src=\"https:\/\/myscentjourney.s3.us-east-2.amazonaws.com\/2022\/02\/14\/29KIascent_j_marca_1644871114_202.png\" alt=\"MSJ::LATTAFA\" width=\"98\" height=\"117\" \/><\/p>\n<h1>BADE&#8217;E AL OUD AMETHYST<\/h1>\n<p>Descubre el irresistible aroma de Bade&#8217;e Al Oud Amethyst, un body spray con car\u00e1cter envolvente y sofisticado. <span dir=\"auto\">El desodorante Badee Al Oud Amethyst<\/span><span dir=\"auto\">\u00a0traslada la popular fragancia de inspiraci\u00f3n nicho a un pr\u00e1ctico spray corporal<\/span><span dir=\"auto\">, este perfume unisex combina c\u00edtricos chispeantes y pimienta rosa con rosas aterciopeladas, jazm\u00edn, vainilla cremosa, \u00e1mbar y suave oud.<img loading=\"lazy\" decoding=\"async\" class=\"alignleft\" src=\"https:\/\/yauras.cl\/cdn\/shop\/files\/AntonioBanderasMediterraneo-2025-03-24T140401.275_800x800.jpg?v=1761052797\" width=\"453\" height=\"453\" \/><\/span><\/p>\n<p><span dir=\"auto\">Es un desodorante sofisticado y de larga duraci\u00f3n que evoca la sensaci\u00f3n de un perfume de alta gama, perfecto para quienes disfrutan a diario de los aromas sensuales, florales y ambarinos con oud.<\/span><\/p>\n<h3><\/h3>\n<h3>Notas Olfativas<\/h3>\n<p>&nbsp;<\/p>\n<p><span dir=\"auto\">La fragancia se abre con un contraste brillante y moderno de\u00a0<\/span><span dir=\"auto\">bergamota c\u00edtrica y\u00a0<\/span><span dir=\"auto\">pimienta rosa<\/span><span dir=\"auto\">\u00a0especiada y chispeante\u00a0, que le aporta un toque de frescura y un aire intrigante. <\/span><span dir=\"auto\">Al asentarse en la piel, un exuberante ramo de\u00a0<\/span><span dir=\"auto\">rosa turca<\/span><span dir=\"auto\">,\u00a0<\/span><span dir=\"auto\">rosa b\u00falgara<\/span><span dir=\"auto\">\u00a0y\u00a0<\/span><span dir=\"auto\">jazm\u00edn<\/span><span dir=\"auto\">\u00a0luminoso florece en el coraz\u00f3n, envolviendo el oud en un halo suave y rom\u00e1ntico. <\/span><\/p>\n<p><span dir=\"auto\">En el secado,\u00a0<\/span><span dir=\"auto\">la vainilla<\/span><span dir=\"auto\">\u00a0cremosa y\u00a0<\/span><span dir=\"auto\">el \u00e1mbar<\/span><span dir=\"auto\">\u00a0dorado se funden en un suave velo de\u00a0<\/span><span dir=\"auto\">oud<\/span><span dir=\"auto\">, creando una base acogedora y envolvente que perdura maravillosamente y convierte este desodorante en spray en una experiencia sensual y adictiva.<\/span><\/p>\n<ul>\n<li><strong><span dir=\"auto\">Notas de salida:<\/span><\/strong><span dir=\"auto\"> bergamota, pimienta rosa.<\/span><\/li>\n<li><strong><span dir=\"auto\">Notas de coraz\u00f3n:<\/span><\/strong><span dir=\"auto\"> rosa turca, rosa b\u00falgara, jazm\u00edn.<\/span><\/li>\n<li><strong><span dir=\"auto\">Notas de fondo:<\/span><\/strong><span dir=\"auto\"> vainilla, \u00e1mbar, oud.<\/span><\/li>\n<\/ul>\n","protected":false},"excerpt":{"rendered":"<p>BADE&#8217;E AL OUD AMETHYST Descubre el irresistible aroma de Bade&#8217;e Al Oud Amethyst, un body spray con car\u00e1cter envolvente y<\/p>\n","protected":false},"featured_media":100513,"comment_status":"open","ping_status":"closed","template":"","meta":{"nf_dc_page":""},"product_brand":[109],"product_cat":[94],"product_tag":[3197],"class_list":{"0":"post-100512","1":"product","2":"type-product","3":"status-publish","4":"has-post-thumbnail","6":"product_brand-lattafa","7":"product_cat-higiene-personal","8":"product_tag-3197","10":"first","11":"instock","12":"shipping-taxable","13":"purchasable","14":"product-type-simple"},"_links":{"self":[{"href":"https:\/\/brandss.com.py\/index\/wp-json\/wp\/v2\/product\/100512","targetHints":{"allow":["GET"]}}],"collection":[{"href":"https:\/\/brandss.com.py\/index\/wp-json\/wp\/v2\/product"}],"about":[{"href":"https:\/\/brandss.com.py\/index\/wp-json\/wp\/v2\/types\/product"}],"replies":[{"embeddable":true,"href":"https:\/\/brandss.com.py\/index\/wp-json\/wp\/v2\/comments?post=100512"}],"version-history":[{"count":1,"href":"https:\/\/brandss.com.py\/index\/wp-json\/wp\/v2\/product\/100512\/revisions"}],"predecessor-version":[{"id":100517,"href":"https:\/\/brandss.com.py\/index\/wp-json\/wp\/v2\/product\/100512\/revisions\/100517"}],"wp:featuredmedia":[{"embeddable":true,"href":"https:\/\/brandss.com.py\/index\/wp-json\/wp\/v2\/media\/100513"}],"wp:attachment":[{"href":"https:\/\/brandss.com.py\/index\/wp-json\/wp\/v2\/media?parent=100512"}],"wp:term":[{"taxonomy":"product_brand","embeddable":true,"href":"https:\/\/brandss.com.py\/index\/wp-json\/wp\/v2\/product_brand?post=100512"},{"taxonomy":"product_cat","embeddable":true,"href":"https:\/\/brandss.com.py\/index\/wp-json\/wp\/v2\/product_cat?post=100512"},{"taxonomy":"product_tag","embeddable":true,"href":"https:\/\/brandss.com.py\/index\/wp-json\/wp\/v2\/product_tag?post=100512"}],"curies":[{"name":"wp","href":"https:\/\/api.w.org\/{rel}","templated":true}]}}