{"id":100518,"date":"2026-03-19T19:07:04","date_gmt":"2026-03-19T19:07:04","guid":{"rendered":"https:\/\/brandss.com.py\/index\/?post_type=product&#038;p=100518"},"modified":"2026-03-19T19:07:42","modified_gmt":"2026-03-19T19:07:42","slug":"perfume-unisex-armaf-eter-desert-star-edp-100ml","status":"publish","type":"product","link":"https:\/\/brandss.com.py\/index\/producto\/perfume-unisex-armaf-eter-desert-star-edp-100ml\/","title":{"rendered":"PERFUME UNISEX ARMAF ETER DESERT STAR EDP 100ML"},"content":{"rendered":"<p><img loading=\"lazy\" decoding=\"async\" class=\"\" src=\"https:\/\/vectorseek.com\/wp-content\/uploads\/2023\/12\/ARMAF-Logo-Vector.svg--300x300.png\" alt=\"PERFUME UNISEX ARMAF CLUB DE NUIT UNTOLD EDP 200ML \u2013 Brands\" width=\"87\" height=\"87\" \/><\/p>\n<h1><strong>ETER DESERT STAR<\/strong><\/h1>\n<p>Experimenta el encanto atemporal de las fragancias \u00e1rabes con Armaf Eter Desert Star. Esta exquisita fragancia est\u00e1 dise\u00f1ada para inspirar y encantar. Descubre la perfecta fusi\u00f3n de tradici\u00f3n y elegancia con Armaf Eter Desert Star. Este perfume est\u00e1 dise\u00f1ado para dejar una impresi\u00f3n duradera, con una proyecci\u00f3n moderada y una longevidad de 6 a 8 horas. Su estilo remite a fragancias \u00e1rabes cl\u00e1sicas, logrando una sensaci\u00f3n sofisticada y envolvente que puede funcionar tanto en ambientes formales como en ocasiones especiales\u200b.<img loading=\"lazy\" decoding=\"async\" class=\"alignleft\" src=\"https:\/\/www.atlanticoshop.com.py\/image\/catalog\/armaf\/armaf%20eter%20desert%20star%20desc-2.jpg\" width=\"601\" height=\"601\" \/><\/p>\n<p>Eter Desert Star es una fragancia que envuelve el alma en un abrazo embriagador de sofisticaci\u00f3n. Cada nota es un susurro de misterio y lujo, haciendo que Eter Desert Star sea una experiencia que embriaga y fascina!!!<\/p>\n<p>&nbsp;<\/p>\n<h3>Notas Olfativas<\/h3>\n<p>&nbsp;<\/p>\n<p>Eter Desert Star de Armaf es una fragancia de la familia olfativa Oriental Amaderada para Hombres y Mujeres. Eter Desert Star es una fragancia que envuelve el alma en un abrazo embriagador de sofisticaci\u00f3n. La bergamota inicia una danza fresca y luminosa, mientras la madera de cachemira y el vetiver a\u00f1aden una profundidad aterciopelada que cautiva con su elegancia.<\/p>\n<p>La pimienta rosa aporta un toque picante y vibrante, que se entrelaza con la calidez del \u00e1mbar y el cedro, creando una estela seductora. Finalmente, el almizcle blanco se despliega con un susurro de sensualidad, dejando un rastro irresistible que persiste en el aire.<\/p>\n<p><strong>Notas de salida:<\/strong> bergamota.<\/p>\n<p><strong>Notas de coraz\u00f3n:<\/strong> madera de cachemira, pimienta rosa, vetiver.<\/p>\n<p><strong>Notas de fondo:<\/strong> almizcle blanco, cedro, \u00e1mbar.<\/p>\n","protected":false},"excerpt":{"rendered":"<p>ETER DESERT STAR Experimenta el encanto atemporal de las fragancias \u00e1rabes con Armaf Eter Desert Star. Esta exquisita fragancia est\u00e1<\/p>\n","protected":false},"featured_media":100519,"comment_status":"open","ping_status":"closed","template":"","meta":{"nf_dc_page":""},"product_brand":[106],"product_cat":[84],"product_tag":[3198],"class_list":{"0":"post-100518","1":"product","2":"type-product","3":"status-publish","4":"has-post-thumbnail","6":"product_brand-armaf","7":"product_cat-perfumeria","8":"product_tag-3198","10":"first","11":"instock","12":"shipping-taxable","13":"purchasable","14":"product-type-simple"},"_links":{"self":[{"href":"https:\/\/brandss.com.py\/index\/wp-json\/wp\/v2\/product\/100518","targetHints":{"allow":["GET"]}}],"collection":[{"href":"https:\/\/brandss.com.py\/index\/wp-json\/wp\/v2\/product"}],"about":[{"href":"https:\/\/brandss.com.py\/index\/wp-json\/wp\/v2\/types\/product"}],"replies":[{"embeddable":true,"href":"https:\/\/brandss.com.py\/index\/wp-json\/wp\/v2\/comments?post=100518"}],"version-history":[{"count":1,"href":"https:\/\/brandss.com.py\/index\/wp-json\/wp\/v2\/product\/100518\/revisions"}],"predecessor-version":[{"id":100523,"href":"https:\/\/brandss.com.py\/index\/wp-json\/wp\/v2\/product\/100518\/revisions\/100523"}],"wp:featuredmedia":[{"embeddable":true,"href":"https:\/\/brandss.com.py\/index\/wp-json\/wp\/v2\/media\/100519"}],"wp:attachment":[{"href":"https:\/\/brandss.com.py\/index\/wp-json\/wp\/v2\/media?parent=100518"}],"wp:term":[{"taxonomy":"product_brand","embeddable":true,"href":"https:\/\/brandss.com.py\/index\/wp-json\/wp\/v2\/product_brand?post=100518"},{"taxonomy":"product_cat","embeddable":true,"href":"https:\/\/brandss.com.py\/index\/wp-json\/wp\/v2\/product_cat?post=100518"},{"taxonomy":"product_tag","embeddable":true,"href":"https:\/\/brandss.com.py\/index\/wp-json\/wp\/v2\/product_tag?post=100518"}],"curies":[{"name":"wp","href":"https:\/\/api.w.org\/{rel}","templated":true}]}}