{"id":100528,"date":"2026-03-20T11:44:35","date_gmt":"2026-03-20T11:44:35","guid":{"rendered":"https:\/\/brandss.com.py\/index\/?post_type=product&#038;p=100528"},"modified":"2026-03-20T11:44:59","modified_gmt":"2026-03-20T11:44:59","slug":"perfume-femenino-agatha-lamour-a-paris-edp-100ml","status":"publish","type":"product","link":"https:\/\/brandss.com.py\/index\/producto\/perfume-femenino-agatha-lamour-a-paris-edp-100ml\/","title":{"rendered":"PERFUME FEMENINO AGATHA L\u2019AMOUR A PARIS EDP 100ML"},"content":{"rendered":"<p><img loading=\"lazy\" decoding=\"async\" class=\"\" src=\"https:\/\/www.sumate.eu\/wp-content\/uploads\/2025\/02\/agatha-1.png\" alt=\"Agatha Paris - S\u00famate\" width=\"105\" height=\"82\" \/><\/p>\n<h1>L\u2019AMOUR A PARIS<\/h1>\n<p><span dir=\"auto\">Deleita a las mujeres con la sensual fragancia L&#8217;Amour A Paris. Esta fragancia transporta a quien lo usa a una elegante parisina, capturando el estilo y la singular belleza de Francia. Su lujosa composici\u00f3n floral-frutal cautiva desde el primer instante.<\/span><\/p>\n<h3>Notas Olfativas<\/h3>\n<p><span dir=\"auto\">A los hombres les resulta dif\u00edcil resistir la tentaci\u00f3n de halagar o demostrar afecto a una mujer que lleva esta incre\u00edble fragancia. Las notas de salida frutales se combinan de forma cautivadora con el toque picante de la pimienta rosa. Las notas de coraz\u00f3n fusionan la exuberancia de una rosa multifac\u00e9tica con la ternura del melocot\u00f3n. La composici\u00f3n culmina con una simbiosis fascinante de melod\u00edas amaderadas y dulces, dejando una estela encantadora.<\/span><\/p>\n<p><strong><span dir=\"auto\">Notas de salida:<\/span><\/strong><span dir=\"auto\"> hojas de grosella negra, pimienta rosa, jara.<\/span><br \/>\n<strong><span dir=\"auto\">Notas de coraz\u00f3n:<\/span><\/strong><span dir=\"auto\"> melocot\u00f3n, rosa, champaca.<\/span><br \/>\n<strong><span dir=\"auto\">Notas de fondo:<\/span><\/strong><span dir=\"auto\"> almizcle blanco, vainilla, s\u00e1ndalo.<\/span><\/p>\n","protected":false},"excerpt":{"rendered":"<p>L\u2019AMOUR A PARIS Deleita a las mujeres con la sensual fragancia L&#8217;Amour A Paris. Esta fragancia transporta a quien lo<\/p>\n","protected":false},"featured_media":100529,"comment_status":"open","ping_status":"closed","template":"","meta":{"nf_dc_page":""},"product_brand":[2034],"product_cat":[84],"product_tag":[3201],"class_list":{"0":"post-100528","1":"product","2":"type-product","3":"status-publish","4":"has-post-thumbnail","6":"product_brand-agatha","7":"product_cat-perfumeria","8":"product_tag-3201","10":"first","11":"instock","12":"shipping-taxable","13":"purchasable","14":"product-type-simple"},"_links":{"self":[{"href":"https:\/\/brandss.com.py\/index\/wp-json\/wp\/v2\/product\/100528","targetHints":{"allow":["GET"]}}],"collection":[{"href":"https:\/\/brandss.com.py\/index\/wp-json\/wp\/v2\/product"}],"about":[{"href":"https:\/\/brandss.com.py\/index\/wp-json\/wp\/v2\/types\/product"}],"replies":[{"embeddable":true,"href":"https:\/\/brandss.com.py\/index\/wp-json\/wp\/v2\/comments?post=100528"}],"version-history":[{"count":1,"href":"https:\/\/brandss.com.py\/index\/wp-json\/wp\/v2\/product\/100528\/revisions"}],"predecessor-version":[{"id":100531,"href":"https:\/\/brandss.com.py\/index\/wp-json\/wp\/v2\/product\/100528\/revisions\/100531"}],"wp:featuredmedia":[{"embeddable":true,"href":"https:\/\/brandss.com.py\/index\/wp-json\/wp\/v2\/media\/100529"}],"wp:attachment":[{"href":"https:\/\/brandss.com.py\/index\/wp-json\/wp\/v2\/media?parent=100528"}],"wp:term":[{"taxonomy":"product_brand","embeddable":true,"href":"https:\/\/brandss.com.py\/index\/wp-json\/wp\/v2\/product_brand?post=100528"},{"taxonomy":"product_cat","embeddable":true,"href":"https:\/\/brandss.com.py\/index\/wp-json\/wp\/v2\/product_cat?post=100528"},{"taxonomy":"product_tag","embeddable":true,"href":"https:\/\/brandss.com.py\/index\/wp-json\/wp\/v2\/product_tag?post=100528"}],"curies":[{"name":"wp","href":"https:\/\/api.w.org\/{rel}","templated":true}]}}