{"id":100532,"date":"2026-03-20T12:10:07","date_gmt":"2026-03-20T12:10:07","guid":{"rendered":"https:\/\/brandss.com.py\/index\/?post_type=product&#038;p=100532"},"modified":"2026-03-20T12:11:48","modified_gmt":"2026-03-20T12:11:48","slug":"perfume-femenino-arrogance-femme-anniversary-edp-100ml","status":"publish","type":"product","link":"https:\/\/brandss.com.py\/index\/producto\/perfume-femenino-arrogance-femme-anniversary-edp-100ml\/","title":{"rendered":"PERFUME FEMENINO ARROGANCE FEMME ANNIVERSARY EDP 100ML"},"content":{"rendered":"<p><img loading=\"lazy\" decoding=\"async\" class=\"\" src=\"https:\/\/rysinternacional.com.py\/wp-content\/uploads\/2023\/11\/Fragancia1.png\" alt=\"Fragancias | RyS Internacional SA\" width=\"117\" height=\"58\" \/><\/p>\n<h1>FEMME ANNIVERSARY<\/h1>\n<p>Es una oda a la elegancia y a un refinado sentido de la belleza. Esta fragancia te invita a celebrar tu esencia, creando momentos inolvidables y dejando una estela de encanto en cualquier ambiente. Su aroma ofrece una experiencia sensorial que te hace sentir especial y \u00fanica, convirtiendo cada d\u00eda en algo extraordinario.<img loading=\"lazy\" decoding=\"async\" class=\"alignleft\" src=\"https:\/\/www.shop.thefirst.it\/cdn\/shop\/files\/Femme-Anniversary_3.jpg?v=1745341110\" width=\"743\" height=\"743\" \/><\/p>\n<p><span dir=\"auto\">Un homenaje a la feminidad sofisticada y contempor\u00e1nea, presentado en un frasco de dise\u00f1o elegante con una paleta de colores \u00fanica que anticipa un bouquet olfativo luminoso y envolvente.<\/span><br \/>\n<span dir=\"auto\">Arrogance Femme Anniversary Eau de Parfum es una elegante fragancia floral, dise\u00f1ada para realzar la personalidad de una mujer radiante, refinada y segura de s\u00ed misma.<\/span><\/p>\n<p>&nbsp;<\/p>\n<h3>Notas Olfativas<\/h3>\n<p>&nbsp;<\/p>\n<p><span dir=\"auto\">La apertura es chispeante y fresca, con notas de salida de fresia, lim\u00f3n, naranja siciliana y un toque jugoso de mel\u00f3n que infunde instant\u00e1neamente energ\u00eda y vitalidad a la fragancia. <\/span><\/p>\n<p><span dir=\"auto\">Crea una sensaci\u00f3n de frescura, como un sorbo de limonada fr\u00eda en un d\u00eda caluroso, y marca la pauta para toda la composici\u00f3n. El coraz\u00f3n revela un delicado acorde de flores transparentes, flor de tiar\u00e9 y almizcle blanco, aportando suavidad y sofisticaci\u00f3n. <\/span><\/p>\n<p><span dir=\"auto\">Crean una sensaci\u00f3n de ligereza y romanticismo, como un paseo por un jard\u00edn primaveral, mientras que la c\u00e1lida base de \u00e1mbar gris entrelazadas con un sensual matiz de almizcle, crea una estela duradera y acogedora.<\/span><\/p>\n<p>&nbsp;<\/p>\n<ul>\n<li><strong><span dir=\"auto\">Notas de salida:<\/span><\/strong><span dir=\"auto\"> fresia, lim\u00f3n, naranja siciliana, mel\u00f3n.<\/span><\/li>\n<li><strong><span dir=\"auto\">Notas de coraz\u00f3n:<\/span><\/strong><span dir=\"auto\"> flores transparentes, tiar\u00e9, almizcle blanco.<\/span><\/li>\n<li><strong><span dir=\"auto\">Notas de fondo:<\/span><\/strong><span dir=\"auto\">\u00a0\u00e1mbar gris, almizcle.<\/span><\/li>\n<\/ul>\n","protected":false},"excerpt":{"rendered":"<p>FEMME ANNIVERSARY Es una oda a la elegancia y a un refinado sentido de la belleza. Esta fragancia te invita<\/p>\n","protected":false},"featured_media":100533,"comment_status":"open","ping_status":"closed","template":"","meta":{"nf_dc_page":""},"product_brand":[3108],"product_cat":[84],"product_tag":[3202],"class_list":{"0":"post-100532","1":"product","2":"type-product","3":"status-publish","4":"has-post-thumbnail","6":"product_brand-arrogance-milano","7":"product_cat-perfumeria","8":"product_tag-3202","10":"first","11":"instock","12":"shipping-taxable","13":"purchasable","14":"product-type-simple"},"_links":{"self":[{"href":"https:\/\/brandss.com.py\/index\/wp-json\/wp\/v2\/product\/100532","targetHints":{"allow":["GET"]}}],"collection":[{"href":"https:\/\/brandss.com.py\/index\/wp-json\/wp\/v2\/product"}],"about":[{"href":"https:\/\/brandss.com.py\/index\/wp-json\/wp\/v2\/types\/product"}],"replies":[{"embeddable":true,"href":"https:\/\/brandss.com.py\/index\/wp-json\/wp\/v2\/comments?post=100532"}],"version-history":[{"count":1,"href":"https:\/\/brandss.com.py\/index\/wp-json\/wp\/v2\/product\/100532\/revisions"}],"predecessor-version":[{"id":100537,"href":"https:\/\/brandss.com.py\/index\/wp-json\/wp\/v2\/product\/100532\/revisions\/100537"}],"wp:featuredmedia":[{"embeddable":true,"href":"https:\/\/brandss.com.py\/index\/wp-json\/wp\/v2\/media\/100533"}],"wp:attachment":[{"href":"https:\/\/brandss.com.py\/index\/wp-json\/wp\/v2\/media?parent=100532"}],"wp:term":[{"taxonomy":"product_brand","embeddable":true,"href":"https:\/\/brandss.com.py\/index\/wp-json\/wp\/v2\/product_brand?post=100532"},{"taxonomy":"product_cat","embeddable":true,"href":"https:\/\/brandss.com.py\/index\/wp-json\/wp\/v2\/product_cat?post=100532"},{"taxonomy":"product_tag","embeddable":true,"href":"https:\/\/brandss.com.py\/index\/wp-json\/wp\/v2\/product_tag?post=100532"}],"curies":[{"name":"wp","href":"https:\/\/api.w.org\/{rel}","templated":true}]}}