{"id":100543,"date":"2026-03-20T13:17:22","date_gmt":"2026-03-20T13:17:22","guid":{"rendered":"https:\/\/brandss.com.py\/index\/?post_type=product&#038;p=100543"},"modified":"2026-03-20T13:18:14","modified_gmt":"2026-03-20T13:18:14","slug":"perfume-femenino-scentology-floriental-mandarin-edp-100ml","status":"publish","type":"product","link":"https:\/\/brandss.com.py\/index\/producto\/perfume-femenino-scentology-floriental-mandarin-edp-100ml\/","title":{"rendered":"PERFUME FEMENINO SCENTOLOGY FLORIENTAL MANDARIN EDP 100ML"},"content":{"rendered":"<p><img loading=\"lazy\" decoding=\"async\" class=\"\" src=\"https:\/\/api.watsons.com.my\/medias\/Logo-Scentology-530x350.jpg?context=bWFzdGVyfGltYWdlc3wyMTQxNXxpbWFnZS9qcGVnfGFHRmtMMmd4WlM4ek1qVXhOalF3T1RVMU56QXlNaTlNYjJkdlgxTmpaVzUwYjJ4dlozbGZOVE13ZURNMU1DNXFjR2N8NzM1M2EzNDgxNjNjZWVmY2RmNzI4NGNiODczZDJiNzczY2IyNDNmNWQwOGIzNDliODkzNmE0ODgxYzVmYThjNg\" alt=\"Scentology\" width=\"98\" height=\"65\" \/><\/p>\n<h1>FLORIENTAL MANDARIN<\/h1>\n<h5 data-start=\"859\" data-end=\"943\"><em><span dir=\"auto\">Una fragancia atrevida y elegante<\/span><\/em><\/h5>\n<p data-start=\"945\" data-end=\"1171\"><span dir=\"auto\">Da rienda suelta a tu estilo personal con<\/span><span dir=\"auto\"> Floriental Mandarin Eau de Parfum<\/span><span dir=\"auto\">. Dise\u00f1ado para mujeres seguras de s\u00ed mismas que buscan profundidad y elegancia, esta fragancia combina la calidez oriental con la frescura de los c\u00edtricos y delicadas notas florales.<\/span><\/p>\n<p><img loading=\"lazy\" decoding=\"async\" class=\"alignleft\" src=\"https:\/\/m.media-amazon.com\/images\/I\/61m7dqNJj0L._AC_SL1500_.jpg\" width=\"644\" height=\"644\" \/><\/p>\n<p data-start=\"945\" data-end=\"1171\">Perfecto para el uso diario o eventos especiales, irradia una energ\u00eda luminosa que perdura durante todo el d\u00eda, reflejo del equilibrio entre la delicadeza floral y el car\u00e1cter intenso de las fragancias orientales, haciendo de esta fragancia una elecci\u00f3n ideal para mujeres modernas y seguras.<\/p>\n<p data-start=\"945\" data-end=\"1171\">\n<h3 data-start=\"945\" data-end=\"1171\">Notas Olfativas<\/h3>\n<p>&nbsp;<\/p>\n<p data-start=\"945\" data-end=\"1171\">Floriental Mandarin es un perfume vibrante que combina la frescura c\u00edtrica de la mandarina con notas florales ex\u00f3ticas, creando una fragancia sofisticada y energizante. Una exquisita combinaci\u00f3n de notas florales y orientales con un toque c\u00edtrico vibrante, dise\u00f1ada para quien busca una fragancia audaz y sofisticada.<\/p>\n<p data-start=\"945\" data-end=\"1171\">Este perfume captura la frescura revitalizante de la mandarina con la riqueza ex\u00f3tica de las flores orientales, creando un aroma envolvente que destaca en cualquier ocasi\u00f3n.<\/p>\n<p><strong>Notas de salida:<\/strong> mandarina, clementina, bergamota, pimienta rosa.<\/p>\n<p><strong>Notas de coraz\u00f3n:<\/strong> heliotropo, jazm\u00edn, rosa.<\/p>\n<p><strong>Notas de fondo:<\/strong> s\u00e1ndalo, haba tonka, vainilla.<\/p>\n","protected":false},"excerpt":{"rendered":"<p>FLORIENTAL MANDARIN Una fragancia atrevida y elegante Da rienda suelta a tu estilo personal con Floriental Mandarin Eau de Parfum.<\/p>\n","protected":false},"featured_media":100544,"comment_status":"open","ping_status":"closed","template":"","meta":{"nf_dc_page":""},"product_brand":[3204],"product_cat":[84],"product_tag":[3205],"class_list":{"0":"post-100543","1":"product","2":"type-product","3":"status-publish","4":"has-post-thumbnail","6":"product_brand-scentology","7":"product_cat-perfumeria","8":"product_tag-3205","10":"first","11":"instock","12":"shipping-taxable","13":"purchasable","14":"product-type-simple"},"_links":{"self":[{"href":"https:\/\/brandss.com.py\/index\/wp-json\/wp\/v2\/product\/100543","targetHints":{"allow":["GET"]}}],"collection":[{"href":"https:\/\/brandss.com.py\/index\/wp-json\/wp\/v2\/product"}],"about":[{"href":"https:\/\/brandss.com.py\/index\/wp-json\/wp\/v2\/types\/product"}],"replies":[{"embeddable":true,"href":"https:\/\/brandss.com.py\/index\/wp-json\/wp\/v2\/comments?post=100543"}],"version-history":[{"count":1,"href":"https:\/\/brandss.com.py\/index\/wp-json\/wp\/v2\/product\/100543\/revisions"}],"predecessor-version":[{"id":100549,"href":"https:\/\/brandss.com.py\/index\/wp-json\/wp\/v2\/product\/100543\/revisions\/100549"}],"wp:featuredmedia":[{"embeddable":true,"href":"https:\/\/brandss.com.py\/index\/wp-json\/wp\/v2\/media\/100544"}],"wp:attachment":[{"href":"https:\/\/brandss.com.py\/index\/wp-json\/wp\/v2\/media?parent=100543"}],"wp:term":[{"taxonomy":"product_brand","embeddable":true,"href":"https:\/\/brandss.com.py\/index\/wp-json\/wp\/v2\/product_brand?post=100543"},{"taxonomy":"product_cat","embeddable":true,"href":"https:\/\/brandss.com.py\/index\/wp-json\/wp\/v2\/product_cat?post=100543"},{"taxonomy":"product_tag","embeddable":true,"href":"https:\/\/brandss.com.py\/index\/wp-json\/wp\/v2\/product_tag?post=100543"}],"curies":[{"name":"wp","href":"https:\/\/api.w.org\/{rel}","templated":true}]}}