{"id":100550,"date":"2026-03-20T14:19:41","date_gmt":"2026-03-20T14:19:41","guid":{"rendered":"https:\/\/brandss.com.py\/index\/?post_type=product&#038;p=100550"},"modified":"2026-03-20T14:20:05","modified_gmt":"2026-03-20T14:20:05","slug":"perfume-femenino-mauboussin-elixir-por-elle-edp-100ml","status":"publish","type":"product","link":"https:\/\/brandss.com.py\/index\/producto\/perfume-femenino-mauboussin-elixir-por-elle-edp-100ml\/","title":{"rendered":"PERFUME FEMENINO MAUBOUSSIN ELIXIR POR ELLE EDP 100ML"},"content":{"rendered":"<p><img loading=\"lazy\" decoding=\"async\" class=\"\" src=\"https:\/\/upload.wikimedia.org\/wikipedia\/fr\/thumb\/1\/1c\/Logo_mauboussin.svg\/1280px-Logo_mauboussin.svg.png\" alt=\"PERFUME MASCULINO MAUBOUSSIN POUR LUI IN BLACK EDP 100ML - Brands\" width=\"160\" height=\"57\" \/><\/p>\n<h1>ELIXIR POR ELLE<\/h1>\n<p>La fragancia sensual, seductora y cautivadora de Mauboussin L&#8217;Elixir Pour Elle est\u00e1 dise\u00f1ada para mujeres audaces, elegantes y seguras de s\u00ed mismas. Esta composici\u00f3n de perfume se basa en motivos orientales que invitan a entregarse por completo a las emociones, los sue\u00f1os ef\u00edmeros y los deseos. Elegante y encantador, Elixir Pour Elle permite que un aire de misterio rodee a una mujer que conf\u00eda en su feminidad y juega con su sensualidad.<img loading=\"lazy\" decoding=\"async\" class=\"alignleft\" src=\"https:\/\/mauboussinparfums.com\/cdn\/shop\/files\/Elixir_a799f826-f3d8-4683-bdf4-7891c1fc4006.gif?crop=center&amp;height=700&amp;v=1699262719&amp;width=700\" width=\"449\" height=\"449\" \/><\/p>\n<p><span dir=\"auto\">Con su elegante frasco, Mauboussin Elixir Pour Elle es\u00a0<\/span><span dir=\"auto\">un perfume sofisticado e irresistible para mujer, a la vez suave e intenso<\/span><span dir=\"auto\">. Este eau de parfum es la elecci\u00f3n perfecta para quienes buscan una fragancia distintiva, delicada y audaz.<\/span><\/p>\n<p>Mauboussin revela la quintaesencia de sus facetas m\u00e1s refinadas cuando revela el Elixir Pour Elle. Se dice de este perfume que ser\u00eda un verdadero philter con cualidades m\u00e1gicas que inspirar\u00edan el amor y exaltar\u00edan su placer.<\/p>\n<p>Elegante y sorprendente, Elixir Pour Elle deja el misterio que rodea a una mujer segura de su feminidad que juega con su sensualidad.<\/p>\n<p><span dir=\"auto\">A\u00f1ade\u00a0<\/span><span dir=\"auto\">Mauboussin Elixir Pour Elle<\/span><span dir=\"auto\">\u00a0a tu colecci\u00f3n de perfumes y deja que su cautivadora estela\u00a0<\/span><span dir=\"auto\">te acompa\u00f1e durante todo el d\u00eda.<\/span><\/p>\n<p>&nbsp;<\/p>\n<h3>Notas Olfativas<\/h3>\n<p>&nbsp;<\/p>\n<p>L&#8217;Elixir Pour Elle es una fragancia oriental dulce para mujer. Lanzada en 2013 y creada por Olivier Cresp y Nathalie Lorson, esta fragancia es atractiva y llamativa. Quien la use, sin duda, dejar\u00e1 una impresi\u00f3n imborrable all\u00e1 donde vaya. Se abre con notas frutales de grosella negra, naranja y pimienta rosa. A continuaci\u00f3n, emerge un coraz\u00f3n floral intenso con aromas de jazm\u00edn, rosa e iris. Las notas de fondo son impactantes, con oud ex\u00f3tico, vainilla acogedora y pralin\u00e9 de frutos secos.<\/p>\n<p><strong>Notas de salida:<\/strong> mora, naranja, pimienta rosa.<br \/>\n<strong>Notas de coraz\u00f3n:<\/strong> iris, jazm\u00edn, rosa.<br \/>\n<strong>Notas de fondo:<\/strong> oud, pralina, vainilla.<\/p>\n","protected":false},"excerpt":{"rendered":"<p>ELIXIR POR ELLE La fragancia sensual, seductora y cautivadora de Mauboussin L&#8217;Elixir Pour Elle est\u00e1 dise\u00f1ada para mujeres audaces, elegantes<\/p>\n","protected":false},"featured_media":100552,"comment_status":"open","ping_status":"closed","template":"","meta":{"nf_dc_page":""},"product_brand":[2117],"product_cat":[84],"product_tag":[3207],"class_list":{"0":"post-100550","1":"product","2":"type-product","3":"status-publish","4":"has-post-thumbnail","6":"product_brand-mauboussin","7":"product_cat-perfumeria","8":"product_tag-3207","10":"first","11":"instock","12":"shipping-taxable","13":"purchasable","14":"product-type-simple"},"_links":{"self":[{"href":"https:\/\/brandss.com.py\/index\/wp-json\/wp\/v2\/product\/100550","targetHints":{"allow":["GET"]}}],"collection":[{"href":"https:\/\/brandss.com.py\/index\/wp-json\/wp\/v2\/product"}],"about":[{"href":"https:\/\/brandss.com.py\/index\/wp-json\/wp\/v2\/types\/product"}],"replies":[{"embeddable":true,"href":"https:\/\/brandss.com.py\/index\/wp-json\/wp\/v2\/comments?post=100550"}],"version-history":[{"count":1,"href":"https:\/\/brandss.com.py\/index\/wp-json\/wp\/v2\/product\/100550\/revisions"}],"predecessor-version":[{"id":100557,"href":"https:\/\/brandss.com.py\/index\/wp-json\/wp\/v2\/product\/100550\/revisions\/100557"}],"wp:featuredmedia":[{"embeddable":true,"href":"https:\/\/brandss.com.py\/index\/wp-json\/wp\/v2\/media\/100552"}],"wp:attachment":[{"href":"https:\/\/brandss.com.py\/index\/wp-json\/wp\/v2\/media?parent=100550"}],"wp:term":[{"taxonomy":"product_brand","embeddable":true,"href":"https:\/\/brandss.com.py\/index\/wp-json\/wp\/v2\/product_brand?post=100550"},{"taxonomy":"product_cat","embeddable":true,"href":"https:\/\/brandss.com.py\/index\/wp-json\/wp\/v2\/product_cat?post=100550"},{"taxonomy":"product_tag","embeddable":true,"href":"https:\/\/brandss.com.py\/index\/wp-json\/wp\/v2\/product_tag?post=100550"}],"curies":[{"name":"wp","href":"https:\/\/api.w.org\/{rel}","templated":true}]}}