{"id":100558,"date":"2026-03-20T14:45:17","date_gmt":"2026-03-20T14:45:17","guid":{"rendered":"https:\/\/brandss.com.py\/index\/?post_type=product&#038;p=100558"},"modified":"2026-03-20T14:45:36","modified_gmt":"2026-03-20T14:45:36","slug":"perfume-unisex-armaf-eter-perfume-oasis-edp-100ml","status":"publish","type":"product","link":"https:\/\/brandss.com.py\/index\/producto\/perfume-unisex-armaf-eter-perfume-oasis-edp-100ml\/","title":{"rendered":"PERFUME UNISEX ARMAF ETER PERFUME OASIS EDP 100ML"},"content":{"rendered":"<p><img loading=\"lazy\" decoding=\"async\" class=\"\" src=\"https:\/\/vectorseek.com\/wp-content\/uploads\/2023\/12\/ARMAF-Logo-Vector.svg--300x300.png\" alt=\"PERFUME UNISEX ARMAF CLUB DE NUIT UNTOLD EDP 200ML \u2013 Brands\" width=\"101\" height=\"101\" \/><\/p>\n<h1>ETER PERFUME OASIS<\/h1>\n<p><em><strong><span dir=\"auto\">Una fragancia tropical que trasciende las estaciones<\/span><\/strong><\/em><\/p>\n<p>Descubre el oasis perfecto con Eter Perfume Oasis. Disfruta de su fragancia floral frutal, ideal tanto para mujeres como para hombres. Creada con precisi\u00f3n y maestr\u00eda, esta nueva fragancia te transportar\u00e1 a un mundo de puro placer. Vive el lujo de Eter Perfume Oasis hoy mismo.<img loading=\"lazy\" decoding=\"async\" class=\"alignleft\" src=\"https:\/\/www.bjutip.com\/image\/cache\/catalog\/Perfumes\/Unisex\/6294015176100_4-800x800.jpg\" width=\"605\" height=\"605\" \/><\/p>\n<p>Un refugio olfativo donde la exuberancia frutal se encuentra con la serenidad de las maderas nobles.\u00a0Eter Oasis\u00a0es un viaje desde los jardines frutales bajo el sol hasta el santuario \u00edntimo de un bosque de oud, capturando el equilibrio perfecto entre vitalidad y calma.<\/p>\n<p>&nbsp;<\/p>\n<h3>Notas Olfativas<\/h3>\n<p>&nbsp;<\/p>\n<p><span dir=\"auto\">\u00c9ter Perfume Oasis\u00a0EDP Spray, una lujosa\u00a0fragancia unisex de 100 ml dise\u00f1ada tanto para hombre como para mujer. Lanzada en 2024, esta refinada fragancia forma parte de la colecci\u00f3n premium de Armaf, creada para cautivar y dejar una huella imborrable. <\/span><\/p>\n<p><span dir=\"auto\">Perfume Oasis pertenece a la\u00a0<\/span><span dir=\"auto\">familia olfativa Floral Frutal<\/span><span dir=\"auto\">, ofreciendo una experiencia sensorial vibrante y estimulante. Se <\/span><span dir=\"auto\">abre<\/span><span dir=\"auto\"> con una refrescante explosi\u00f3n de\u00a0<\/span><span dir=\"auto\">pi\u00f1a<\/span><span dir=\"auto\">,\u00a0<\/span><span dir=\"auto\">bergamota<\/span><span dir=\"auto\">,\u00a0<\/span><span dir=\"auto\">melocot\u00f3n<\/span><span dir=\"auto\">,\u00a0<\/span><span dir=\"auto\">pera<\/span><span dir=\"auto\">\u00a0y\u00a0<\/span><span dir=\"auto\">ciruela<\/span><span dir=\"auto\">, brindando una introducci\u00f3n dulce y jugosa que cautiva al instante. <\/span><\/p>\n<p><span dir=\"auto\">En su\u00a0<\/span><span dir=\"auto\">esencia<\/span><span dir=\"auto\">, una elegante composici\u00f3n de <\/span><span dir=\"auto\">madera de cachemir<\/span><span dir=\"auto\">,\u00a0<\/span><span dir=\"auto\">hojas de violeta<\/span><span dir=\"auto\">,\u00a0<\/span><span dir=\"auto\">jazm\u00edn<\/span><span dir=\"auto\">\u00a0y\u00a0<\/span><span dir=\"auto\">fresia<\/span><span dir=\"auto\">\u00a0a\u00f1ade una delicada sofisticaci\u00f3n floral, que refleja pura feminidad y encanto.<\/span><\/p>\n<p><span dir=\"auto\">La fragancia\u00a0<\/span><span dir=\"auto\">culmina<\/span><span dir=\"auto\">\u00a0con una suave y sensual mezcla de\u00a0\u00a0<\/span><span dir=\"auto\">s\u00e1ndalo<\/span><span dir=\"auto\">,\u00a0<\/span><span dir=\"auto\">madera de agar<\/span><span dir=\"auto\">,\u00a0<\/span><span dir=\"auto\">vainilla<\/span><span dir=\"auto\">,\u00a0<\/span><span dir=\"auto\">\u00e1mbar<\/span><span dir=\"auto\">\u00a0y\u00a0<\/span><span dir=\"auto\">almizcle<\/span><span dir=\"auto\">, dejando una estela c\u00e1lida y cremosa que perdura maravillosamente en la piel.<\/span><\/p>\n<p>&nbsp;<\/p>\n<ul>\n<li><strong><span dir=\"auto\">Notas de salida:<\/span><\/strong><span dir=\"auto\"> pi\u00f1a, bergamota, melocot\u00f3n, pera, ciruela.<\/span><\/li>\n<li><strong><span dir=\"auto\">Notas de coraz\u00f3n:<\/span><\/strong><span dir=\"auto\"> madera de cachemira, hojas de violeta, jazm\u00edn, fresia.<\/span><\/li>\n<li><strong><span dir=\"auto\">Notas de fondo:<\/span><\/strong><span dir=\"auto\"> s\u00e1ndalo, madera de agar, vainilla, \u00e1mbar, almizcle.<\/span><\/li>\n<\/ul>\n","protected":false},"excerpt":{"rendered":"<p>ETER PERFUME OASIS Una fragancia tropical que trasciende las estaciones Descubre el oasis perfecto con Eter Perfume Oasis. Disfruta de<\/p>\n","protected":false},"featured_media":100559,"comment_status":"open","ping_status":"closed","template":"","meta":{"nf_dc_page":""},"product_brand":[106],"product_cat":[84],"product_tag":[3208],"class_list":{"0":"post-100558","1":"product","2":"type-product","3":"status-publish","4":"has-post-thumbnail","6":"product_brand-armaf","7":"product_cat-perfumeria","8":"product_tag-3208","10":"first","11":"instock","12":"shipping-taxable","13":"purchasable","14":"product-type-simple"},"_links":{"self":[{"href":"https:\/\/brandss.com.py\/index\/wp-json\/wp\/v2\/product\/100558","targetHints":{"allow":["GET"]}}],"collection":[{"href":"https:\/\/brandss.com.py\/index\/wp-json\/wp\/v2\/product"}],"about":[{"href":"https:\/\/brandss.com.py\/index\/wp-json\/wp\/v2\/types\/product"}],"replies":[{"embeddable":true,"href":"https:\/\/brandss.com.py\/index\/wp-json\/wp\/v2\/comments?post=100558"}],"version-history":[{"count":1,"href":"https:\/\/brandss.com.py\/index\/wp-json\/wp\/v2\/product\/100558\/revisions"}],"predecessor-version":[{"id":100564,"href":"https:\/\/brandss.com.py\/index\/wp-json\/wp\/v2\/product\/100558\/revisions\/100564"}],"wp:featuredmedia":[{"embeddable":true,"href":"https:\/\/brandss.com.py\/index\/wp-json\/wp\/v2\/media\/100559"}],"wp:attachment":[{"href":"https:\/\/brandss.com.py\/index\/wp-json\/wp\/v2\/media?parent=100558"}],"wp:term":[{"taxonomy":"product_brand","embeddable":true,"href":"https:\/\/brandss.com.py\/index\/wp-json\/wp\/v2\/product_brand?post=100558"},{"taxonomy":"product_cat","embeddable":true,"href":"https:\/\/brandss.com.py\/index\/wp-json\/wp\/v2\/product_cat?post=100558"},{"taxonomy":"product_tag","embeddable":true,"href":"https:\/\/brandss.com.py\/index\/wp-json\/wp\/v2\/product_tag?post=100558"}],"curies":[{"name":"wp","href":"https:\/\/api.w.org\/{rel}","templated":true}]}}