{"id":100565,"date":"2026-03-20T16:32:07","date_gmt":"2026-03-20T16:32:07","guid":{"rendered":"https:\/\/brandss.com.py\/index\/?post_type=product&#038;p=100565"},"modified":"2026-03-20T16:32:30","modified_gmt":"2026-03-20T16:32:30","slug":"perfume-unisex-armaf-eter-desert-night-edp-100ml","status":"publish","type":"product","link":"https:\/\/brandss.com.py\/index\/producto\/perfume-unisex-armaf-eter-desert-night-edp-100ml\/","title":{"rendered":"PERFUME UNISEX ARMAF ETER DESERT NIGHT EDP 100ML"},"content":{"rendered":"<p><img loading=\"lazy\" decoding=\"async\" class=\"\" src=\"https:\/\/vectorseek.com\/wp-content\/uploads\/2023\/12\/ARMAF-Logo-Vector.svg--300x300.png\" alt=\"PERFUME UNISEX ARMAF CLUB DE NUIT UNTOLD EDP 200ML \u2013 Brands\" width=\"100\" height=\"100\" \/><\/p>\n<h1>ETER DESERT NIGHT<\/h1>\n<p><em><strong><span dir=\"auto\">Una fragancia adictiva que hace vibrar los sentidos<\/span><\/strong><\/em><\/p>\n<p>Descubre el encanto m\u00edstico del desierto con Eter Desert Night. Esta fragancia oriental amaderada es perfecta tanto para hombres como para mujeres, evocando una sensaci\u00f3n de calidez y misterio. Deja que su cautivadora mezcla de aromas te transporte a un oasis de ensue\u00f1o.<img loading=\"lazy\" decoding=\"async\" class=\"alignleft\" src=\"https:\/\/http2.mlstatic.com\/D_NQ_NP_2X_853393-MLA92845884087_092025-F.webp\" width=\"645\" height=\"645\" \/><\/p>\n<p>Una traves\u00eda olfativa bajo el cielo estrellado del desierto.\u00a0Desert Night\u00a0captura la esencia de la noche en las dunas: el calor residual del d\u00eda, el frescor de la brisa nocturna y el misterio de las sombras. Una mezcla de calidez especiada, resinas sagradas y maderas nobles que evoca la magia de lo infinito.<\/p>\n<p>Desert Night irradia una sensaci\u00f3n de elegancia y encanto atemporales.<\/p>\n<p>&nbsp;<\/p>\n<h3>Notas Olfativas<\/h3>\n<p>&nbsp;<\/p>\n<p>Desert Night es una fragancia cautivadora que transporta tus sentidos a una velada m\u00e1gica bajo las estrellas, perteneciente a la familia de fragancias Amber Woody. Lanzado en 2024, este Eau de Parfum es una combinaci\u00f3n perfecta de elegancia y misterio, ideal tanto para hombres como para mujeres.<\/p>\n<p>Desert Night comienza con una deliciosa explosi\u00f3n de pimienta rosa, aceite de naranja y ol\u00edbano, creando un comienzo atractivo y vigorizante. A medida que se desarrolla la fragancia, el coraz\u00f3n revela una nota c\u00e1lida y especiada de canela, que a\u00f1ade profundidad y riqueza a la composici\u00f3n. Las notas de fondo son una lujosa mezcla de s\u00e1ndalo, haba tonka, pachul\u00ed, madera de cedro, cuero y \u00e1mbar, que brindan un acabado duradero y sofisticado.<\/p>\n<p><strong>Notas de salida:<\/strong> aceite de naranja, incienso de ol\u00edbano (franquincienso), pimienta rosa.<br \/>\n<strong>Nota de coraz\u00f3n:<\/strong> canela de ceil\u00e1n.<br \/>\n<strong>Notas de fondo:<\/strong> cuero, cedro, s\u00e1ndalo, pachul\u00ed, \u00e1mbar, haba tonka.<\/p>\n<p>&nbsp;<\/p>\n","protected":false},"excerpt":{"rendered":"<p>ETER DESERT NIGHT Una fragancia adictiva que hace vibrar los sentidos Descubre el encanto m\u00edstico del desierto con Eter Desert<\/p>\n","protected":false},"featured_media":100566,"comment_status":"open","ping_status":"closed","template":"","meta":{"nf_dc_page":""},"product_brand":[106],"product_cat":[84],"product_tag":[3209],"class_list":{"0":"post-100565","1":"product","2":"type-product","3":"status-publish","4":"has-post-thumbnail","6":"product_brand-armaf","7":"product_cat-perfumeria","8":"product_tag-3209","10":"first","11":"instock","12":"shipping-taxable","13":"purchasable","14":"product-type-simple"},"_links":{"self":[{"href":"https:\/\/brandss.com.py\/index\/wp-json\/wp\/v2\/product\/100565","targetHints":{"allow":["GET"]}}],"collection":[{"href":"https:\/\/brandss.com.py\/index\/wp-json\/wp\/v2\/product"}],"about":[{"href":"https:\/\/brandss.com.py\/index\/wp-json\/wp\/v2\/types\/product"}],"replies":[{"embeddable":true,"href":"https:\/\/brandss.com.py\/index\/wp-json\/wp\/v2\/comments?post=100565"}],"version-history":[{"count":1,"href":"https:\/\/brandss.com.py\/index\/wp-json\/wp\/v2\/product\/100565\/revisions"}],"predecessor-version":[{"id":100570,"href":"https:\/\/brandss.com.py\/index\/wp-json\/wp\/v2\/product\/100565\/revisions\/100570"}],"wp:featuredmedia":[{"embeddable":true,"href":"https:\/\/brandss.com.py\/index\/wp-json\/wp\/v2\/media\/100566"}],"wp:attachment":[{"href":"https:\/\/brandss.com.py\/index\/wp-json\/wp\/v2\/media?parent=100565"}],"wp:term":[{"taxonomy":"product_brand","embeddable":true,"href":"https:\/\/brandss.com.py\/index\/wp-json\/wp\/v2\/product_brand?post=100565"},{"taxonomy":"product_cat","embeddable":true,"href":"https:\/\/brandss.com.py\/index\/wp-json\/wp\/v2\/product_cat?post=100565"},{"taxonomy":"product_tag","embeddable":true,"href":"https:\/\/brandss.com.py\/index\/wp-json\/wp\/v2\/product_tag?post=100565"}],"curies":[{"name":"wp","href":"https:\/\/api.w.org\/{rel}","templated":true}]}}