{"id":100584,"date":"2026-03-20T17:58:02","date_gmt":"2026-03-20T17:58:02","guid":{"rendered":"https:\/\/brandss.com.py\/index\/?post_type=product&#038;p=100584"},"modified":"2026-04-09T10:44:20","modified_gmt":"2026-04-09T10:44:20","slug":"perfume-masculino-armaf-club-de-nuit-lionheart-man-edp-100ml","status":"publish","type":"product","link":"https:\/\/brandss.com.py\/index\/producto\/perfume-masculino-armaf-club-de-nuit-lionheart-man-edp-100ml\/","title":{"rendered":"PERFUME MASCULINO ARMAF CLUB DE NUIT LIONHEART MAN EDP 100ML"},"content":{"rendered":"<p><img loading=\"lazy\" decoding=\"async\" class=\"\" src=\"https:\/\/vectorseek.com\/wp-content\/uploads\/2023\/12\/ARMAF-Logo-Vector.svg--300x300.png\" alt=\"PERFUME UNISEX ARMAF CLUB DE NUIT UNTOLD EDP 200ML \u2013 Brands\" width=\"93\" height=\"93\" \/><\/p>\n<h1>CLUB DE NUIT LIONHEART MAN<\/h1>\n<p><em><strong>Una fragancia atrevida y cautivadora para el hombre moderno<\/strong><\/em><\/p>\n<p>Es una fragancia dise\u00f1ada para encarnar la fuerza, la confianza y el carisma del hombre moderno. Esta cautivadora fragancia es una sinfon\u00eda de notas frescas, especiadas y amaderadas, creando, una experiencia olfativa vigorizante y duradera.<img loading=\"lazy\" decoding=\"async\" class=\"alignleft\" src=\"https:\/\/www.intenseoud.com\/cdn\/shop\/files\/5_6efc0ff0-8df2-4525-8650-4958c039708b.webp?v=1750793458\" width=\"706\" height=\"706\" \/><\/p>\n<p>Lionheart Man es una fragancia que irradia confianza y sofisticaci\u00f3n. Su magistral combinaci\u00f3n de notas crea una experiencia olfativa poderosa e inolvidable.<\/p>\n<p>Lionheart Man es m\u00e1s que un simple perfume; es una expresi\u00f3n olfativa de poder y seducci\u00f3n. La armoniosa combinaci\u00f3n de notas frescas, especiadas y amaderadas crea una fragancia sofisticada y atractiva, perfecta para el hombre que busca dejar una huella imborrable.<\/p>\n<p>&nbsp;<\/p>\n<h3>Notas Olfativas<\/h3>\n<p>&nbsp;<\/p>\n<p>Club De Nuit Lionheart Man de Armaf es una fragancia de la familia olfativa Oriental Foug\u00e8re para Hombres. <span dir=\"auto\">Esta fragancia se inicia con una refrescante explosi\u00f3n de lavanda y menta, ofreciendo una apertura arom\u00e1tica y ligeramente fresca que despierta los sentidos al instante. A medida que se desarrolla, el coraz\u00f3n revela la rica y resinosa calidez del benju\u00ed, fusionada a la perfecci\u00f3n con la suave vainilla, que aporta profundidad y una dulzura reconfortante.<\/span><\/p>\n<p><span dir=\"auto\">En su base, una sensual mezcla de tabaco, miel y vainilla crea un aroma lujoso y duradero, c\u00e1lido, dulce y ligeramente ahumado, con un toque de riqueza dorada. Perfecto para quienes aman una fragancia intensa y acogedora con un refinado equilibrio entre frescura, dulzura y profundidad.<\/span><\/p>\n<p><strong><span dir=\"auto\">Notas de salida:<\/span><\/strong><span dir=\"auto\">\u00a0lavanda, menta.<\/span><br \/>\n<strong><span dir=\"auto\">Notas de coraz\u00f3n:<\/span><\/strong><span dir=\"auto\">\u00a0benju\u00ed, vainilla.<\/span><br \/>\n<strong><span dir=\"auto\">Notas de fondo:<\/span><\/strong><span dir=\"auto\">\u00a0tabaco, miel, vainilla.<\/span><\/p>\n","protected":false},"excerpt":{"rendered":"<p>CLUB DE NUIT LIONHEART MAN Una fragancia atrevida y cautivadora para el hombre moderno Es una fragancia dise\u00f1ada para encarnar<\/p>\n","protected":false},"featured_media":100585,"comment_status":"open","ping_status":"closed","template":"","meta":{"nf_dc_page":""},"product_brand":[106],"product_cat":[84],"product_tag":[3212],"class_list":{"0":"post-100584","1":"product","2":"type-product","3":"status-publish","4":"has-post-thumbnail","6":"product_brand-armaf","7":"product_cat-perfumeria","8":"product_tag-3212","10":"first","11":"instock","12":"shipping-taxable","13":"purchasable","14":"product-type-simple"},"_links":{"self":[{"href":"https:\/\/brandss.com.py\/index\/wp-json\/wp\/v2\/product\/100584","targetHints":{"allow":["GET"]}}],"collection":[{"href":"https:\/\/brandss.com.py\/index\/wp-json\/wp\/v2\/product"}],"about":[{"href":"https:\/\/brandss.com.py\/index\/wp-json\/wp\/v2\/types\/product"}],"replies":[{"embeddable":true,"href":"https:\/\/brandss.com.py\/index\/wp-json\/wp\/v2\/comments?post=100584"}],"version-history":[{"count":1,"href":"https:\/\/brandss.com.py\/index\/wp-json\/wp\/v2\/product\/100584\/revisions"}],"predecessor-version":[{"id":100591,"href":"https:\/\/brandss.com.py\/index\/wp-json\/wp\/v2\/product\/100584\/revisions\/100591"}],"wp:featuredmedia":[{"embeddable":true,"href":"https:\/\/brandss.com.py\/index\/wp-json\/wp\/v2\/media\/100585"}],"wp:attachment":[{"href":"https:\/\/brandss.com.py\/index\/wp-json\/wp\/v2\/media?parent=100584"}],"wp:term":[{"taxonomy":"product_brand","embeddable":true,"href":"https:\/\/brandss.com.py\/index\/wp-json\/wp\/v2\/product_brand?post=100584"},{"taxonomy":"product_cat","embeddable":true,"href":"https:\/\/brandss.com.py\/index\/wp-json\/wp\/v2\/product_cat?post=100584"},{"taxonomy":"product_tag","embeddable":true,"href":"https:\/\/brandss.com.py\/index\/wp-json\/wp\/v2\/product_tag?post=100584"}],"curies":[{"name":"wp","href":"https:\/\/api.w.org\/{rel}","templated":true}]}}