{"id":100592,"date":"2026-03-20T18:31:09","date_gmt":"2026-03-20T18:31:09","guid":{"rendered":"https:\/\/brandss.com.py\/index\/?post_type=product&#038;p=100592"},"modified":"2026-03-20T18:31:29","modified_gmt":"2026-03-20T18:31:29","slug":"perfume-unisex-french-avenue-vulcan-baie-edp-100ml","status":"publish","type":"product","link":"https:\/\/brandss.com.py\/index\/producto\/perfume-unisex-french-avenue-vulcan-baie-edp-100ml\/","title":{"rendered":"PERFUME UNISEX FRENCH AVENUE VULCAN BAIE EDP 100ML"},"content":{"rendered":"<p><img loading=\"lazy\" decoding=\"async\" class=\"\" src=\"https:\/\/dubai-rose.eu\/cdn\/shop\/collections\/french_avenue_2_275c22c9-900e-4578-b1b9-bd41520b0d0b.png?v=1748621098\" alt=\"French Avenue \u2013 Dubai Rose\" width=\"146\" height=\"125\" \/><\/p>\n<h1>VULCAN BAIE<\/h1>\n<p><em><strong>Una fragancia vibrante, afrutada y aut\u00e9nticamente moderna para personalidades audaces<\/strong><\/em><\/p>\n<p>La ambici\u00f3n de\u00a0Vulcan Baie se basa en un sutil equilibrio entre frescura y profundidad, aunando los refinados c\u00f3digos de la\u00a0familia floral\u00a0y\u00a0familia afrutada. Este\u00a0fragancia unisex una creaci\u00f3n reciente lanzada en 2025, se distingue por su seductora composici\u00f3n, dise\u00f1ada para acompa\u00f1ar tanto a mujeres como a hombres en sus exploraciones olfativas. A trav\u00e9s de su sofisticada pir\u00e1mide arom\u00e1tica de notas altas\u00a0a la\u00a0notas de coraz\u00f3n\u00a0e incluso\u00a0notas de fondo envolvente. Vulcan Baie es una oda a la creatividad y a los ingredientes naturales.<img loading=\"lazy\" decoding=\"async\" class=\"alignleft\" src=\"https:\/\/www.bjutip.com\/image\/cache\/catalog\/Perfumes\/Unisex\/6298042000926_2-800x800.jpg\" width=\"694\" height=\"694\" \/><\/p>\n<p>En el paisaje de la perfumer\u00eda contempor\u00e1nea,\u00a0Vulcan Baie es una experiencia que trasciende los g\u00e9neros e invita a la expresi\u00f3n personal. Su firma\u00a0floral afrutado\u00a0permite a cada cual afirmar su personalidad con elegancia y originalidad.<\/p>\n<p>La estructura compleja pero equilibrada de Vulcan Baie la convierte en una fragancia para todas las estaciones, ofreciendo una luminosidad refrescante para la primavera y el verano, y una calidez amaderada perfecta para el oto\u00f1o y el invierno. Elaborada con ingredientes naturales de alta calidad, destaca en el mundo de la perfumer\u00eda unisex por su personalidad decidida y su car\u00e1cter evolutivo en la piel. Vers\u00e1til, refinada y distintiva, est\u00e1 dise\u00f1ada para hombres y mujeres que buscan una fragancia tan expresiva y multifac\u00e9tica como ellos mismos.<\/p>\n<p>&nbsp;<\/p>\n<h3>Notas Olfativas<\/h3>\n<p>&nbsp;<\/p>\n<p><span dir=\"auto\">Vulcan Baie <\/span><span dir=\"auto\">es una\u00a0<\/span><span dir=\"auto\">fragancia unisex<\/span><span dir=\"auto\">\u00a0audaz que combina armoniosamente frescura y profundidad. Inspirada en las\u00a0<\/span><span dir=\"auto\">familias florales y frutales<\/span><span dir=\"auto\">, ofrece una composici\u00f3n refinada que trasciende el g\u00e9nero, invitando a quienes la usan a expresar su individualidad con elegancia.<\/span><\/p>\n<p><span dir=\"auto\">Desde la primera pulverizaci\u00f3n, se <\/span><span dir=\"auto\">abre<\/span><span dir=\"auto\">\u00a0con una explosi\u00f3n vibrante de\u00a0\u00a0<\/span><span dir=\"auto\">grosella negra<\/span><span dir=\"auto\">,\u00a0<\/span><span dir=\"auto\">mora<\/span><span dir=\"auto\">,\u00a0<\/span><span dir=\"auto\">bergamota<\/span><span dir=\"auto\">\u00a0y\u00a0<\/span><span dir=\"auto\">romero <\/span><span dir=\"auto\">una mezcla vigorizante de dulzura frutal y brillo arom\u00e1tico que marca la pauta para la sofisticada evoluci\u00f3n de la fragancia.<\/span><\/p>\n<p><span dir=\"auto\">A medida que se desarrolla, el\u00a0<\/span><span dir=\"auto\">coraz\u00f3n<\/span><span dir=\"auto\">\u00a0revela una fusi\u00f3n \u00fanica de\u00a0\u00a0<\/span><span dir=\"auto\">frambuesa<\/span><span dir=\"auto\">,\u00a0<\/span><span dir=\"auto\">vodka<\/span><span dir=\"auto\">,\u00a0<\/span><span dir=\"auto\">lirio del valle<\/span><span dir=\"auto\">\u00a0y\u00a0<\/span><span dir=\"auto\">albahaca<\/span><span dir=\"auto\">. Esta combinaci\u00f3n aporta contraste e intriga: notas florales frescas y verdes entrelazadas con sutiles toques gourmand y una claridad cristalina gracias al acorde de vodka. La fragancia se asienta entonces en una\u00a0<\/span><span dir=\"auto\">base<\/span><span dir=\"auto\">\u00a0c\u00e1lida y envolvente de\u00a0\u00a0<\/span><span dir=\"auto\">melocot\u00f3n<\/span><span dir=\"auto\">,\u00a0<\/span><span dir=\"auto\">s\u00e1ndalo<\/span><span dir=\"auto\">,\u00a0<\/span><span dir=\"auto\">incienso<\/span><span dir=\"auto\">,\u00a0<\/span><span dir=\"auto\">\u00e1mbar<\/span><span dir=\"auto\">,\u00a0<\/span><span dir=\"auto\">pachul\u00ed<\/span><span dir=\"auto\">\u00a0y\u00a0<\/span><span dir=\"auto\">almizcle<\/span><span dir=\"auto\">, dejando una estela sedosa y duradera que equilibra la fruta madura con maderas suaves.<\/span><\/p>\n<ul>\n<li><b><span dir=\"auto\">Notas de salida:<\/span><\/b><span dir=\"auto\"> grosella negra, mora, bergamota, romero.<\/span><\/li>\n<li><b><span dir=\"auto\">Notas de coraz\u00f3n:<\/span><\/b><span dir=\"auto\"> frambuesa, vodka, lirio del valle, albahaca.<\/span><\/li>\n<li><b><span dir=\"auto\">Notas de fondo:<\/span><\/b><span dir=\"auto\"> melocot\u00f3n, s\u00e1ndalo, incienso, \u00e1mbar, pachul\u00ed, almizcle.<\/span><\/li>\n<\/ul>\n","protected":false},"excerpt":{"rendered":"<p>VULCAN BAIE Una fragancia vibrante, afrutada y aut\u00e9nticamente moderna para personalidades audaces La ambici\u00f3n de\u00a0Vulcan Baie se basa en un<\/p>\n","protected":false},"featured_media":100593,"comment_status":"open","ping_status":"closed","template":"","meta":{"nf_dc_page":""},"product_brand":[112],"product_cat":[84],"product_tag":[3213],"class_list":{"0":"post-100592","1":"product","2":"type-product","3":"status-publish","4":"has-post-thumbnail","6":"product_brand-french-avenue","7":"product_cat-perfumeria","8":"product_tag-3213","10":"first","11":"instock","12":"shipping-taxable","13":"purchasable","14":"product-type-simple"},"_links":{"self":[{"href":"https:\/\/brandss.com.py\/index\/wp-json\/wp\/v2\/product\/100592","targetHints":{"allow":["GET"]}}],"collection":[{"href":"https:\/\/brandss.com.py\/index\/wp-json\/wp\/v2\/product"}],"about":[{"href":"https:\/\/brandss.com.py\/index\/wp-json\/wp\/v2\/types\/product"}],"replies":[{"embeddable":true,"href":"https:\/\/brandss.com.py\/index\/wp-json\/wp\/v2\/comments?post=100592"}],"version-history":[{"count":1,"href":"https:\/\/brandss.com.py\/index\/wp-json\/wp\/v2\/product\/100592\/revisions"}],"predecessor-version":[{"id":100597,"href":"https:\/\/brandss.com.py\/index\/wp-json\/wp\/v2\/product\/100592\/revisions\/100597"}],"wp:featuredmedia":[{"embeddable":true,"href":"https:\/\/brandss.com.py\/index\/wp-json\/wp\/v2\/media\/100593"}],"wp:attachment":[{"href":"https:\/\/brandss.com.py\/index\/wp-json\/wp\/v2\/media?parent=100592"}],"wp:term":[{"taxonomy":"product_brand","embeddable":true,"href":"https:\/\/brandss.com.py\/index\/wp-json\/wp\/v2\/product_brand?post=100592"},{"taxonomy":"product_cat","embeddable":true,"href":"https:\/\/brandss.com.py\/index\/wp-json\/wp\/v2\/product_cat?post=100592"},{"taxonomy":"product_tag","embeddable":true,"href":"https:\/\/brandss.com.py\/index\/wp-json\/wp\/v2\/product_tag?post=100592"}],"curies":[{"name":"wp","href":"https:\/\/api.w.org\/{rel}","templated":true}]}}