{"id":100598,"date":"2026-03-20T18:57:36","date_gmt":"2026-03-20T18:57:36","guid":{"rendered":"https:\/\/brandss.com.py\/index\/?post_type=product&#038;p=100598"},"modified":"2026-03-20T18:57:57","modified_gmt":"2026-03-20T18:57:57","slug":"perfume-unisex-french-avenue-vulcan-black-friday-edp-100ml","status":"publish","type":"product","link":"https:\/\/brandss.com.py\/index\/producto\/perfume-unisex-french-avenue-vulcan-black-friday-edp-100ml\/","title":{"rendered":"PERFUME UNISEX FRENCH AVENUE VULCAN BLACK FRIDAY EDP 100ML"},"content":{"rendered":"<p><img loading=\"lazy\" decoding=\"async\" class=\"\" src=\"https:\/\/dubai-rose.eu\/cdn\/shop\/collections\/french_avenue_2_275c22c9-900e-4578-b1b9-bd41520b0d0b.png?v=1748621098\" alt=\"French Avenue \u2013 Dubai Rose\" width=\"80\" height=\"68\" \/><\/p>\n<h1>VULCAN BLACK FRIDAY<\/h1>\n<h5><em>Una fragancia atrevida, misteriosa y cautivadora para quienes buscan destacar<\/em><\/h5>\n<p>Es una fragancia intensa y magn\u00e9tica, creada para quienes se atreven a encarnar la fuerza, la sofisticaci\u00f3n y un encanto atemporal. Esta fragancia de edici\u00f3n limitada irradia poder y confianza, equilibrando a la perfecci\u00f3n la calidez ardiente con profundos matices sensuales: una verdadera obra maestra de la exclusiva colecci\u00f3n de perfumes de French Avenue.<img decoding=\"async\" class=\"alignleft\" src=\"https:\/\/acdn-us.mitiendanube.com\/stores\/003\/226\/824\/products\/copia-de-6295199801116-2025-12-17t122533-564-b1a0d67e2084b81b5d17659853869551-1024-1024.webp\" \/><\/p>\n<p>Vulcan Black Friday Edition es m\u00e1s que una fragancia: es una experiencia de poder, misterio y seducci\u00f3n. Dise\u00f1ado para quienes inspiran respeto y admiraci\u00f3n, este perfume encarna el esp\u00edritu ardiente de Vulcano, dejando una huella imborrable all\u00e1 donde vayas. Una fragancia imprescindible para coleccionistas que aprecian la intensidad, la exclusividad y la elegancia.<\/p>\n<p>&nbsp;<\/p>\n<h3>Notas Olfativas<\/h3>\n<p>&nbsp;<\/p>\n<div>\n<p><span class=\"notranslate\">Vulcan Black Friday<\/span> es una fragancia unisex que combina la calidez de las especias, la riqueza del cuero y la profundidad de la tierra. El aroma se abre con una intrigante combinaci\u00f3n de frescura y especias, para luego dar paso a un coraz\u00f3n sensual y, al final, dejar una estela duradera, misteriosa y elegante. Es una fragancia que irradia confianza, fuerza y \u200b\u200bun car\u00e1cter refinado.<\/p>\n<\/div>\n<div>\n<p>La fragancia se abre con expresivas notas\u00a0de azafr\u00e1n,\u00a0manzana\u00a0y\u00a0canela. El azafr\u00e1n aporta un sutil toque de lujo, la manzana aporta una frescura refrescante y ligeramente dulce, y la canela envuelve con calidez y un ligero toque picante. Es una entrada en\u00e9rgica y cautivadora que atrapa la mirada de inmediato.<\/p>\n<\/div>\n<div>\n<p>Las notas de coraz\u00f3n revelan un rico\u00a0cuero\u00a0y una elegante\u00a0rosa. El cuero aporta a la composici\u00f3n una sensaci\u00f3n de fuerza, car\u00e1cter y un toque de lujo ligeramente ahumado, mientras que la rosa aporta una sutil sofisticaci\u00f3n y un suave contraste. Esta combinaci\u00f3n crea un equilibrio armonioso entre rigor y sensualidad.<\/p>\n<\/div>\n<div>\n<p>Las notas de fondo son ricas en\u00a0pachul\u00ed,\u00a0musgo,\u00a0almizcle\u00a0y\u00a0papiro. El pachul\u00ed y el musgo aportan una sensaci\u00f3n terrosa y ligeramente h\u00fameda de bosque, el almizcle envuelve con una suave calidez y el papiro aporta una textura seca y elegante. Es una estela expresiva, profunda y duradera.<\/p>\n<\/div>\n<div>\n<ul>\n<li><strong>Notas de salida:<\/strong>\u00a0azafr\u00e1n, manzana, canela.<\/li>\n<li><strong>Notas de coraz\u00f3n:<\/strong>\u00a0cuero, rosa.<\/li>\n<li><strong>Notas de fondo:<\/strong>\u00a0pachul\u00ed, musgo, almizcle, papiro.<\/li>\n<\/ul>\n<\/div>\n","protected":false},"excerpt":{"rendered":"<p>VULCAN BLACK FRIDAY Una fragancia atrevida, misteriosa y cautivadora para quienes buscan destacar Es una fragancia intensa y magn\u00e9tica, creada<\/p>\n","protected":false},"featured_media":100599,"comment_status":"open","ping_status":"closed","template":"","meta":{"nf_dc_page":""},"product_brand":[112],"product_cat":[84],"product_tag":[3214],"class_list":{"0":"post-100598","1":"product","2":"type-product","3":"status-publish","4":"has-post-thumbnail","6":"product_brand-french-avenue","7":"product_cat-perfumeria","8":"product_tag-3214","10":"first","11":"instock","12":"shipping-taxable","13":"purchasable","14":"product-type-simple"},"_links":{"self":[{"href":"https:\/\/brandss.com.py\/index\/wp-json\/wp\/v2\/product\/100598","targetHints":{"allow":["GET"]}}],"collection":[{"href":"https:\/\/brandss.com.py\/index\/wp-json\/wp\/v2\/product"}],"about":[{"href":"https:\/\/brandss.com.py\/index\/wp-json\/wp\/v2\/types\/product"}],"replies":[{"embeddable":true,"href":"https:\/\/brandss.com.py\/index\/wp-json\/wp\/v2\/comments?post=100598"}],"version-history":[{"count":1,"href":"https:\/\/brandss.com.py\/index\/wp-json\/wp\/v2\/product\/100598\/revisions"}],"predecessor-version":[{"id":100606,"href":"https:\/\/brandss.com.py\/index\/wp-json\/wp\/v2\/product\/100598\/revisions\/100606"}],"wp:featuredmedia":[{"embeddable":true,"href":"https:\/\/brandss.com.py\/index\/wp-json\/wp\/v2\/media\/100599"}],"wp:attachment":[{"href":"https:\/\/brandss.com.py\/index\/wp-json\/wp\/v2\/media?parent=100598"}],"wp:term":[{"taxonomy":"product_brand","embeddable":true,"href":"https:\/\/brandss.com.py\/index\/wp-json\/wp\/v2\/product_brand?post=100598"},{"taxonomy":"product_cat","embeddable":true,"href":"https:\/\/brandss.com.py\/index\/wp-json\/wp\/v2\/product_cat?post=100598"},{"taxonomy":"product_tag","embeddable":true,"href":"https:\/\/brandss.com.py\/index\/wp-json\/wp\/v2\/product_tag?post=100598"}],"curies":[{"name":"wp","href":"https:\/\/api.w.org\/{rel}","templated":true}]}}