{"id":100607,"date":"2026-03-20T19:12:50","date_gmt":"2026-03-20T19:12:50","guid":{"rendered":"https:\/\/brandss.com.py\/index\/?post_type=product&#038;p=100607"},"modified":"2026-03-20T19:13:11","modified_gmt":"2026-03-20T19:13:11","slug":"perfume-femenino-volare-milani-cherry-lush-edp-100ml","status":"publish","type":"product","link":"https:\/\/brandss.com.py\/index\/producto\/perfume-femenino-volare-milani-cherry-lush-edp-100ml\/","title":{"rendered":"PERFUME FEMENINO VOLAR\u00c9 MILANI CHERRY LUSH EDP 100ML"},"content":{"rendered":"<p><img loading=\"lazy\" decoding=\"async\" class=\"\" src=\"https:\/\/volareperfumes.com\/cdn\/shop\/files\/volare.png?v=1729001124&amp;width=600\" alt=\"Volare Perfume Azzurro 10 100ml Eau de Parfum | Volare\" width=\"111\" height=\"110\" \/><\/p>\n<h1>MILANI CHERRY LUSH<\/h1>\n<p>Es una refinada creaci\u00f3n olfativa, dise\u00f1ada para todos aquellos que buscan la combinaci\u00f3n perfecta de fragancia, confort, dulzor afrutado\u00a0y sutileza amaderada. Esta fragancia femenina se distingue por su estela \u00fanica, en la que la\u00a0notas de cereza ardiente\u00a0se encuentra con acentos gourmand y florales. Verdadera invitaci\u00f3n a los sentidos, seduce por su riqueza, su audacia y su capacidad para satisfacer a las mujeres que desean afirmar su personalidad de forma suave.<\/p>\n<p>&nbsp;<\/p>\n<h3>Notas Olfativas<\/h3>\n<p>&nbsp;<\/p>\n<p><span dir=\"auto\">Sum\u00e9rgete en un torbellino de sensualidad con\u00a0<\/span><span dir=\"auto\">Cherry Lush\u00a0<\/span><span dir=\"auto\">, una fragancia donde la cereza y la frambuesa se encienden desde las primeras notas. El brillo de la bergamota a\u00f1ade un toque de efervescencia, mientras que el coraz\u00f3n revela una mezcla gourmand de pralin\u00e9, heliotropo y rosa. En la base, maderas preciosas, palo santo y guayaco, se combinan con la calidez del pachul\u00ed y la dulzura envolvente del haba tonka para crear una fragancia adictiva y sofisticada.<\/span><\/p>\n<p>&nbsp;<\/p>\n<p><span dir=\"auto\">\u2022\u00a0<\/span><strong><span dir=\"auto\">Notas de salida<\/span><\/strong><span dir=\"auto\"><strong>:<\/strong> cereza ardiente, frambuesa, bergamota.<\/span><\/p>\n<p><span dir=\"auto\">\u2022\u00a0<\/span><strong><span dir=\"auto\">Notas de coraz\u00f3n<\/span><\/strong><span dir=\"auto\"><strong>:<\/strong> pralin\u00e9, heliotropo, rosa.<\/span><\/p>\n<p><strong><span dir=\"auto\">\u2022\u00a0<\/span><span dir=\"auto\">Notas de fondo<\/span><\/strong><span dir=\"auto\"><strong>:<\/strong> palo santo, madera de gaiac, pachul\u00ed, haba tonka, ambrettolide.<\/span><\/p>\n","protected":false},"excerpt":{"rendered":"<p>MILANI CHERRY LUSH Es una refinada creaci\u00f3n olfativa, dise\u00f1ada para todos aquellos que buscan la combinaci\u00f3n perfecta de fragancia, confort,<\/p>\n","protected":false},"featured_media":100608,"comment_status":"open","ping_status":"closed","template":"","meta":{"nf_dc_page":""},"product_brand":[1550],"product_cat":[84],"product_tag":[3215],"class_list":{"0":"post-100607","1":"product","2":"type-product","3":"status-publish","4":"has-post-thumbnail","6":"product_brand-volare","7":"product_cat-perfumeria","8":"product_tag-3215","10":"first","11":"instock","12":"shipping-taxable","13":"purchasable","14":"product-type-simple"},"_links":{"self":[{"href":"https:\/\/brandss.com.py\/index\/wp-json\/wp\/v2\/product\/100607","targetHints":{"allow":["GET"]}}],"collection":[{"href":"https:\/\/brandss.com.py\/index\/wp-json\/wp\/v2\/product"}],"about":[{"href":"https:\/\/brandss.com.py\/index\/wp-json\/wp\/v2\/types\/product"}],"replies":[{"embeddable":true,"href":"https:\/\/brandss.com.py\/index\/wp-json\/wp\/v2\/comments?post=100607"}],"version-history":[{"count":1,"href":"https:\/\/brandss.com.py\/index\/wp-json\/wp\/v2\/product\/100607\/revisions"}],"predecessor-version":[{"id":100610,"href":"https:\/\/brandss.com.py\/index\/wp-json\/wp\/v2\/product\/100607\/revisions\/100610"}],"wp:featuredmedia":[{"embeddable":true,"href":"https:\/\/brandss.com.py\/index\/wp-json\/wp\/v2\/media\/100608"}],"wp:attachment":[{"href":"https:\/\/brandss.com.py\/index\/wp-json\/wp\/v2\/media?parent=100607"}],"wp:term":[{"taxonomy":"product_brand","embeddable":true,"href":"https:\/\/brandss.com.py\/index\/wp-json\/wp\/v2\/product_brand?post=100607"},{"taxonomy":"product_cat","embeddable":true,"href":"https:\/\/brandss.com.py\/index\/wp-json\/wp\/v2\/product_cat?post=100607"},{"taxonomy":"product_tag","embeddable":true,"href":"https:\/\/brandss.com.py\/index\/wp-json\/wp\/v2\/product_tag?post=100607"}],"curies":[{"name":"wp","href":"https:\/\/api.w.org\/{rel}","templated":true}]}}