{"id":100642,"date":"2026-03-23T13:39:50","date_gmt":"2026-03-23T13:39:50","guid":{"rendered":"https:\/\/brandss.com.py\/index\/?post_type=product&#038;p=100642"},"modified":"2026-03-23T13:40:27","modified_gmt":"2026-03-23T13:40:27","slug":"shampoo-capilar-kerasys-black-bean-oil-1litro","status":"publish","type":"product","link":"https:\/\/brandss.com.py\/index\/producto\/shampoo-capilar-kerasys-black-bean-oil-1litro\/","title":{"rendered":"SHAMPOO CAPILAR KERASYS BLACK BEAN OIL 1LITRO"},"content":{"rendered":"<p><img loading=\"lazy\" decoding=\"async\" class=\"\" src=\"https:\/\/acdn-us.mitiendanube.com\/stores\/006\/567\/235\/themes\/common\/logo-2027072255-1755034523-ec9fa1f2ce585f2d0ef3c935b64032841755034523.png?0\" alt=\"Tienda Online de KERASYS\" width=\"124\" height=\"42\" \/><\/p>\n<h1>BLACK BEAN OIL<\/h1>\n<p>Shampoo formulado para prevenir la p\u00e9rdida del cabello, respaldado por la tecnolog\u00eda de Kerasys, limpia y nutre el cuero cabelludo sensible.<\/p>\n<p>Enriquecido con biotina para mejorar la salud capilar, niacinamida para calmar y proteger, y piritionato de zinc para combatir la caspa, su f\u00f3rmula eficaz, junto con el nutritivo aceite de frijol negro, mejora la salud del fol\u00edculo y reduce la p\u00e9rdida de hebras.<\/p>\n<p>Con una f\u00f3rmula ligeramente \u00e1cida, mantiene la barrera de la piel y protege la fibra capilar. Con aroma a pimienta rosa, caf\u00e9, jazm\u00edn, vainilla y madera de cedro, te ofrece una deliciosa experiencia arom\u00e1tica en la ducha y le da un toque dulce y limpio a tu cabello.<\/p>\n<h3>Ingredientes activos<\/h3>\n<div class=\"collapsible-tab__text\">\n<p><span class=\"metafield-multi_line_text_field\"><strong>Biotina:<\/strong> Esencial para el crecimiento saludable del cabello y puede ayudar a fortalecerlo.<br \/>\n<strong>Niacinamida:<\/strong> Mejora la circulaci\u00f3n sangu\u00ednea en el cuero cabelludo, promoviendo el crecimiento del cabello.<br \/>\n<strong>Piritionato de Zinc:<\/strong> Combate la caspa y otras afecciones del cuero cabelludo con sus propiedades antif\u00fangicas<\/span><\/p>\n<h3>Modo de uso<\/h3>\n<div class=\"collapsible-tab__text\">\n<ul>\n<li><span class=\"metafield-multi_line_text_field\">P1: Moje completamente su cabello con agua tibia.Tome una cantidad adecuada del producto en sus manos. La cantidad exacta puede variar seg\u00fan la longitud y la densidad de su cabello, pero generalmente una cantidad del tama\u00f1o de una moneda de 100 pesos (antigua) es suficiente.<\/span><\/li>\n<li><span class=\"metafield-multi_line_text_field\">P2: Frote las palmas de las manos para generar espuma. Aseg\u00farese de distribuir uniformemente el producto entre las manos.<\/span><\/li>\n<li><span class=\"metafield-multi_line_text_field\">P3: Aplique la espuma sobre el cuero cabelludo. Comience desde la ra\u00edz y masajee suavemente con movimientos circulares. Esto ayudar\u00e1 a estimular la circulaci\u00f3n sangu\u00ednea y a limpiar el cuero cabelludo.<\/span><\/li>\n<li><span class=\"metafield-multi_line_text_field\">P4: No extienda la espuma hacia las puntas de su cabello. Aseg\u00farese solo de cubrir el cuero cabelludo con la espuma, prestando especial atenci\u00f3n a las \u00e1reas donde se acumula la suciedad o el exceso de grasa.<\/span><\/li>\n<li><span class=\"metafield-multi_line_text_field\">P5: Masajee suavemente 1-2 minutos para asegurarse de que la espuma se distribuya de manera uniforme y los ingredientes activos penetren en el cabello.<\/span><\/li>\n<li><span class=\"metafield-multi_line_text_field\">P6: Enjuague abundantemente con agua tibia. Aseg\u00farese de eliminar por completo la espuma para evitar la acumulaci\u00f3n de residuos.<\/span><\/li>\n<\/ul>\n<\/div>\n<\/div>\n","protected":false},"excerpt":{"rendered":"<p>BLACK BEAN OIL Shampoo formulado para prevenir la p\u00e9rdida del cabello, respaldado por la tecnolog\u00eda de Kerasys, limpia y nutre<\/p>\n","protected":false},"featured_media":100643,"comment_status":"open","ping_status":"closed","template":"","meta":{"nf_dc_page":""},"product_brand":[204],"product_cat":[85],"product_tag":[3221],"class_list":{"0":"post-100642","1":"product","2":"type-product","3":"status-publish","4":"has-post-thumbnail","6":"product_brand-kerasys","7":"product_cat-cosmeticos","8":"product_tag-3221","10":"first","11":"instock","12":"shipping-taxable","13":"purchasable","14":"product-type-simple"},"_links":{"self":[{"href":"https:\/\/brandss.com.py\/index\/wp-json\/wp\/v2\/product\/100642","targetHints":{"allow":["GET"]}}],"collection":[{"href":"https:\/\/brandss.com.py\/index\/wp-json\/wp\/v2\/product"}],"about":[{"href":"https:\/\/brandss.com.py\/index\/wp-json\/wp\/v2\/types\/product"}],"replies":[{"embeddable":true,"href":"https:\/\/brandss.com.py\/index\/wp-json\/wp\/v2\/comments?post=100642"}],"version-history":[{"count":1,"href":"https:\/\/brandss.com.py\/index\/wp-json\/wp\/v2\/product\/100642\/revisions"}],"predecessor-version":[{"id":100648,"href":"https:\/\/brandss.com.py\/index\/wp-json\/wp\/v2\/product\/100642\/revisions\/100648"}],"wp:featuredmedia":[{"embeddable":true,"href":"https:\/\/brandss.com.py\/index\/wp-json\/wp\/v2\/media\/100643"}],"wp:attachment":[{"href":"https:\/\/brandss.com.py\/index\/wp-json\/wp\/v2\/media?parent=100642"}],"wp:term":[{"taxonomy":"product_brand","embeddable":true,"href":"https:\/\/brandss.com.py\/index\/wp-json\/wp\/v2\/product_brand?post=100642"},{"taxonomy":"product_cat","embeddable":true,"href":"https:\/\/brandss.com.py\/index\/wp-json\/wp\/v2\/product_cat?post=100642"},{"taxonomy":"product_tag","embeddable":true,"href":"https:\/\/brandss.com.py\/index\/wp-json\/wp\/v2\/product_tag?post=100642"}],"curies":[{"name":"wp","href":"https:\/\/api.w.org\/{rel}","templated":true}]}}