{"id":100649,"date":"2026-03-23T13:57:30","date_gmt":"2026-03-23T13:57:30","guid":{"rendered":"https:\/\/brandss.com.py\/index\/?post_type=product&#038;p=100649"},"modified":"2026-05-02T16:28:32","modified_gmt":"2026-05-02T16:28:32","slug":"serum-facial-skin1004-madagascar-centella-hyalu-cica-first-ampoule-100ml","status":"publish","type":"product","link":"https:\/\/brandss.com.py\/index\/producto\/serum-facial-skin1004-madagascar-centella-hyalu-cica-first-ampoule-100ml\/","title":{"rendered":"S\u00c9RUM FACIAL SKIN1004 MADAGASCAR CENTELLA HYALU-CICA FIRST AMPOULE 100ML"},"content":{"rendered":"<p><img loading=\"lazy\" decoding=\"async\" class=\"\" src=\"https:\/\/heyskinday.com\/cdn\/shop\/collections\/skin1004_logo.png?v=1714498278\" alt=\"CREMA FACIAL SKIN1004 MADAGASCAR CENTELLA SOOTHING 75ML \u2013 Brands\" width=\"145\" height=\"145\" \/><\/p>\n<h1>HYALU-CICA FIRST<\/h1>\n<p>Es una ampolla hidratante perfecta para usar justo despu\u00e9s de la limpieza para proporcionar a la piel un impulso de hidrataci\u00f3n instant\u00e1neo. Tiene una textura ligera a base de agua que se absorbe r\u00e1pidamente en la piel para proporcionar hidrataci\u00f3n intensa y un efecto calmante, ideal para pieles sensibles.<img loading=\"lazy\" decoding=\"async\" class=\"alignleft\" src=\"https:\/\/moonglow.md\/wp-content\/uploads\/2025\/10\/skin1004-madagascar-centella-hyalu-cica-first-ampoule-100-ml-3-min.jpg\" width=\"642\" height=\"642\" \/><\/p>\n<p>La f\u00f3rmula est\u00e1 enriquecida con un\u00a092 % de extracto de Centella Asiatica\u00a0y\u00a0cinco tipos diferentes de \u00e1cidos hialur\u00f3nicos\u00a0que juntos proporcionan hidrataci\u00f3n inmediata y duradera. Ingredientes como\u00a0niacinamida, ceramidas y antioxidantes\u00a0tambi\u00e9n ayudan a fortalecer la barrera de la piel, igualar el tono de la piel y mejorar la elasticidad de la piel.<\/p>\n<h3><\/h3>\n<h3><strong>Ventajas<\/strong><\/h3>\n<p>&nbsp;<\/p>\n<ul>\n<li>Proporciona a la piel hidrataci\u00f3n intensa y duradera.<\/li>\n<li>Tiene un efecto calmante en la piel sensible o irritada.<\/li>\n<li>Optimiza la absorci\u00f3n de productos de cuidado de la piel posteriores.<\/li>\n<li>Fortalece eficazmente la barrera de la piel gracias a las ceramidas y la centella.<\/li>\n<li>Tiene una textura ligera y no pegajosa que se adapta a todos los tipos de piel.<\/li>\n<\/ul>\n<h3><\/h3>\n<h3><strong>Ingredientes clave<\/strong><\/h3>\n<p>&nbsp;<\/p>\n<ul>\n<li><strong>Extracto de Centella Asiatica (\u2248 92 %)<\/strong>: Calma, fortalece y protege la piel.<\/li>\n<li><strong>Cinco formas diferentes de \u00e1cido hialur\u00f3nico<\/strong>: Retiene la humedad en todos los niveles de la piel para una hidrataci\u00f3n \u00f3ptima.<\/li>\n<li><strong>Niacinamida<\/strong>: Igualar el tono de la piel, reduce la pigmentaci\u00f3n y fortalece la barrera de la piel.<\/li>\n<li><strong>Ceramida NP<\/strong>: Refuerza la funci\u00f3n de barrera protectora de la piel.<\/li>\n<li><strong>Capryloylsalicylsyra<\/strong>: Exfolia suavemente y mejora la estructura de los poros.<\/li>\n<li><strong>Adenosina<\/strong>: Mejora la firmeza de la piel y combate los signos del envejecimiento.<\/li>\n<li><strong>Extractos de c\u00farcuma y hiedra<\/strong>: Act\u00faan como antioxidantes y tienen un efecto calmante.<\/li>\n<\/ul>\n<h3><\/h3>\n<h3><strong>Modo de uso<\/strong><\/h3>\n<ol>\n<li>Aplicar sobre la piel limpia y h\u00fameda.<\/li>\n<li>Aplicar 2-3 gotas y masajear suavemente en el rostro y el cuello.<\/li>\n<li>Terminar con suero y crema facial.<\/li>\n<li>Usar diariamente, por la ma\u00f1ana y por la noche.<\/li>\n<\/ol>\n","protected":false},"excerpt":{"rendered":"<p>HYALU-CICA FIRST Es una ampolla hidratante perfecta para usar justo despu\u00e9s de la limpieza para proporcionar a la piel un<\/p>\n","protected":false},"featured_media":100650,"comment_status":"open","ping_status":"closed","template":"","meta":{"nf_dc_page":""},"product_brand":[2689],"product_cat":[104],"product_tag":[3223],"class_list":{"0":"post-100649","1":"product","2":"type-product","3":"status-publish","4":"has-post-thumbnail","6":"product_brand-skin1004","7":"product_cat-skin-care","8":"product_tag-3223","10":"first","11":"instock","12":"shipping-taxable","13":"purchasable","14":"product-type-simple"},"_links":{"self":[{"href":"https:\/\/brandss.com.py\/index\/wp-json\/wp\/v2\/product\/100649","targetHints":{"allow":["GET"]}}],"collection":[{"href":"https:\/\/brandss.com.py\/index\/wp-json\/wp\/v2\/product"}],"about":[{"href":"https:\/\/brandss.com.py\/index\/wp-json\/wp\/v2\/types\/product"}],"replies":[{"embeddable":true,"href":"https:\/\/brandss.com.py\/index\/wp-json\/wp\/v2\/comments?post=100649"}],"version-history":[{"count":1,"href":"https:\/\/brandss.com.py\/index\/wp-json\/wp\/v2\/product\/100649\/revisions"}],"predecessor-version":[{"id":100657,"href":"https:\/\/brandss.com.py\/index\/wp-json\/wp\/v2\/product\/100649\/revisions\/100657"}],"wp:featuredmedia":[{"embeddable":true,"href":"https:\/\/brandss.com.py\/index\/wp-json\/wp\/v2\/media\/100650"}],"wp:attachment":[{"href":"https:\/\/brandss.com.py\/index\/wp-json\/wp\/v2\/media?parent=100649"}],"wp:term":[{"taxonomy":"product_brand","embeddable":true,"href":"https:\/\/brandss.com.py\/index\/wp-json\/wp\/v2\/product_brand?post=100649"},{"taxonomy":"product_cat","embeddable":true,"href":"https:\/\/brandss.com.py\/index\/wp-json\/wp\/v2\/product_cat?post=100649"},{"taxonomy":"product_tag","embeddable":true,"href":"https:\/\/brandss.com.py\/index\/wp-json\/wp\/v2\/product_tag?post=100649"}],"curies":[{"name":"wp","href":"https:\/\/api.w.org\/{rel}","templated":true}]}}