{"id":100658,"date":"2026-03-23T14:19:02","date_gmt":"2026-03-23T14:19:02","guid":{"rendered":"https:\/\/brandss.com.py\/index\/?post_type=product&#038;p=100658"},"modified":"2026-04-21T11:27:49","modified_gmt":"2026-04-21T11:27:49","slug":"serum-facial-medicube-one-day-exosome-shot-pore-2000-30ml","status":"publish","type":"product","link":"https:\/\/brandss.com.py\/index\/producto\/serum-facial-medicube-one-day-exosome-shot-pore-2000-30ml\/","title":{"rendered":"S\u00c9RUM FACIAL MEDICUBE ONE DAY EXOSOME SHOT PORE 2000 30ML"},"content":{"rendered":"<p><img loading=\"lazy\" decoding=\"async\" class=\"\" src=\"https:\/\/brandlogos.net\/wp-content\/uploads\/2025\/04\/medicube-logo_brandlogos.net_bwt16.png\" alt=\"S\u00c9RUM FACIAL MEDICUBE HYALURONIC MULTI PEPTIDE 30ML \u2013 Brands\" width=\"154\" height=\"30\" \/><\/p>\n<h1>ONE DAY EXOSOME SHOT PORE 2000<\/h1>\n<p>Es un suero altamente concentrado\u00a0dise\u00f1ado para revitalizar la piel cansada y envejecida. Con 2000 ppm de exosomas, promueve la renovaci\u00f3n celular de la piel, tensa los poros dilatados y unifica el tono de la piel.<img loading=\"lazy\" decoding=\"async\" class=\"alignleft\" src=\"https:\/\/www.skincupid.de\/cdn\/shop\/files\/Shopify10_76.png?v=1760352304\" width=\"731\" height=\"731\" \/><\/p>\n<p>La f\u00f3rmula ligera se absorbe r\u00e1pidamente y penetra profundamente en las capas de la piel sin dejar una sensaci\u00f3n pegajosa. El suero est\u00e1 dermatol\u00f3gicamente probado y es adecuado incluso para pieles sensibles y propensas al acn\u00e9.<\/p>\n<h3 data-start=\"567\" data-end=\"591\"><strong data-start=\"571\" data-end=\"591\"><span dir=\"auto\">Ingredientes clave<\/span><\/strong><\/h3>\n<ul data-start=\"593\" data-end=\"1084\">\n<li class=\"\" data-start=\"593\" data-end=\"681\">\n<p class=\"\" data-start=\"595\" data-end=\"681\"><strong data-start=\"595\" data-end=\"607\"><span dir=\"auto\">Exosomas:<\/span><\/strong><span dir=\"auto\">\u00a0estimulan la regeneraci\u00f3n celular y fortalecen la barrera natural de la piel.<\/span><\/p>\n<\/li>\n<li class=\"\" data-start=\"682\" data-end=\"757\">\n<p class=\"\" data-start=\"684\" data-end=\"757\"><strong data-start=\"684\" data-end=\"712\"><span dir=\"auto\">Niacinamida (Vitamina B3):<\/span><\/strong><span dir=\"auto\">\u00a0unifica el tono de la piel y reduce la pigmentaci\u00f3n.<\/span><\/p>\n<\/li>\n<li class=\"\" data-start=\"758\" data-end=\"834\">\n<p class=\"\" data-start=\"760\" data-end=\"834\"><strong data-start=\"760\" data-end=\"779\"><span dir=\"auto\">\u00c1cido hialur\u00f3nico:<\/span><\/strong><span dir=\"auto\">\u00a0proporciona una hidrataci\u00f3n intensa y mejora la elasticidad.<\/span><\/p>\n<\/li>\n<li class=\"\" data-start=\"835\" data-end=\"911\">\n<p class=\"\" data-start=\"837\" data-end=\"911\"><strong data-start=\"837\" data-end=\"866\"><span dir=\"auto\">Extracto de Centella Asi\u00e1tica:<\/span><\/strong><span dir=\"auto\">\u00a0calma la piel y acelera la cicatrizaci\u00f3n.<\/span><\/p>\n<\/li>\n<li class=\"\" data-start=\"912\" data-end=\"962\">\n<p class=\"\" data-start=\"914\" data-end=\"962\"><strong data-start=\"914\" data-end=\"935\"><span dir=\"auto\">Extracto de t\u00e9 verde:<\/span><\/strong><span dir=\"auto\">\u00a0un potente antioxidante<\/span><\/p>\n<\/li>\n<li class=\"\" data-start=\"963\" data-end=\"1009\">\n<p class=\"\" data-start=\"965\" data-end=\"1009\"><strong data-start=\"965\" data-end=\"977\"><span dir=\"auto\">P\u00e9ptidos:<\/span><\/strong><span dir=\"auto\">\u00a0favorecen la producci\u00f3n de col\u00e1geno.<\/span><\/p>\n<\/li>\n<li class=\"\" data-start=\"1010\" data-end=\"1084\">\n<p class=\"\" data-start=\"1012\" data-end=\"1084\"><strong data-start=\"1012\" data-end=\"1035\"><span dir=\"auto\">Extracto de hamamelis:<\/span><\/strong><span dir=\"auto\">\u00a0ayuda a cerrar los poros y mejora la firmeza de la piel.<\/span><\/p>\n<\/li>\n<\/ul>\n<p data-start=\"1091\" data-end=\"1203\">\n<h3><strong>Ventajas<\/strong><\/h3>\n<p>&nbsp;<\/p>\n<ul>\n<li><strong>Reduce el tama\u00f1o de los poros:<\/strong>\u00a0Cl\u00ednicamente probado para reducir tanto la densidad como el n\u00famero de poros en un 21,1% despu\u00e9s de solo una aplicaci\u00f3n.<\/li>\n<li><strong>Absorci\u00f3n r\u00e1pida:<\/strong>\u00a0F\u00f3rmula ligera que penetra r\u00e1pidamente en la piel sin sentirse pegajosa.<\/li>\n<li><strong>Promueve la renovaci\u00f3n celular:<\/strong>\u00a0Contiene 2000 ppm de exosomas para revitalizar la piel y mejorar su textura.<\/li>\n<li><strong>Adecuado para piel sensible:<\/strong>\u00a0Dermatol\u00f3gicamente probado y adaptado para pieles sensibles y propensas al acn\u00e9.<\/li>\n<li><strong>Unifica el tono de la piel:<\/strong>\u00a0Reduce las irregularidades y proporciona una piel m\u00e1s clara.<\/li>\n<li><strong>Ingredientes nutritivos:<\/strong>\u00a0Enriquecido con glicerina, niacinamida y extractos vegetales para un cuidado adicional.<\/li>\n<\/ul>\n<p><strong><span dir=\"auto\">Ideal para:<\/span><\/strong><span dir=\"auto\">\u00a0todo tipo de piel (incluida la sensible), cuidado de los poros, control de la producci\u00f3n de sebo, mejora de la textura de la piel e hidrataci\u00f3n.<\/span><\/p>\n<h3><strong>Uso<\/strong><\/h3>\n<p>&nbsp;<\/p>\n<ol>\n<li><strong>Limpia el rostro:<\/strong>\u00a0Comienza limpiando la piel a fondo para eliminar suciedad e impurezas.<\/li>\n<li><strong>Aplica el producto:<\/strong>\u00a0Toma una cantidad adecuada de la ampolla y apl\u00edcala uniformemente sobre el rostro.<\/li>\n<li><strong>Masajea:<\/strong>\u00a0Da suaves palmaditas con las manos o masajea con movimientos circulares para facilitar la absorci\u00f3n.<\/li>\n<li><strong>Termina con crema hidratante:<\/strong>\u00a0Sigue con una crema hidratante para sellar la humedad y maximizar el efecto.<\/li>\n<\/ol>\n<p><strong>Para obtener los mejores resultados,<\/strong>\u00a0usa el producto por la noche como parte de tu rutina de cuidado de la piel.<\/p>\n","protected":false},"excerpt":{"rendered":"<p>ONE DAY EXOSOME SHOT PORE 2000 Es un suero altamente concentrado\u00a0dise\u00f1ado para revitalizar la piel cansada y envejecida. Con 2000<\/p>\n","protected":false},"featured_media":100659,"comment_status":"open","ping_status":"closed","template":"","meta":{"nf_dc_page":""},"product_brand":[2664],"product_cat":[104],"product_tag":[3224],"class_list":{"0":"post-100658","1":"product","2":"type-product","3":"status-publish","4":"has-post-thumbnail","6":"product_brand-medicube","7":"product_cat-skin-care","8":"product_tag-3224","10":"first","11":"outofstock","12":"shipping-taxable","13":"purchasable","14":"product-type-simple"},"_links":{"self":[{"href":"https:\/\/brandss.com.py\/index\/wp-json\/wp\/v2\/product\/100658","targetHints":{"allow":["GET"]}}],"collection":[{"href":"https:\/\/brandss.com.py\/index\/wp-json\/wp\/v2\/product"}],"about":[{"href":"https:\/\/brandss.com.py\/index\/wp-json\/wp\/v2\/types\/product"}],"replies":[{"embeddable":true,"href":"https:\/\/brandss.com.py\/index\/wp-json\/wp\/v2\/comments?post=100658"}],"version-history":[{"count":1,"href":"https:\/\/brandss.com.py\/index\/wp-json\/wp\/v2\/product\/100658\/revisions"}],"predecessor-version":[{"id":100665,"href":"https:\/\/brandss.com.py\/index\/wp-json\/wp\/v2\/product\/100658\/revisions\/100665"}],"wp:featuredmedia":[{"embeddable":true,"href":"https:\/\/brandss.com.py\/index\/wp-json\/wp\/v2\/media\/100659"}],"wp:attachment":[{"href":"https:\/\/brandss.com.py\/index\/wp-json\/wp\/v2\/media?parent=100658"}],"wp:term":[{"taxonomy":"product_brand","embeddable":true,"href":"https:\/\/brandss.com.py\/index\/wp-json\/wp\/v2\/product_brand?post=100658"},{"taxonomy":"product_cat","embeddable":true,"href":"https:\/\/brandss.com.py\/index\/wp-json\/wp\/v2\/product_cat?post=100658"},{"taxonomy":"product_tag","embeddable":true,"href":"https:\/\/brandss.com.py\/index\/wp-json\/wp\/v2\/product_tag?post=100658"}],"curies":[{"name":"wp","href":"https:\/\/api.w.org\/{rel}","templated":true}]}}