{"id":100666,"date":"2026-03-23T14:42:03","date_gmt":"2026-03-23T14:42:03","guid":{"rendered":"https:\/\/brandss.com.py\/index\/?post_type=product&#038;p=100666"},"modified":"2026-04-21T11:27:48","modified_gmt":"2026-04-21T11:27:48","slug":"limpiador-facial-medicube-zero-pore-blackhead-deep-cleasing-oil-205ml","status":"publish","type":"product","link":"https:\/\/brandss.com.py\/index\/producto\/limpiador-facial-medicube-zero-pore-blackhead-deep-cleasing-oil-205ml\/","title":{"rendered":"LIMPIADOR FACIAL MEDICUBE ZERO PORE BLACKHEAD DEEP CLEASING OIL 205ML"},"content":{"rendered":"<p><img loading=\"lazy\" decoding=\"async\" class=\"\" src=\"https:\/\/brandlogos.net\/wp-content\/uploads\/2025\/04\/medicube-logo_brandlogos.net_bwt16.png\" alt=\"S\u00c9RUM FACIAL MEDICUBE HYALURONIC MULTI PEPTIDE 30ML \u2013 Brands\" width=\"246\" height=\"48\" \/><\/p>\n<h1><\/h1>\n<h1>ZERO PORE BLACKHEAD DEEP CLEASING OIL<\/h1>\n<p>Experimenta una limpieza eficaz y potente con Medicube Zero Pore Blackhead Deep Cleansing Oil\u00a0una limpieza con aceite ligera pero de alto rendimiento que en un solo paso elimina el maquillaje, el exceso de sebo y los puntos negros persistentes. La f\u00f3rmula avanzada trabaja para disolver las obstrucciones en los poros y contribuye a una piel m\u00e1s clara y suave.<img loading=\"lazy\" decoding=\"async\" class=\"alignleft\" src=\"https:\/\/tatiencorea.com\/cdn\/shop\/files\/1752198424438_ef60cceb937d4c9bb207d67b768f64af_b042a006-6751-4676-ac75-79ea8f6ec343.jpg?v=1773194881&amp;width=800\" width=\"345\" height=\"533\" \/><\/p>\n<p>Enriquecido con ingredientes cuidadosamente seleccionados como LHA, Niacinamida, Guaiazuleno y \u00c1cido Hialur\u00f3nico, el producto combina limpieza profunda con cuidado hidratante y calmante para la piel \u2013 todo en una sola soluci\u00f3n.<\/p>\n<p>&nbsp;<\/p>\n<h3><strong>Ventajas<\/strong><\/h3>\n<p>&nbsp;<\/p>\n<ul>\n<li><strong>Limpieza eficaz de suciedad y puntos negros<\/strong>\u00a0\u2013 La f\u00f3rmula elimina el maquillaje, sebo y puntos negros con facilidad.<\/li>\n<li><strong>Mejora la apariencia de los poros<\/strong>\u00a0\u2013 LHA y Niacinamida reducen la visibilidad de los poros y contribuyen a una textura de piel m\u00e1s uniforme.<\/li>\n<li><strong>Suave e hidratante<\/strong>\u00a0\u2013 El Guaiazuleno y el \u00e1cido hialur\u00f3nico fortalecen la barrera de la piel y mantienen la hidrataci\u00f3n, sin resecar la piel.<\/li>\n<\/ul>\n<h3><img loading=\"lazy\" decoding=\"async\" class=\"alignright\" src=\"https:\/\/tatiencorea.com\/cdn\/shop\/files\/1752198419794_af4ca25f9078432cb76d007a524bb1f3_cf719cdd-0003-4136-9b58-b1a8a6233311.jpg?v=1773194881&amp;width=800\" width=\"413\" height=\"592\" \/><\/h3>\n<h3><\/h3>\n<h3><strong>Ingredientes<\/strong><\/h3>\n<p>&nbsp;<\/p>\n<ul>\n<li><strong>LHA (\u00c1cido Capriloil Salic\u00edlico)<\/strong>\u00a0\u2013 exfolia suavemente y ayuda a disolver los puntos negros y mejorar la textura de la piel.<\/li>\n<li><strong>Niacinamida<\/strong>\u00a0\u2013 reduce la producci\u00f3n de sebo y previene la aparici\u00f3n de puntos negros.<\/li>\n<li><strong>Guaiazuleno<\/strong>\u00a0\u2013 calma la piel irritada y congestionada con sus propiedades antiinflamatorias.<\/li>\n<li><strong>\u00c1cido Hialur\u00f3nico (Hialuronato de Sodio)<\/strong>\u00a0\u2013 proporciona hidrataci\u00f3n intensa y ayuda a la piel a mantener la humedad despu\u00e9s de la limpieza.<\/li>\n<li><strong>Composici\u00f3n de 11 aceites de origen vegetal<\/strong>\u00a0\u2013 como jojoba, semilla de girasol, macadamia y aceite de arg\u00e1n, que disuelven suavemente las impurezas mientras cuidan y mantienen el equilibrio de humedad de la piel.<\/li>\n<\/ul>\n<h3><strong>Uso<\/strong><\/h3>\n<ol>\n<li>Bombea 2-3 veces en manos limpias y secas.<\/li>\n<li>Aplica y masajea suavemente el producto sobre la piel seca, enfoc\u00e1ndote en \u00e1reas con maquillaje o puntos negros.<\/li>\n<li>A\u00f1ade agua para emulsionar el aceite en una consistencia blanca y lechosa. Contin\u00faa masajeando para disolver eficazmente los residuos.<\/li>\n<li>Enjuaga bien con agua tibia. Si es necesario, sigue con una limpieza a base de agua para una doble limpieza completa.<\/li>\n<\/ol>\n","protected":false},"excerpt":{"rendered":"<p>ZERO PORE BLACKHEAD DEEP CLEASING OIL Experimenta una limpieza eficaz y potente con Medicube Zero Pore Blackhead Deep Cleansing Oil\u00a0una<\/p>\n","protected":false},"featured_media":100667,"comment_status":"open","ping_status":"closed","template":"","meta":{"nf_dc_page":""},"product_brand":[2664],"product_cat":[104],"product_tag":[3225],"class_list":{"0":"post-100666","1":"product","2":"type-product","3":"status-publish","4":"has-post-thumbnail","6":"product_brand-medicube","7":"product_cat-skin-care","8":"product_tag-3225","10":"first","11":"outofstock","12":"shipping-taxable","13":"purchasable","14":"product-type-simple"},"_links":{"self":[{"href":"https:\/\/brandss.com.py\/index\/wp-json\/wp\/v2\/product\/100666","targetHints":{"allow":["GET"]}}],"collection":[{"href":"https:\/\/brandss.com.py\/index\/wp-json\/wp\/v2\/product"}],"about":[{"href":"https:\/\/brandss.com.py\/index\/wp-json\/wp\/v2\/types\/product"}],"replies":[{"embeddable":true,"href":"https:\/\/brandss.com.py\/index\/wp-json\/wp\/v2\/comments?post=100666"}],"version-history":[{"count":1,"href":"https:\/\/brandss.com.py\/index\/wp-json\/wp\/v2\/product\/100666\/revisions"}],"predecessor-version":[{"id":100675,"href":"https:\/\/brandss.com.py\/index\/wp-json\/wp\/v2\/product\/100666\/revisions\/100675"}],"wp:featuredmedia":[{"embeddable":true,"href":"https:\/\/brandss.com.py\/index\/wp-json\/wp\/v2\/media\/100667"}],"wp:attachment":[{"href":"https:\/\/brandss.com.py\/index\/wp-json\/wp\/v2\/media?parent=100666"}],"wp:term":[{"taxonomy":"product_brand","embeddable":true,"href":"https:\/\/brandss.com.py\/index\/wp-json\/wp\/v2\/product_brand?post=100666"},{"taxonomy":"product_cat","embeddable":true,"href":"https:\/\/brandss.com.py\/index\/wp-json\/wp\/v2\/product_cat?post=100666"},{"taxonomy":"product_tag","embeddable":true,"href":"https:\/\/brandss.com.py\/index\/wp-json\/wp\/v2\/product_tag?post=100666"}],"curies":[{"name":"wp","href":"https:\/\/api.w.org\/{rel}","templated":true}]}}