{"id":100676,"date":"2026-03-23T16:19:26","date_gmt":"2026-03-23T16:19:26","guid":{"rendered":"https:\/\/brandss.com.py\/index\/?post_type=product&#038;p=100676"},"modified":"2026-03-23T16:20:51","modified_gmt":"2026-03-23T16:20:51","slug":"aceite-capilar-shiseido-fino-premium-touch-70ml","status":"publish","type":"product","link":"https:\/\/brandss.com.py\/index\/producto\/aceite-capilar-shiseido-fino-premium-touch-70ml\/","title":{"rendered":"ACEITE CAPILAR SHISEIDO FINO PREMIUM TOUCH 70ML"},"content":{"rendered":"<p><img loading=\"lazy\" decoding=\"async\" class=\"\" src=\"https:\/\/logos-world.net\/wp-content\/uploads\/2020\/11\/Shiseido-Logo.png\" alt=\"Shiseido Logo, symbol, meaning, history, PNG, brand\" width=\"142\" height=\"80\" \/><\/p>\n<h1>FINO PREMIUM TOUCH<\/h1>\n<p>Es el aceite capilar japon\u00e9s que detecta y repara hasta el m\u00e1s m\u00ednimo da\u00f1o, desde las puntas abiertas hasta la sequedad y fragilidad. Su textura ligera y no grasa se absorbe al instante, dejando tu cabello sedoso, luminoso y protegido del calor y la fricci\u00f3n.<img loading=\"lazy\" decoding=\"async\" class=\"alignleft\" src=\"https:\/\/berrymenic.com\/wp-content\/uploads\/2025\/04\/Fino-Premium-Touch-Hair-Oil-70ml-0-700x700.jpg\" width=\"580\" height=\"580\" \/><\/p>\n<p>Perfecto para usar en cabello h\u00famedo o seco, transforma tu melena con cada aplicaci\u00f3n. El aceite capilar Fino Premium Touch repara intensamente el cabello da\u00f1ado, convirti\u00e9ndose en el complemento perfecto para la mascarilla capilar Fino Premium Touch. Ideal para cabello seco o da\u00f1ado por el clima, los rayos UV o tratamientos como la coloraci\u00f3n, suaviza la textura y repara incluso los da\u00f1os m\u00e1s peque\u00f1os. Su f\u00f3rmula ligera y no grasa deja el cabello con una sensaci\u00f3n saludable y suave, con una refrescante fragancia floral.<\/p>\n<h3 class=\"accordion__label\" role=\"heading\"><span dir=\"auto\">Beneficios<\/span><\/h3>\n<div id=\"accordion-panel-2\" class=\"accordion__panel \" role=\"region\" aria-labelledby=\"accordion-trigger-2\">\n<div class=\"accordion__body rte\">\n<ul>\n<li><span dir=\"auto\">Combate y repara el da\u00f1o interno del cabello, promoviendo un cabello m\u00e1s sano desde el interior.<\/span><\/li>\n<li><span dir=\"auto\">Proporciona una capa protectora lisa que repara los da\u00f1os superficiales y previene roturas.<\/span><\/li>\n<li><span dir=\"auto\">Aporta un brillo natural y luminoso sin dejar residuos grasos.<\/span><\/li>\n<li><span dir=\"auto\">Detecta y repara incluso el m\u00e1s m\u00ednimo da\u00f1o en el cabello, devolvi\u00e9ndole su estado m\u00e1s saludable.<\/span><\/li>\n<li><span dir=\"auto\">Su f\u00f3rmula de doble aceite protege el cabello del calor y la fricci\u00f3n, manteni\u00e9ndolo sano durante todo el d\u00eda.<\/span><\/li>\n<\/ul>\n<h3>Modo de uso<\/h3>\n<p><span dir=\"auto\">Aplica el aceite sobre el cabello semiseco o seco, tomando la cantidad adecuada y frot\u00e1ndolo entre las manos antes de concentrarte en las puntas.<\/span><\/p>\n<p><span dir=\"auto\">Ajusta la cantidad seg\u00fan el largo y el estado de tu cabello. Usa 1 o 2 pulsaciones para cabello corto o mediano y 2 o m\u00e1s pulsaciones para cabello largo. Para obtener resultados \u00f3ptimos, \u00fasalo junto con\u00a0<\/span><span dir=\"auto\">la mascarilla capilar Fino<\/span><span dir=\"auto\">.\u00a0<\/span><\/p>\n<\/div>\n<\/div>\n","protected":false},"excerpt":{"rendered":"<p>FINO PREMIUM TOUCH Es el aceite capilar japon\u00e9s que detecta y repara hasta el m\u00e1s m\u00ednimo da\u00f1o, desde las puntas<\/p>\n","protected":false},"featured_media":100677,"comment_status":"open","ping_status":"closed","template":"","meta":{"nf_dc_page":""},"product_brand":[3226],"product_cat":[85],"product_tag":[3227],"class_list":{"0":"post-100676","1":"product","2":"type-product","3":"status-publish","4":"has-post-thumbnail","6":"product_brand-shiseido","7":"product_cat-cosmeticos","8":"product_tag-3227","10":"first","11":"instock","12":"shipping-taxable","13":"purchasable","14":"product-type-simple"},"_links":{"self":[{"href":"https:\/\/brandss.com.py\/index\/wp-json\/wp\/v2\/product\/100676","targetHints":{"allow":["GET"]}}],"collection":[{"href":"https:\/\/brandss.com.py\/index\/wp-json\/wp\/v2\/product"}],"about":[{"href":"https:\/\/brandss.com.py\/index\/wp-json\/wp\/v2\/types\/product"}],"replies":[{"embeddable":true,"href":"https:\/\/brandss.com.py\/index\/wp-json\/wp\/v2\/comments?post=100676"}],"version-history":[{"count":1,"href":"https:\/\/brandss.com.py\/index\/wp-json\/wp\/v2\/product\/100676\/revisions"}],"predecessor-version":[{"id":100684,"href":"https:\/\/brandss.com.py\/index\/wp-json\/wp\/v2\/product\/100676\/revisions\/100684"}],"wp:featuredmedia":[{"embeddable":true,"href":"https:\/\/brandss.com.py\/index\/wp-json\/wp\/v2\/media\/100677"}],"wp:attachment":[{"href":"https:\/\/brandss.com.py\/index\/wp-json\/wp\/v2\/media?parent=100676"}],"wp:term":[{"taxonomy":"product_brand","embeddable":true,"href":"https:\/\/brandss.com.py\/index\/wp-json\/wp\/v2\/product_brand?post=100676"},{"taxonomy":"product_cat","embeddable":true,"href":"https:\/\/brandss.com.py\/index\/wp-json\/wp\/v2\/product_cat?post=100676"},{"taxonomy":"product_tag","embeddable":true,"href":"https:\/\/brandss.com.py\/index\/wp-json\/wp\/v2\/product_tag?post=100676"}],"curies":[{"name":"wp","href":"https:\/\/api.w.org\/{rel}","templated":true}]}}