{"id":100695,"date":"2026-03-23T16:50:38","date_gmt":"2026-03-23T16:50:38","guid":{"rendered":"https:\/\/brandss.com.py\/index\/?post_type=product&#038;p=100695"},"modified":"2026-03-23T16:51:12","modified_gmt":"2026-03-23T16:51:12","slug":"spray-corporal-unisex-lattafa-khamrah-qahwa-200ml","status":"publish","type":"product","link":"https:\/\/brandss.com.py\/index\/producto\/spray-corporal-unisex-lattafa-khamrah-qahwa-200ml\/","title":{"rendered":"SPRAY CORPORAL UNISEX LATTAFA KHAMRAH QAHWA 200ML"},"content":{"rendered":"<p><img loading=\"lazy\" decoding=\"async\" class=\"\" src=\"https:\/\/myscentjourney.s3.us-east-2.amazonaws.com\/2022\/02\/14\/29KIascent_j_marca_1644871114_202.png\" alt=\"MSJ::LATTAFA\" width=\"89\" height=\"106\" \/><\/p>\n<h1>KHAMRAH QAHWA<\/h1>\n<p>Es una fragancia oriental de vainilla para hombres y mujeres. Te transporta al coraz\u00f3n de la hospitalidad \u00e1rabe, donde la calidez del caf\u00e9 arom\u00e1tico y el placer que lo acompa\u00f1a se fusionan. Este spray corporal te envuelve en un abrazo refinado y sensorial, a\u00f1adiendo un toque delicado pero encantador de elegancia oriental a tu rutina diaria, dise\u00f1ado para perdurar y darte energ\u00eda durante todo el d\u00eda.<\/p>\n<p>&nbsp;<\/p>\n<h3>Notas Olfativas<\/h3>\n<p>&nbsp;<\/p>\n<p dir=\"ltr\"><span dir=\"auto\">Al rociarlo por primera vez, se percibe de inmediato una explosi\u00f3n de especias vibrantes. El brillo terroso del cardamomo, el toque sutil del jengibre y la dulzura c\u00e1lida de la canela se combinan para crear una apertura fresca e interesante. Es una apertura equilibrada que estimula los sentidos con delicadeza, sin resultar abrumadora.<\/span><\/p>\n<p dir=\"ltr\"><span dir=\"auto\">A medida que la fragancia evoluciona, se revela un delicado coraz\u00f3n gourmand. El sabor dulce y relajante del pralin\u00e9 se mezcla con delicadas flores blancas y un toque de frutas confitadas para crear una personalidad floral-gourmand refinada y ligeramente dulce que conecta la vibrante apertura con las profundidades m\u00e1s ricas que est\u00e1n por venir.<\/span><\/p>\n<p dir=\"ltr\"><span dir=\"auto\">Este perfume se asienta en una base seductora de larga duraci\u00f3n. Un c\u00e1lido y fragante toque de caf\u00e9 armoniza la cremosidad de la vainilla y el haba tonka, la profundidad almizclada y el car\u00e1cter resinoso del benju\u00ed. El resultado final es un aroma c\u00e1lido, duradero y ligeramente gourmet, elegante y atractivo a la vez, con un toque de estilo \u00e1rabe.<\/span><\/p>\n<ul>\n<li dir=\"ltr\"><strong><span dir=\"auto\">Notas de salida: <\/span><\/strong><span dir=\"auto\">cardamomo, jengibre, canela.<\/span><\/li>\n<li dir=\"ltr\"><strong><span dir=\"auto\">Notas de coraz\u00f3n:<\/span><\/strong> <span dir=\"auto\">pralin\u00e9, flores blancas, frutas confitadas.<\/span><\/li>\n<li dir=\"ltr\"><strong><span dir=\"auto\">Notas de fondo: <\/span><\/strong><span dir=\"auto\">v<\/span><span dir=\"auto\">ainilla, almizcle, benju\u00ed, caf\u00e9, haba tonka.<\/span><\/li>\n<\/ul>\n","protected":false},"excerpt":{"rendered":"<p>KHAMRAH QAHWA Es una fragancia oriental de vainilla para hombres y mujeres. Te transporta al coraz\u00f3n de la hospitalidad \u00e1rabe,<\/p>\n","protected":false},"featured_media":100696,"comment_status":"open","ping_status":"closed","template":"","meta":{"nf_dc_page":""},"product_brand":[109],"product_cat":[94],"product_tag":[3229],"class_list":{"0":"post-100695","1":"product","2":"type-product","3":"status-publish","4":"has-post-thumbnail","6":"product_brand-lattafa","7":"product_cat-higiene-personal","8":"product_tag-3229","10":"first","11":"instock","12":"shipping-taxable","13":"purchasable","14":"product-type-simple"},"_links":{"self":[{"href":"https:\/\/brandss.com.py\/index\/wp-json\/wp\/v2\/product\/100695","targetHints":{"allow":["GET"]}}],"collection":[{"href":"https:\/\/brandss.com.py\/index\/wp-json\/wp\/v2\/product"}],"about":[{"href":"https:\/\/brandss.com.py\/index\/wp-json\/wp\/v2\/types\/product"}],"replies":[{"embeddable":true,"href":"https:\/\/brandss.com.py\/index\/wp-json\/wp\/v2\/comments?post=100695"}],"version-history":[{"count":1,"href":"https:\/\/brandss.com.py\/index\/wp-json\/wp\/v2\/product\/100695\/revisions"}],"predecessor-version":[{"id":100700,"href":"https:\/\/brandss.com.py\/index\/wp-json\/wp\/v2\/product\/100695\/revisions\/100700"}],"wp:featuredmedia":[{"embeddable":true,"href":"https:\/\/brandss.com.py\/index\/wp-json\/wp\/v2\/media\/100696"}],"wp:attachment":[{"href":"https:\/\/brandss.com.py\/index\/wp-json\/wp\/v2\/media?parent=100695"}],"wp:term":[{"taxonomy":"product_brand","embeddable":true,"href":"https:\/\/brandss.com.py\/index\/wp-json\/wp\/v2\/product_brand?post=100695"},{"taxonomy":"product_cat","embeddable":true,"href":"https:\/\/brandss.com.py\/index\/wp-json\/wp\/v2\/product_cat?post=100695"},{"taxonomy":"product_tag","embeddable":true,"href":"https:\/\/brandss.com.py\/index\/wp-json\/wp\/v2\/product_tag?post=100695"}],"curies":[{"name":"wp","href":"https:\/\/api.w.org\/{rel}","templated":true}]}}