{"id":100715,"date":"2026-03-23T18:08:56","date_gmt":"2026-03-23T18:08:56","guid":{"rendered":"https:\/\/brandss.com.py\/index\/?post_type=product&#038;p=100715"},"modified":"2026-03-23T18:09:15","modified_gmt":"2026-03-23T18:09:15","slug":"perfume-unisex-laffair-maison-rouge-edp-100ml","status":"publish","type":"product","link":"https:\/\/brandss.com.py\/index\/producto\/perfume-unisex-laffair-maison-rouge-edp-100ml\/","title":{"rendered":"PERFUME UNISEX L\u2019AFFAIR MAISON ROUGE EDP 100ML"},"content":{"rendered":"<p><img loading=\"lazy\" decoding=\"async\" class=\"\" src=\"https:\/\/pricezent.com\/wp-content\/uploads\/2024\/06\/Enmascarar-grupo-2.jpg.webp\" width=\"122\" height=\"86\" \/><\/p>\n<h1>MAISON ROUGE<\/h1>\n<p>Nos transporta al mundo de los perfumes de nicho, con la excepcional fragancia de la f\u00e1brica de perfumes L&#8217;affair. Maison significa casa en franc\u00e9s. Nuestro perfumista quiso plasmar en esta fragancia la atm\u00f3sfera \u00edntima y acogedora del hogar. Maison Rouge es una fragancia unisex excepcional que envuelve a ambos sexos en una nube de aroma especial. Despierta los sentidos y atrae todas las miradas. Recibe con orgullo el reconocimiento de tu entorno y eleva tu imagen a un nivel superior.<\/p>\n<p>\u00a1Maison Rouge es la elecci\u00f3n perfecta! L\u00facelo con sensualidad, como una prenda invisible que despertar\u00e1 la envidia de quienes te rodean.<\/p>\n<p>&nbsp;<\/p>\n<h3>Notas Olfativas<\/h3>\n<p>&nbsp;<\/p>\n<p><span dir=\"auto\">Maison Rouge, inspirado en Dubai, es una pieza musical que comienza su composici\u00f3n con una apertura reverente. En la nota de salida<\/span><span dir=\"auto\">, aparecen flores blancas en el acorde de nuestro perfume Dubai. Entre ellas, destaca el jazm\u00edn con su caracter\u00edstico aroma dulce. Uno de los ingredientes m\u00e1s caros de la perfumer\u00eda se une a esta atm\u00f3sfera floral con sus notas arom\u00e1ticas de azafr\u00e1n. Tras la evaporaci\u00f3n del alcohol, los ingredientes resinosos del perfume se despliegan en la nota de coraz\u00f3n. La suave y dulce armon\u00eda del b\u00e1lsamo de \u00e1mbar mantiene el equilibrio del mundo de la fragancia oriental de la madera de \u00e1mbar. Nuestro perfume unisex Maison Rouge de 100 ml, inspirado en Dubai, se inclina espec\u00edficamente hacia la elegancia en el coraz\u00f3n de la fragancia. A medida que nuestro perfume se despliega en la piel, revela una serie de resinas orientales que ondulan en perfecta armon\u00eda. En su acorde de fondo, palpita la madera de la resina de abeto, que el cedro equilibra a la perfecci\u00f3n al final de nuestro perfume Dubai.<\/span><\/p>\n<p><span dir=\"auto\"><strong>Notas de salida:<\/strong> flores blancas, jazm\u00edn, azafr\u00e1n.<\/span><br \/>\n<span dir=\"auto\"><strong>Notas de coraz\u00f3n:<\/strong> notas resinosas,\u00a0<\/span><span dir=\"auto\">b\u00e1lsamo de \u00e1mbar<\/span><span dir=\"auto\">\u00a0, madera de \u00e1mbar.<\/span><br \/>\n<span dir=\"auto\"><strong>Notas de fondo:<\/strong> resina de abeto,\u00a0<\/span><span dir=\"auto\">cedro.<\/span><\/p>\n","protected":false},"excerpt":{"rendered":"<p>MAISON ROUGE Nos transporta al mundo de los perfumes de nicho, con la excepcional fragancia de la f\u00e1brica de perfumes<\/p>\n","protected":false},"featured_media":100716,"comment_status":"open","ping_status":"closed","template":"","meta":{"nf_dc_page":""},"product_brand":[3230],"product_cat":[84],"product_tag":[3233],"class_list":{"0":"post-100715","1":"product","2":"type-product","3":"status-publish","4":"has-post-thumbnail","6":"product_brand-laffair-parfum","7":"product_cat-perfumeria","8":"product_tag-3233","10":"first","11":"instock","12":"shipping-taxable","13":"purchasable","14":"product-type-simple"},"_links":{"self":[{"href":"https:\/\/brandss.com.py\/index\/wp-json\/wp\/v2\/product\/100715","targetHints":{"allow":["GET"]}}],"collection":[{"href":"https:\/\/brandss.com.py\/index\/wp-json\/wp\/v2\/product"}],"about":[{"href":"https:\/\/brandss.com.py\/index\/wp-json\/wp\/v2\/types\/product"}],"replies":[{"embeddable":true,"href":"https:\/\/brandss.com.py\/index\/wp-json\/wp\/v2\/comments?post=100715"}],"version-history":[{"count":1,"href":"https:\/\/brandss.com.py\/index\/wp-json\/wp\/v2\/product\/100715\/revisions"}],"predecessor-version":[{"id":100719,"href":"https:\/\/brandss.com.py\/index\/wp-json\/wp\/v2\/product\/100715\/revisions\/100719"}],"wp:featuredmedia":[{"embeddable":true,"href":"https:\/\/brandss.com.py\/index\/wp-json\/wp\/v2\/media\/100716"}],"wp:attachment":[{"href":"https:\/\/brandss.com.py\/index\/wp-json\/wp\/v2\/media?parent=100715"}],"wp:term":[{"taxonomy":"product_brand","embeddable":true,"href":"https:\/\/brandss.com.py\/index\/wp-json\/wp\/v2\/product_brand?post=100715"},{"taxonomy":"product_cat","embeddable":true,"href":"https:\/\/brandss.com.py\/index\/wp-json\/wp\/v2\/product_cat?post=100715"},{"taxonomy":"product_tag","embeddable":true,"href":"https:\/\/brandss.com.py\/index\/wp-json\/wp\/v2\/product_tag?post=100715"}],"curies":[{"name":"wp","href":"https:\/\/api.w.org\/{rel}","templated":true}]}}