{"id":100725,"date":"2026-03-23T18:41:56","date_gmt":"2026-03-23T18:41:56","guid":{"rendered":"https:\/\/brandss.com.py\/index\/?post_type=product&#038;p=100725"},"modified":"2026-04-27T19:12:15","modified_gmt":"2026-04-27T19:12:15","slug":"perfume-unisex-laffair-mare-di-amalfi-azure-edp-100ml","status":"publish","type":"product","link":"https:\/\/brandss.com.py\/index\/producto\/perfume-unisex-laffair-mare-di-amalfi-azure-edp-100ml\/","title":{"rendered":"PERFUME UNISEX L\u2019AFFAIR MARE DI AMALFI AZURE EDP 100ML"},"content":{"rendered":"<p><img loading=\"lazy\" decoding=\"async\" class=\"\" src=\"https:\/\/pricezent.com\/wp-content\/uploads\/2024\/06\/Enmascarar-grupo-2.jpg.webp\" width=\"121\" height=\"85\" \/><\/p>\n<h1>MARE DI AMALFI AZURE<\/h1>\n<p>Es una fragancia excepcional que envuelve a quien la usa en una nube de aroma \u00fanica. Despierta los sentidos y atrae todas las miradas. Recibe el reconocimiento de tu entorno con orgullo y eleva tu imagen a un nivel superior.<\/p>\n<p>Mare di Amalfi Azure es la elecci\u00f3n perfecta! Usa este perfume unisex de forma provocativa como un vestido invisible que te convertir\u00e1 en la envidia de quienes te rodean.<\/p>\n<h3>Notas Olfativas<\/h3>\n<p>Mare di Amalfi Azure 100ml Unisex Dubai Perfume es una fragancia sensual y brillante. En la nota de salida de nuestro Eau de Parfum, el primer toque de c\u00edtricos te seduce con la vibrante frescura de la menta y la albahaca en el primer acorde de nuestro perfume Dubai. La libertad se inclina espec\u00edficamente hacia las experiencias junto al mar en el coraz\u00f3n de nuestro L&#8217;affair Mare di Amalfi Azure 100ml Unisex Dubai Perfume. Los acordes de flor de naranjo abrazan la armon\u00eda especiada de la salvia y la pimienta negra, encantada por el jazm\u00edn nocturno con un beso mediterr\u00e1neo. Nuestro perfume sobre la piel revela una serie de ingredientes fascinantes que se ondulan en perfecta armon\u00eda. En su acorde de fondo, el l\u00e1dano aporta la dulzura bals\u00e1mica de la hierba vetiver, un toque de frescura y la suave caricia del almizcle, creando un aura hipn\u00f3tica y duradera al final de nuestro perfume Dubai. Quien use nuestro L&#8217;affair Mare di Amalfi Azure 100ml Unisex Dubai perfume destacar\u00e1 con confianza entre la multitud.<\/p>\n<div class=\"brxe-block termek-single__data-block\">\n<div class=\"brxe-text-basic termek-single__data-name\"><span dir=\"auto\"><strong>Notas de salida:<\/strong> l<\/span><span dir=\"auto\">im\u00f3n, pomelo, menta, albahaca.<\/span><\/div>\n<\/div>\n<div class=\"brxe-block termek-single__data-block\">\n<div class=\"brxe-text-basic termek-single__data-name\"><span dir=\"auto\"><strong>Notas del coraz\u00f3n:<\/strong> f<\/span><span dir=\"auto\">lor de naranjo, salvia, jazm\u00edn, pimienta negra.<\/span><\/div>\n<\/div>\n<div class=\"brxe-block termek-single__data-block\">\n<div class=\"brxe-text-basic termek-single__data-name\"><strong><span dir=\"auto\">Notas de fondo: <\/span><\/strong><span dir=\"auto\">almizcle, vetiver, \u00e1mbar, l\u00e1dano.<\/span><\/div>\n<\/div>\n","protected":false},"excerpt":{"rendered":"<p>MARE DI AMALFI AZURE Es una fragancia excepcional que envuelve a quien la usa en una nube de aroma \u00fanica.<\/p>\n","protected":false},"featured_media":100726,"comment_status":"open","ping_status":"closed","template":"","meta":{"nf_dc_page":""},"product_brand":[3230],"product_cat":[84],"product_tag":[3235],"class_list":{"0":"post-100725","1":"product","2":"type-product","3":"status-publish","4":"has-post-thumbnail","6":"product_brand-laffair-parfum","7":"product_cat-perfumeria","8":"product_tag-3235","10":"first","11":"instock","12":"shipping-taxable","13":"purchasable","14":"product-type-simple"},"_links":{"self":[{"href":"https:\/\/brandss.com.py\/index\/wp-json\/wp\/v2\/product\/100725","targetHints":{"allow":["GET"]}}],"collection":[{"href":"https:\/\/brandss.com.py\/index\/wp-json\/wp\/v2\/product"}],"about":[{"href":"https:\/\/brandss.com.py\/index\/wp-json\/wp\/v2\/types\/product"}],"replies":[{"embeddable":true,"href":"https:\/\/brandss.com.py\/index\/wp-json\/wp\/v2\/comments?post=100725"}],"version-history":[{"count":1,"href":"https:\/\/brandss.com.py\/index\/wp-json\/wp\/v2\/product\/100725\/revisions"}],"predecessor-version":[{"id":100729,"href":"https:\/\/brandss.com.py\/index\/wp-json\/wp\/v2\/product\/100725\/revisions\/100729"}],"wp:featuredmedia":[{"embeddable":true,"href":"https:\/\/brandss.com.py\/index\/wp-json\/wp\/v2\/media\/100726"}],"wp:attachment":[{"href":"https:\/\/brandss.com.py\/index\/wp-json\/wp\/v2\/media?parent=100725"}],"wp:term":[{"taxonomy":"product_brand","embeddable":true,"href":"https:\/\/brandss.com.py\/index\/wp-json\/wp\/v2\/product_brand?post=100725"},{"taxonomy":"product_cat","embeddable":true,"href":"https:\/\/brandss.com.py\/index\/wp-json\/wp\/v2\/product_cat?post=100725"},{"taxonomy":"product_tag","embeddable":true,"href":"https:\/\/brandss.com.py\/index\/wp-json\/wp\/v2\/product_tag?post=100725"}],"curies":[{"name":"wp","href":"https:\/\/api.w.org\/{rel}","templated":true}]}}