{"id":100730,"date":"2026-03-23T18:57:39","date_gmt":"2026-03-23T18:57:39","guid":{"rendered":"https:\/\/brandss.com.py\/index\/?post_type=product&#038;p=100730"},"modified":"2026-03-23T18:58:05","modified_gmt":"2026-03-23T18:58:05","slug":"perfume-femenino-laffair-swag-edp-100ml","status":"publish","type":"product","link":"https:\/\/brandss.com.py\/index\/producto\/perfume-femenino-laffair-swag-edp-100ml\/","title":{"rendered":"PERFUME FEMENINO L\u2019AFFAIR SWAG EDP 100ML"},"content":{"rendered":"<p><img loading=\"lazy\" decoding=\"async\" class=\"\" src=\"https:\/\/pricezent.com\/wp-content\/uploads\/2024\/06\/Enmascarar-grupo-2.jpg.webp\" width=\"85\" height=\"60\" \/><\/p>\n<h1>SWAG<\/h1>\n<p>Es una fragancia para amantes de los perfumes de gran impacto visual. Swag para mujer evoca la elegancia desafiante y el encanto vibrante de Dub\u00e1i, destacando a quien la usa entre la multitud. Ofrece una experiencia olfativa tan impresionante que todos desear\u00edan tenerla presente.<\/p>\n<h3>Notas Olfativas<\/h3>\n<p>Swag para mujer, comienza la batalla entre los ingredientes para conquistar nuestros olfatos. Acordes explosivos y encantadores en la nota de salida abren, nuestro perfume \u00e1rabe para mujer. Swag roc\u00eda nuestra piel con jugosas gotas de naranja sanguina, que inician la pulsaci\u00f3n c\u00edtrica en nuestra composici\u00f3n olfativa. Mientras la frescura y los toques c\u00edtricos dominan nuestros sentidos, las cremosas flores blancas de gardenia y la fragancia del jazm\u00edn comienzan a flotar. En esta etapa del perfume, la disonancia domina nuestro perfume Dubai. Despu\u00e9s de que el alcohol se evapora, en el coraz\u00f3n de L&#8217;affair Swag para mujer, la nota de coraz\u00f3n derrama dulces y doradas gotas de miel, que asumen el acorde de elegancia. Una brisa bals\u00e1mica y el juego fresco de la nota de salida cierran el coraz\u00f3n de nuestro perfume \u00e1rabe. El pachul\u00ed amaderado y empolvado en su aroma de fondo es lo que corona el final de nuestro perfume L&#8217;affair Swag para mujer. En su explosi\u00f3n final, emerge la irresistible fragancia de Woman.<\/p>\n<div class=\"brxe-block termek-single__data-block\">\n<div class=\"brxe-text-basic termek-single__data-name\"><strong><span dir=\"auto\">Notas de salida: <\/span><\/strong><span dir=\"auto\">naranja sanguina, gardenia.<\/span><\/div>\n<\/div>\n<div class=\"brxe-block termek-single__data-block\">\n<div class=\"brxe-text-basic termek-single__data-name\"><span dir=\"auto\"><strong>Notas del coraz\u00f3n:<\/strong> m<\/span><span dir=\"auto\">iel.<\/span><\/div>\n<\/div>\n<div class=\"brxe-block termek-single__data-block\">\n<div class=\"brxe-text-basic termek-single__data-name\"><strong><span dir=\"auto\">Notas de fondo: <\/span><\/strong><span dir=\"auto\">pachul\u00ed.<\/span><\/div>\n<\/div>\n<p>&nbsp;<\/p>\n","protected":false},"excerpt":{"rendered":"<p>SWAG Es una fragancia para amantes de los perfumes de gran impacto visual. Swag para mujer evoca la elegancia desafiante<\/p>\n","protected":false},"featured_media":100731,"comment_status":"open","ping_status":"closed","template":"","meta":{"nf_dc_page":""},"product_brand":[3230],"product_cat":[84],"product_tag":[3236],"class_list":{"0":"post-100730","1":"product","2":"type-product","3":"status-publish","4":"has-post-thumbnail","6":"product_brand-laffair-parfum","7":"product_cat-perfumeria","8":"product_tag-3236","10":"first","11":"instock","12":"shipping-taxable","13":"purchasable","14":"product-type-simple"},"_links":{"self":[{"href":"https:\/\/brandss.com.py\/index\/wp-json\/wp\/v2\/product\/100730","targetHints":{"allow":["GET"]}}],"collection":[{"href":"https:\/\/brandss.com.py\/index\/wp-json\/wp\/v2\/product"}],"about":[{"href":"https:\/\/brandss.com.py\/index\/wp-json\/wp\/v2\/types\/product"}],"replies":[{"embeddable":true,"href":"https:\/\/brandss.com.py\/index\/wp-json\/wp\/v2\/comments?post=100730"}],"version-history":[{"count":1,"href":"https:\/\/brandss.com.py\/index\/wp-json\/wp\/v2\/product\/100730\/revisions"}],"predecessor-version":[{"id":100734,"href":"https:\/\/brandss.com.py\/index\/wp-json\/wp\/v2\/product\/100730\/revisions\/100734"}],"wp:featuredmedia":[{"embeddable":true,"href":"https:\/\/brandss.com.py\/index\/wp-json\/wp\/v2\/media\/100731"}],"wp:attachment":[{"href":"https:\/\/brandss.com.py\/index\/wp-json\/wp\/v2\/media?parent=100730"}],"wp:term":[{"taxonomy":"product_brand","embeddable":true,"href":"https:\/\/brandss.com.py\/index\/wp-json\/wp\/v2\/product_brand?post=100730"},{"taxonomy":"product_cat","embeddable":true,"href":"https:\/\/brandss.com.py\/index\/wp-json\/wp\/v2\/product_cat?post=100730"},{"taxonomy":"product_tag","embeddable":true,"href":"https:\/\/brandss.com.py\/index\/wp-json\/wp\/v2\/product_tag?post=100730"}],"curies":[{"name":"wp","href":"https:\/\/api.w.org\/{rel}","templated":true}]}}