{"id":100742,"date":"2026-03-24T11:38:37","date_gmt":"2026-03-24T11:38:37","guid":{"rendered":"https:\/\/brandss.com.py\/index\/?post_type=product&#038;p=100742"},"modified":"2026-03-24T11:39:11","modified_gmt":"2026-03-24T11:39:11","slug":"perfume-femenino-laffair-worship-edp-100ml","status":"publish","type":"product","link":"https:\/\/brandss.com.py\/index\/producto\/perfume-femenino-laffair-worship-edp-100ml\/","title":{"rendered":"PERFUME FEMENINO L\u2019AFFAIR WORSHIP EDP 100ML"},"content":{"rendered":"<p><img loading=\"lazy\" decoding=\"async\" class=\"\" src=\"https:\/\/api.eleganciacompany.com\/storage\/marcas\/176614937269454cfc0dbac.png\" alt=\"Eleg\u00e2ncia Company\" width=\"101\" height=\"101\" \/><\/p>\n<h1>WORSHIP<\/h1>\n<p>Es una fragancia que nos transporta a los fascinantes y elegantes palacios dorados de Dub\u00e1i. Sus ingredientes especiales deslumbran nuestros sentidos. La pir\u00e1mide olfativa de Worship para mujer esconde notas que dejar\u00e1n una huella imborrable en quienes te rodean, quienes te recordar\u00e1n. Con este perfume, podr\u00e1s destacar entre la multitud y mostrar tu estilo \u00fanico. Acepta el reconocimiento con orgullo y s\u00e9 el centro de atenci\u00f3n.<\/p>\n<p>Si buscas un perfume realmente especial, \u00a1L&#8217;affair Worship es la elecci\u00f3n perfecta! Luce esta fragancia \u00e1rabe femenina con sensualidad, como un vestido invisible que despertar\u00e1 la envidia de quienes te rodean.<\/p>\n<p>&nbsp;<\/p>\n<h3>Notas Olfativas<\/h3>\n<p>&nbsp;<\/p>\n<p>Worship es una verdadera armon\u00eda olfativa. En las notas de salida, nuestra primera experiencia comienza con la vigorizante apertura de ciruela jugosa, lim\u00f3n y naranja. Nuestros sentidos se ven influenciados por suaves y cremosos acordes al inicio de este perfume. En este momento, muchas personas disfrutan de la emoci\u00f3n que proporciona el primer acorde de la fragancia con los ojos cerrados. \u00a1Este perfume \u00e1rabe para mujer experimenta una maravillosa metamorfosis tras el secado! En las notas de coraz\u00f3n de nuestra especialidad, la delicada elegancia de la flor de naranjo se entrelaza con la suave dulzura fundente del caramelo de leche. Una composici\u00f3n oriental acaricia nuestra nariz en las notas de coraz\u00f3n de nuestro perfume. \u00a1La fuerza se manifiesta en las notas de fondo, el almizcle blanco aporta una delicada suavidad, mientras que la suavidad aterciopelada del an\u00eds, oculta en las notas de fondo, y la profundidad bals\u00e1mica del benju\u00ed hacen que la fragancia sea duradera e inolvidable. Las notas dulces deslumbran en el \u00faltimo acorde de nuestro perfume. Todos so\u00f1amos con fragancias \u00fanicas que nos atraen al percibir su aroma especial. Pues bien, L&#8217;affair Worship es una de esas fragancias.<\/p>\n<div class=\"brxe-block termek-single__data-block\">\n<div class=\"brxe-text-basic termek-single__data-name\"><span dir=\"auto\"><strong>Notas de salida:<\/strong> c<\/span><span dir=\"auto\">iruela, lim\u00f3n, naranja.<\/span><\/div>\n<\/div>\n<div class=\"brxe-block termek-single__data-block\">\n<div class=\"brxe-text-basic termek-single__data-name\"><strong><span dir=\"auto\">Notas de coraz\u00f3n: <\/span><\/strong><span dir=\"auto\">flor de naranjo, caramelo con leche.<\/span><\/div>\n<\/div>\n<div class=\"brxe-block termek-single__data-block\">\n<div class=\"brxe-text-basic termek-single__data-name\"><span dir=\"auto\"><strong>Notas de fondo:<\/strong> <\/span><span dir=\"auto\">almizcle, vainilla, benju\u00ed.<\/span><\/div>\n<\/div>\n","protected":false},"excerpt":{"rendered":"<p>WORSHIP Es una fragancia que nos transporta a los fascinantes y elegantes palacios dorados de Dub\u00e1i. Sus ingredientes especiales deslumbran<\/p>\n","protected":false},"featured_media":100743,"comment_status":"open","ping_status":"closed","template":"","meta":{"nf_dc_page":""},"product_brand":[3230],"product_cat":[84],"product_tag":[3239],"class_list":{"0":"post-100742","1":"product","2":"type-product","3":"status-publish","4":"has-post-thumbnail","6":"product_brand-laffair-parfum","7":"product_cat-perfumeria","8":"product_tag-3239","10":"first","11":"instock","12":"shipping-taxable","13":"purchasable","14":"product-type-simple"},"_links":{"self":[{"href":"https:\/\/brandss.com.py\/index\/wp-json\/wp\/v2\/product\/100742","targetHints":{"allow":["GET"]}}],"collection":[{"href":"https:\/\/brandss.com.py\/index\/wp-json\/wp\/v2\/product"}],"about":[{"href":"https:\/\/brandss.com.py\/index\/wp-json\/wp\/v2\/types\/product"}],"replies":[{"embeddable":true,"href":"https:\/\/brandss.com.py\/index\/wp-json\/wp\/v2\/comments?post=100742"}],"version-history":[{"count":1,"href":"https:\/\/brandss.com.py\/index\/wp-json\/wp\/v2\/product\/100742\/revisions"}],"predecessor-version":[{"id":100746,"href":"https:\/\/brandss.com.py\/index\/wp-json\/wp\/v2\/product\/100742\/revisions\/100746"}],"wp:featuredmedia":[{"embeddable":true,"href":"https:\/\/brandss.com.py\/index\/wp-json\/wp\/v2\/media\/100743"}],"wp:attachment":[{"href":"https:\/\/brandss.com.py\/index\/wp-json\/wp\/v2\/media?parent=100742"}],"wp:term":[{"taxonomy":"product_brand","embeddable":true,"href":"https:\/\/brandss.com.py\/index\/wp-json\/wp\/v2\/product_brand?post=100742"},{"taxonomy":"product_cat","embeddable":true,"href":"https:\/\/brandss.com.py\/index\/wp-json\/wp\/v2\/product_cat?post=100742"},{"taxonomy":"product_tag","embeddable":true,"href":"https:\/\/brandss.com.py\/index\/wp-json\/wp\/v2\/product_tag?post=100742"}],"curies":[{"name":"wp","href":"https:\/\/api.w.org\/{rel}","templated":true}]}}