{"id":100747,"date":"2026-03-24T12:15:31","date_gmt":"2026-03-24T12:15:31","guid":{"rendered":"https:\/\/brandss.com.py\/index\/?post_type=product&#038;p=100747"},"modified":"2026-03-24T12:15:57","modified_gmt":"2026-03-24T12:15:57","slug":"perfume-masculino-laffair-parfum-de-muse-aquila-edp-100ml","status":"publish","type":"product","link":"https:\/\/brandss.com.py\/index\/producto\/perfume-masculino-laffair-parfum-de-muse-aquila-edp-100ml\/","title":{"rendered":"PERFUME MASCULINO L\u2019AFFAIR PARFUM DE MUSE AQUILA EDP 100ML"},"content":{"rendered":"<p><img loading=\"lazy\" decoding=\"async\" class=\"\" src=\"https:\/\/api.eleganciacompany.com\/storage\/marcas\/176614937269454cfc0dbac.png\" alt=\"Eleg\u00e2ncia Company\" width=\"111\" height=\"111\" \/><\/p>\n<h1>PARFUM DE MUSE AQUILA<\/h1>\n<p>Es una fragancia que nos transporta al mundo de los perfumes de nicho. La libertad evoca una atm\u00f3sfera de elegancia con nuestra especialidad en perfumer\u00eda. Parfum De Muse Aquila es una fragancia excepcional que envuelve al usuario en una nube de aroma \u00fanica. Despierta los sentidos y atrae todas las miradas. Recibe el reconocimiento de tu entorno con orgullo y eleva tu imagen a un nivel superior.<\/p>\n<h3>Notas Olfativas<\/h3>\n<p>Parfum De Muse Aquila es una fragancia brillante, sensual y dulce. En la nota de salida de nuestro Eau de Parfum, la fresca bergamota y la seductora flor de naranjo palpitan en el primer acorde de nuestro perfume Dubai. Una misteriosa armon\u00eda arom\u00e1tica llega al coraz\u00f3n de nuestro L&#8217;affair Parfum De Muse Aquila 100ml Perfume para hombre Dubai. El rico aroma de la vainilla Bourbon se funde con el abrazo del b\u00e1lsamo de \u00e1mbar. Nuestro perfume sobre la piel revela una serie de ingredientes orientales que se ondulan en perfecta armon\u00eda. En su acorde de fondo, la madera de guayaco y el pralin\u00e9 aportan el dulce e intenso aroma de nuestro perfume \u00e1rabe. La suave caricia del almizcle junto con la brisa amaderada del \u00e1mbar crean un aura hipn\u00f3tica y duradera en el final de nuestro perfume Dubai. Quien usa nuestro L&#8217;affair Parfum De Muse Aquila 100ml Perfume para hombre Dubai destaca con confianza entre la multitud.<\/p>\n<p><strong>Notas de salida:<\/strong> bergamota, flor de naranjo.<\/p>\n<p><strong>Notas de coraz\u00f3n:<\/strong> vainilla bourbon, \u00e1mbar.<\/p>\n<p><strong>Notas de fondo:<\/strong> madera de guayaco, pralin\u00e9, almizcle.<\/p>\n","protected":false},"excerpt":{"rendered":"<p>PARFUM DE MUSE AQUILA Es una fragancia que nos transporta al mundo de los perfumes de nicho. La libertad evoca<\/p>\n","protected":false},"featured_media":100748,"comment_status":"open","ping_status":"closed","template":"","meta":{"nf_dc_page":""},"product_brand":[3230],"product_cat":[84],"product_tag":[3241],"class_list":{"0":"post-100747","1":"product","2":"type-product","3":"status-publish","4":"has-post-thumbnail","6":"product_brand-laffair-parfum","7":"product_cat-perfumeria","8":"product_tag-3241","10":"first","11":"instock","12":"shipping-taxable","13":"purchasable","14":"product-type-simple"},"_links":{"self":[{"href":"https:\/\/brandss.com.py\/index\/wp-json\/wp\/v2\/product\/100747","targetHints":{"allow":["GET"]}}],"collection":[{"href":"https:\/\/brandss.com.py\/index\/wp-json\/wp\/v2\/product"}],"about":[{"href":"https:\/\/brandss.com.py\/index\/wp-json\/wp\/v2\/types\/product"}],"replies":[{"embeddable":true,"href":"https:\/\/brandss.com.py\/index\/wp-json\/wp\/v2\/comments?post=100747"}],"version-history":[{"count":1,"href":"https:\/\/brandss.com.py\/index\/wp-json\/wp\/v2\/product\/100747\/revisions"}],"predecessor-version":[{"id":100751,"href":"https:\/\/brandss.com.py\/index\/wp-json\/wp\/v2\/product\/100747\/revisions\/100751"}],"wp:featuredmedia":[{"embeddable":true,"href":"https:\/\/brandss.com.py\/index\/wp-json\/wp\/v2\/media\/100748"}],"wp:attachment":[{"href":"https:\/\/brandss.com.py\/index\/wp-json\/wp\/v2\/media?parent=100747"}],"wp:term":[{"taxonomy":"product_brand","embeddable":true,"href":"https:\/\/brandss.com.py\/index\/wp-json\/wp\/v2\/product_brand?post=100747"},{"taxonomy":"product_cat","embeddable":true,"href":"https:\/\/brandss.com.py\/index\/wp-json\/wp\/v2\/product_cat?post=100747"},{"taxonomy":"product_tag","embeddable":true,"href":"https:\/\/brandss.com.py\/index\/wp-json\/wp\/v2\/product_tag?post=100747"}],"curies":[{"name":"wp","href":"https:\/\/api.w.org\/{rel}","templated":true}]}}