{"id":100757,"date":"2026-03-24T12:58:01","date_gmt":"2026-03-24T12:58:01","guid":{"rendered":"https:\/\/brandss.com.py\/index\/?post_type=product&#038;p=100757"},"modified":"2026-03-24T12:58:42","modified_gmt":"2026-03-24T12:58:42","slug":"perfume-femenino-laffair-parfum-de-muse-roseate-edp-100ml","status":"publish","type":"product","link":"https:\/\/brandss.com.py\/index\/producto\/perfume-femenino-laffair-parfum-de-muse-roseate-edp-100ml\/","title":{"rendered":"PERFUME FEMENINO L&#8217;AFFAIR PARFUM DE MUSE ROSEATE EDP 100ML"},"content":{"rendered":"<p><img loading=\"lazy\" decoding=\"async\" class=\"\" src=\"https:\/\/api.eleganciacompany.com\/storage\/marcas\/176614937269454cfc0dbac.png\" alt=\"Eleg\u00e2ncia Company\" width=\"104\" height=\"104\" \/><\/p>\n<h1>PARFUM DE MUSE ROSEATE<\/h1>\n<p>Es el sue\u00f1o de toda mujer. Una rica composici\u00f3n olfativa para amantes de las notas frutales y florales que se distingue de la monoton\u00eda de las fragancias convencionales. Parfum De Muse Roseate evoca la elegancia oriental y el misticismo de Dub\u00e1i. Ofrece una experiencia olfativa tan fascinante que todos desean tenerla en su entorno.<\/p>\n<h3>Notas Olfativas<\/h3>\n<p>Parfum De Muse Roseate esconde ingredientes de perfume fascinantes. En la salida, los tonos frutales y las vibraciones c\u00edtricas dan paso a nuestro perfume, un perfume \u00e1rabe para mujer. En los primeros instantes de Parfum De Muse Roseate, aparecen el jugoso lichi y la suculenta pera, revitalizados por la bergamota c\u00edtrica con sus notas frescas. Tras el secado, en el coraz\u00f3n de Parfum De Muse Roseate, nuestro perfume se envuelve en una nube de fragancia floral. La frescura de la rosa turca y la peon\u00eda palpita en el coraz\u00f3n de nuestro perfume para mujer, que se vuelve a\u00fan m\u00e1s m\u00e1gico gracias a los tonos florales. La frescura de las frutas y la embriagadora armon\u00eda de las flores dominan nuestra fragancia Dubai. Las notas de fondo de almizcle blanco, vetiver y el aroma de un bosque empapado por la lluvia se combinan en el aroma final de nuestro perfume femenino Parfum De Muse Roseate.<\/p>\n<p><span dir=\"auto\"><strong>Notas de salida:<\/strong> bergamota, menta verde, ruibarbo, lichi.<\/span><\/p>\n<p><span dir=\"auto\"><strong>Notas de coraz\u00f3n:<\/strong> rosa, lirio del valle, peon\u00eda, especias, nuez moscada, madera.<\/span><\/p>\n<p><span dir=\"auto\"><strong>Nota de fondo:<\/strong> madera, \u00e1mbar, almizcle, vetiver.<\/span><\/p>\n","protected":false},"excerpt":{"rendered":"<p>PARFUM DE MUSE ROSEATE Es el sue\u00f1o de toda mujer. Una rica composici\u00f3n olfativa para amantes de las notas frutales<\/p>\n","protected":false},"featured_media":100758,"comment_status":"open","ping_status":"closed","template":"","meta":{"nf_dc_page":""},"product_brand":[3230],"product_cat":[84],"product_tag":[3243],"class_list":{"0":"post-100757","1":"product","2":"type-product","3":"status-publish","4":"has-post-thumbnail","6":"product_brand-laffair-parfum","7":"product_cat-perfumeria","8":"product_tag-3243","10":"first","11":"instock","12":"shipping-taxable","13":"purchasable","14":"product-type-simple"},"_links":{"self":[{"href":"https:\/\/brandss.com.py\/index\/wp-json\/wp\/v2\/product\/100757","targetHints":{"allow":["GET"]}}],"collection":[{"href":"https:\/\/brandss.com.py\/index\/wp-json\/wp\/v2\/product"}],"about":[{"href":"https:\/\/brandss.com.py\/index\/wp-json\/wp\/v2\/types\/product"}],"replies":[{"embeddable":true,"href":"https:\/\/brandss.com.py\/index\/wp-json\/wp\/v2\/comments?post=100757"}],"version-history":[{"count":1,"href":"https:\/\/brandss.com.py\/index\/wp-json\/wp\/v2\/product\/100757\/revisions"}],"predecessor-version":[{"id":100761,"href":"https:\/\/brandss.com.py\/index\/wp-json\/wp\/v2\/product\/100757\/revisions\/100761"}],"wp:featuredmedia":[{"embeddable":true,"href":"https:\/\/brandss.com.py\/index\/wp-json\/wp\/v2\/media\/100758"}],"wp:attachment":[{"href":"https:\/\/brandss.com.py\/index\/wp-json\/wp\/v2\/media?parent=100757"}],"wp:term":[{"taxonomy":"product_brand","embeddable":true,"href":"https:\/\/brandss.com.py\/index\/wp-json\/wp\/v2\/product_brand?post=100757"},{"taxonomy":"product_cat","embeddable":true,"href":"https:\/\/brandss.com.py\/index\/wp-json\/wp\/v2\/product_cat?post=100757"},{"taxonomy":"product_tag","embeddable":true,"href":"https:\/\/brandss.com.py\/index\/wp-json\/wp\/v2\/product_tag?post=100757"}],"curies":[{"name":"wp","href":"https:\/\/api.w.org\/{rel}","templated":true}]}}