{"id":100762,"date":"2026-03-24T13:21:40","date_gmt":"2026-03-24T13:21:40","guid":{"rendered":"https:\/\/brandss.com.py\/index\/?post_type=product&#038;p=100762"},"modified":"2026-03-24T13:22:24","modified_gmt":"2026-03-24T13:22:24","slug":"perfume-femenino-laffair-tofy-milky-vanilla-edp-100ml","status":"publish","type":"product","link":"https:\/\/brandss.com.py\/index\/producto\/perfume-femenino-laffair-tofy-milky-vanilla-edp-100ml\/","title":{"rendered":"PERFUME FEMENINO L\u2019AFFAIR TOFY MILKY VANILLA EDP 100ML"},"content":{"rendered":"<p><img loading=\"lazy\" decoding=\"async\" class=\"\" src=\"https:\/\/api.eleganciacompany.com\/storage\/marcas\/176614937269454cfc0dbac.png\" alt=\"Eleg\u00e2ncia Company\" width=\"94\" height=\"94\" \/><\/p>\n<h1>TOFY MILKY VANILLA<\/h1>\n<p>Es una fragancia que nos transporta a los fascinantes y elegantes palacios dorados de Dub\u00e1i. Sus ingredientes especiales deslumbran nuestros sentidos. La pir\u00e1mide olfativa de Tofy Milky Vanilla esconde notas que dejar\u00e1n una huella imborrable en quienes te rodean, quienes te recordar\u00e1n. Con este perfume, podr\u00e1s destacar entre la multitud y mostrar tu estilo \u00fanico. Acepta el reconocimiento con orgullo y s\u00e9 el centro de atenci\u00f3n.<\/p>\n<p><img decoding=\"async\" class=\"alignleft\" src=\"https:\/\/ng.jumia.is\/unsafe\/fit-in\/680x680\/filters:fill(white)\/product\/20\/0696714\/1.jpg?1024\" \/><\/p>\n<h1>Notas Olfativas<\/h1>\n<p>&nbsp;<\/p>\n<p>Tofy Milky Vanilla,\u00a0 es una verdadera armon\u00eda olfativa. En la nota de salida, nuestra primera experiencia son las dulces gotas de miel dorada que abrazan la sensual calidez de la leche de vainilla. Nuestros sentidos se ven influenciados por los cremosos y suaves acordes al comienzo de nuestro perfume para mujer. En esos momentos, muchas personas disfrutan de la emoci\u00f3n que proporciona el primer acorde de fragancia con los ojos cerrados.<\/p>\n<p>\u00a1Este perfume \u00e1rabe para mujer experimenta una maravillosa metamorfosis despu\u00e9s del secado! En la nota media de nuestra especialidad, los ritmos de los emocionantes ingredientes orientales deslumbran nuestros sentidos. El sofisticado acorde especiado y dulce del haba tonka se mezcla con la vainilla de Madagascar, que aporta profundidad y car\u00e1cter a nuestra fragancia \u00e1rabe. Una composici\u00f3n oriental acaricia nuestra nariz en la nota de coraz\u00f3n de nuestro perfume.<\/p>\n<p>\u00a1La gran potencia aparece en las notas de fondo, el almizcle blanco aporta una delicada suavidad, mientras que el b\u00e1lsamo de \u00e1mbar, oculto en la nota de fondo, deja un toque de misterio y una calidez duradera en la piel. Las notas dulces deslumbran en el acorde final de nuestro perfume. Todos so\u00f1amos con fragancias \u00fanicas que nos atraen al percibir su aroma especial. Pues bien, Tofy Milky Vanilla es una de esas fragancias.<\/p>\n<div class=\"brxe-block termek-single__data-block\">\n<div class=\"brxe-text-basic termek-single__data-name\"><strong><span dir=\"auto\">Notas de salida: <\/span><\/strong><span dir=\"auto\">miel, leche.<\/span><\/div>\n<\/div>\n<div class=\"brxe-block termek-single__data-block\">\n<div class=\"brxe-text-basic termek-single__data-name\"><span dir=\"auto\"><strong>Notas de coraz\u00f3n:<\/strong> <\/span><span dir=\"auto\">haba tonka, vainilla de madagascar.<\/span><\/div>\n<\/div>\n<div class=\"brxe-block termek-single__data-block\">\n<div class=\"brxe-text-basic termek-single__data-name\"><strong><span dir=\"auto\">Notas de fondo: <\/span><\/strong><span dir=\"auto\">almizcle blanco, b\u00e1lsamo de \u00e1mbar.<\/span><\/div>\n<\/div>\n","protected":false},"excerpt":{"rendered":"<p>TOFY MILKY VANILLA Es una fragancia que nos transporta a los fascinantes y elegantes palacios dorados de Dub\u00e1i. Sus ingredientes<\/p>\n","protected":false},"featured_media":100763,"comment_status":"open","ping_status":"closed","template":"","meta":{"nf_dc_page":""},"product_brand":[3230],"product_cat":[84],"product_tag":[3244],"class_list":{"0":"post-100762","1":"product","2":"type-product","3":"status-publish","4":"has-post-thumbnail","6":"product_brand-laffair-parfum","7":"product_cat-perfumeria","8":"product_tag-3244","10":"first","11":"instock","12":"shipping-taxable","13":"purchasable","14":"product-type-simple"},"_links":{"self":[{"href":"https:\/\/brandss.com.py\/index\/wp-json\/wp\/v2\/product\/100762","targetHints":{"allow":["GET"]}}],"collection":[{"href":"https:\/\/brandss.com.py\/index\/wp-json\/wp\/v2\/product"}],"about":[{"href":"https:\/\/brandss.com.py\/index\/wp-json\/wp\/v2\/types\/product"}],"replies":[{"embeddable":true,"href":"https:\/\/brandss.com.py\/index\/wp-json\/wp\/v2\/comments?post=100762"}],"version-history":[{"count":1,"href":"https:\/\/brandss.com.py\/index\/wp-json\/wp\/v2\/product\/100762\/revisions"}],"predecessor-version":[{"id":100766,"href":"https:\/\/brandss.com.py\/index\/wp-json\/wp\/v2\/product\/100762\/revisions\/100766"}],"wp:featuredmedia":[{"embeddable":true,"href":"https:\/\/brandss.com.py\/index\/wp-json\/wp\/v2\/media\/100763"}],"wp:attachment":[{"href":"https:\/\/brandss.com.py\/index\/wp-json\/wp\/v2\/media?parent=100762"}],"wp:term":[{"taxonomy":"product_brand","embeddable":true,"href":"https:\/\/brandss.com.py\/index\/wp-json\/wp\/v2\/product_brand?post=100762"},{"taxonomy":"product_cat","embeddable":true,"href":"https:\/\/brandss.com.py\/index\/wp-json\/wp\/v2\/product_cat?post=100762"},{"taxonomy":"product_tag","embeddable":true,"href":"https:\/\/brandss.com.py\/index\/wp-json\/wp\/v2\/product_tag?post=100762"}],"curies":[{"name":"wp","href":"https:\/\/api.w.org\/{rel}","templated":true}]}}