{"id":100767,"date":"2026-03-24T13:48:03","date_gmt":"2026-03-24T13:48:03","guid":{"rendered":"https:\/\/brandss.com.py\/index\/?post_type=product&#038;p=100767"},"modified":"2026-03-24T13:48:20","modified_gmt":"2026-03-24T13:48:20","slug":"perfume-unisex-laffair-tofy-caramel-edp-100ml","status":"publish","type":"product","link":"https:\/\/brandss.com.py\/index\/producto\/perfume-unisex-laffair-tofy-caramel-edp-100ml\/","title":{"rendered":"PERFUME UNISEX L\u2019AFFAIR TOFY CARAMEL EDP 100ML"},"content":{"rendered":"<p><img loading=\"lazy\" decoding=\"async\" class=\"\" src=\"https:\/\/api.eleganciacompany.com\/storage\/marcas\/176614937269454cfc0dbac.png\" alt=\"Eleg\u00e2ncia Company\" width=\"83\" height=\"83\" \/><\/p>\n<h1>TOFY CARAMEL<\/h1>\n<p>Es una fragancia que te conquistar\u00e1 con su dulzura y cremosidad. Un abrazo dulce con caramelo tostado y vainilla. Delicioso y reconfortante, ideal para d\u00edas fr\u00edos. Tofy Caramel presenta una propuesta olfativa audaz y llamativa, donde la dulzura del caramelo se fusiona con sutiles matices especiados. Este equilibrio da como resultado una fragancia seductora que destaca por su excelente duraci\u00f3n y cautivadora proyecci\u00f3n. Al usarla, sentir\u00e1s una oleada de confianza y energ\u00eda, ideal para quienes buscan dejar una impresi\u00f3n inolvidable en cualquier ocasi\u00f3n.<\/p>\n<p><img loading=\"lazy\" decoding=\"async\" class=\"alignleft\" src=\"https:\/\/ng.jumia.is\/unsafe\/fit-in\/680x680\/filters:fill(white)\/product\/48\/9596714\/1.jpg?0725\" width=\"439\" height=\"439\" \/><\/p>\n<h3>Notas Olfativas<\/h3>\n<p>&nbsp;<\/p>\n<p>Tofy Caramel fragancia unisex oriental y elegante de perfumer\u00eda \u00e1rabe. Aroma equilibrado y agradable, pensado para acompa\u00f1ar tu d\u00eda con personalidad y estilo. Ideal para uso diario, oficina u ocasiones especiales seg\u00fan tu gusto.<\/p>\n<p><strong><span dir=\"auto\">Notas de salida:<\/span><\/strong><span dir=\"auto\">\u00a0vainilla, flor de algod\u00f3n, flor de an\u00eds.<\/span><\/p>\n<p><strong><span dir=\"auto\">Notas de coraz\u00f3n:<\/span><\/strong><span dir=\"auto\">\u00a0az\u00facar, caramelo, regaliz.<\/span><\/p>\n<p><strong><span dir=\"auto\">Notas de fondo:<\/span><\/strong><span dir=\"auto\">\u00a0vainilla de Madagascar, haba tonka, almizcle.<\/span><\/p>\n","protected":false},"excerpt":{"rendered":"<p>TOFY CARAMEL Es una fragancia que te conquistar\u00e1 con su dulzura y cremosidad. Un abrazo dulce con caramelo tostado y<\/p>\n","protected":false},"featured_media":100768,"comment_status":"open","ping_status":"closed","template":"","meta":{"nf_dc_page":""},"product_brand":[3230],"product_cat":[84],"product_tag":[3245],"class_list":{"0":"post-100767","1":"product","2":"type-product","3":"status-publish","4":"has-post-thumbnail","6":"product_brand-laffair-parfum","7":"product_cat-perfumeria","8":"product_tag-3245","10":"first","11":"instock","12":"shipping-taxable","13":"purchasable","14":"product-type-simple"},"_links":{"self":[{"href":"https:\/\/brandss.com.py\/index\/wp-json\/wp\/v2\/product\/100767","targetHints":{"allow":["GET"]}}],"collection":[{"href":"https:\/\/brandss.com.py\/index\/wp-json\/wp\/v2\/product"}],"about":[{"href":"https:\/\/brandss.com.py\/index\/wp-json\/wp\/v2\/types\/product"}],"replies":[{"embeddable":true,"href":"https:\/\/brandss.com.py\/index\/wp-json\/wp\/v2\/comments?post=100767"}],"version-history":[{"count":1,"href":"https:\/\/brandss.com.py\/index\/wp-json\/wp\/v2\/product\/100767\/revisions"}],"predecessor-version":[{"id":100771,"href":"https:\/\/brandss.com.py\/index\/wp-json\/wp\/v2\/product\/100767\/revisions\/100771"}],"wp:featuredmedia":[{"embeddable":true,"href":"https:\/\/brandss.com.py\/index\/wp-json\/wp\/v2\/media\/100768"}],"wp:attachment":[{"href":"https:\/\/brandss.com.py\/index\/wp-json\/wp\/v2\/media?parent=100767"}],"wp:term":[{"taxonomy":"product_brand","embeddable":true,"href":"https:\/\/brandss.com.py\/index\/wp-json\/wp\/v2\/product_brand?post=100767"},{"taxonomy":"product_cat","embeddable":true,"href":"https:\/\/brandss.com.py\/index\/wp-json\/wp\/v2\/product_cat?post=100767"},{"taxonomy":"product_tag","embeddable":true,"href":"https:\/\/brandss.com.py\/index\/wp-json\/wp\/v2\/product_tag?post=100767"}],"curies":[{"name":"wp","href":"https:\/\/api.w.org\/{rel}","templated":true}]}}