{"id":100789,"date":"2026-03-24T17:00:18","date_gmt":"2026-03-24T17:00:18","guid":{"rendered":"https:\/\/brandss.com.py\/index\/?post_type=product&#038;p=100789"},"modified":"2026-04-16T12:14:49","modified_gmt":"2026-04-16T12:14:49","slug":"perfume-femenino-laffair-eden-garden-rose-edp-100ml","status":"publish","type":"product","link":"https:\/\/brandss.com.py\/index\/producto\/perfume-femenino-laffair-eden-garden-rose-edp-100ml\/","title":{"rendered":"PERFUME FEMENINO L&#8217;AFFAIR EDEN GARDEN ROSE EDP 100ML"},"content":{"rendered":"<p><img loading=\"lazy\" decoding=\"async\" class=\"\" src=\"https:\/\/api.eleganciacompany.com\/storage\/marcas\/176614937269454cfc0dbac.png\" alt=\"Eleg\u00e2ncia Company\" width=\"103\" height=\"103\" \/><\/p>\n<h1>EDEN GARDEN ROSE<\/h1>\n<p data-end=\"449\" data-start=\"131\"><span dir=\"auto\">Es una fragancia femenina elegante y luminosa que resalta la delicadeza de la rosa en una composici\u00f3n sofisticada y cautivadora. Pertenece a la colecci\u00f3n Eden Garden y presenta una suave y refinada nota floral, ideal para quienes aprecian los perfumes delicados y femeninos.<\/span><\/p>\n<p data-end=\"449\" data-start=\"131\"><span dir=\"auto\">Eden\u00a0<\/span><span dir=\"auto\">Garden Rose<\/span><span dir=\"auto\">\u00a0est\u00e1 pensada para quienes buscan exotismo y romanticismo al mismo tiempo en primavera.<\/span><\/p>\n<p data-end=\"449\" data-start=\"131\">\n<h3 data-end=\"449\" data-start=\"131\">Notas Olfativas<\/h3>\n<p>&nbsp;<\/p>\n<p><span dir=\"auto\">Eden Garden Rose es un<\/span> perfume femenino de primavera que evoca la atm\u00f3sfera de jardines paradis\u00edacos. Sus notas de salida son la dulzura revitalizante de las frutas tropicales y la ex\u00f3tica cremosidad del coco. Fresco, vibrante y a la vez sensual, resulta especial desde el primer instante. <span dir=\"auto\">En su esencia, la elegancia aterciopelada de la rosa se une a la radiante feminidad del jazm\u00edn. Esta armon\u00eda floral es a la vez cl\u00e1sica y moderna. El car\u00e1cter rom\u00e1ntico de la rosa y la intensidad ex\u00f3tica del jazm\u00edn hacen que la composici\u00f3n sea \u00fanica en cada piel.<\/span><\/p>\n<p><span dir=\"auto\">En las notas de fondo, la c\u00e1lida estabilidad amaderada del s\u00e1ndalo y la dulzura cremosa de la vainilla completan la fragancia. Esto le confiere la longevidad y profundidad que resulta especialmente importante para un perfume femenino de primavera: es ligero, pero te acompa\u00f1a durante todo el d\u00eda.<\/span><\/p>\n<p data-end=\"748\" data-start=\"451\"><strong data-end=\"799\" data-start=\"781\"><span dir=\"auto\">Notas de salida:<\/span><\/strong><span dir=\"auto\"> frutas tropicales, coco.<\/span><br data-end=\"818\" data-start=\"815\" \/><strong data-end=\"842\" data-start=\"821\"><span dir=\"auto\">Notas de coraz\u00f3n:<\/span><\/strong><span dir=\"auto\"> rosa, jazm\u00edn.<\/span><br data-end=\"858\" data-start=\"855\" \/><strong data-end=\"880\" data-start=\"861\"><span dir=\"auto\">Notas de fondo:<\/span><\/strong><span dir=\"auto\"> s\u00e1ndalo, vainilla.<\/span><\/p>\n","protected":false},"excerpt":{"rendered":"<p>EDEN GARDEN ROSE Es una fragancia femenina elegante y luminosa que resalta la delicadeza de la rosa en una composici\u00f3n<\/p>\n","protected":false},"featured_media":100790,"comment_status":"open","ping_status":"closed","template":"","meta":{"nf_dc_page":""},"product_brand":[3230],"product_cat":[84],"product_tag":[3249],"class_list":{"0":"post-100789","1":"product","2":"type-product","3":"status-publish","4":"has-post-thumbnail","6":"product_brand-laffair-parfum","7":"product_cat-perfumeria","8":"product_tag-3249","10":"first","11":"instock","12":"shipping-taxable","13":"purchasable","14":"product-type-simple"},"_links":{"self":[{"href":"https:\/\/brandss.com.py\/index\/wp-json\/wp\/v2\/product\/100789","targetHints":{"allow":["GET"]}}],"collection":[{"href":"https:\/\/brandss.com.py\/index\/wp-json\/wp\/v2\/product"}],"about":[{"href":"https:\/\/brandss.com.py\/index\/wp-json\/wp\/v2\/types\/product"}],"replies":[{"embeddable":true,"href":"https:\/\/brandss.com.py\/index\/wp-json\/wp\/v2\/comments?post=100789"}],"version-history":[{"count":2,"href":"https:\/\/brandss.com.py\/index\/wp-json\/wp\/v2\/product\/100789\/revisions"}],"predecessor-version":[{"id":102132,"href":"https:\/\/brandss.com.py\/index\/wp-json\/wp\/v2\/product\/100789\/revisions\/102132"}],"wp:featuredmedia":[{"embeddable":true,"href":"https:\/\/brandss.com.py\/index\/wp-json\/wp\/v2\/media\/100790"}],"wp:attachment":[{"href":"https:\/\/brandss.com.py\/index\/wp-json\/wp\/v2\/media?parent=100789"}],"wp:term":[{"taxonomy":"product_brand","embeddable":true,"href":"https:\/\/brandss.com.py\/index\/wp-json\/wp\/v2\/product_brand?post=100789"},{"taxonomy":"product_cat","embeddable":true,"href":"https:\/\/brandss.com.py\/index\/wp-json\/wp\/v2\/product_cat?post=100789"},{"taxonomy":"product_tag","embeddable":true,"href":"https:\/\/brandss.com.py\/index\/wp-json\/wp\/v2\/product_tag?post=100789"}],"curies":[{"name":"wp","href":"https:\/\/api.w.org\/{rel}","templated":true}]}}