{"id":100804,"date":"2026-03-24T18:01:19","date_gmt":"2026-03-24T18:01:19","guid":{"rendered":"https:\/\/brandss.com.py\/index\/?post_type=product&#038;p=100804"},"modified":"2026-03-24T18:01:52","modified_gmt":"2026-03-24T18:01:52","slug":"perfume-femenino-laffair-luree-glow-edp-100ml","status":"publish","type":"product","link":"https:\/\/brandss.com.py\/index\/producto\/perfume-femenino-laffair-luree-glow-edp-100ml\/","title":{"rendered":"PERFUME FEMENINO L\u2019AFFAIR LUREE GLOW EDP 100ML"},"content":{"rendered":"<p><img loading=\"lazy\" decoding=\"async\" class=\"\" src=\"https:\/\/api.eleganciacompany.com\/storage\/marcas\/176614937269454cfc0dbac.png\" alt=\"Eleg\u00e2ncia Company\" width=\"78\" height=\"78\" \/><\/p>\n<h1>LUREE GLOW<\/h1>\n<p>Es una fragancia femenina que se caracteriza por su perfil afrutado luminoso con matices dulces, dise\u00f1ada para transmitir frescura, energ\u00eda y un estilo moderno. Su aroma busca resaltar una sensaci\u00f3n radiante y juvenil, ideal para el uso diario y para quienes prefieren fragancias suaves pero con presencia.<\/p>\n<h3>Notas olfativas<\/h3>\n<p data-start=\"457\" data-end=\"639\">Fragancia de car\u00e1cter fresco, frutal y ligeramente dulce, con una evoluci\u00f3n que combina notas vibrantes en la salida y un fondo c\u00e1lido que aporta fijaci\u00f3n.<\/p>\n<ul data-start=\"686\" data-end=\"958\">\n<li data-section-id=\"kbtxu3\" data-start=\"686\" data-end=\"777\"><strong data-start=\"688\" data-end=\"708\">Notas de salida: <\/strong>toronja (pomelo), membrillo.<\/li>\n<li data-section-id=\"8h6o2c\" data-start=\"778\" data-end=\"862\"><strong data-start=\"780\" data-end=\"801\">Notas de coraz\u00f3n:<\/strong> jazm\u00edn, jacinto<\/li>\n<li data-section-id=\"1blihs7\" data-start=\"863\" data-end=\"958\"><strong data-start=\"865\" data-end=\"884\">Notas de fondo:<\/strong> \u00e1mbar, cedro, iris, almizcle.<\/li>\n<\/ul>\n","protected":false},"excerpt":{"rendered":"<p>LUREE GLOW Es una fragancia femenina que se caracteriza por su perfil afrutado luminoso con matices dulces, dise\u00f1ada para transmitir<\/p>\n","protected":false},"featured_media":100805,"comment_status":"open","ping_status":"closed","template":"","meta":{"nf_dc_page":""},"product_brand":[3230],"product_cat":[84],"product_tag":[3252],"class_list":{"0":"post-100804","1":"product","2":"type-product","3":"status-publish","4":"has-post-thumbnail","6":"product_brand-laffair-parfum","7":"product_cat-perfumeria","8":"product_tag-3252","10":"first","11":"instock","12":"shipping-taxable","13":"purchasable","14":"product-type-simple"},"_links":{"self":[{"href":"https:\/\/brandss.com.py\/index\/wp-json\/wp\/v2\/product\/100804","targetHints":{"allow":["GET"]}}],"collection":[{"href":"https:\/\/brandss.com.py\/index\/wp-json\/wp\/v2\/product"}],"about":[{"href":"https:\/\/brandss.com.py\/index\/wp-json\/wp\/v2\/types\/product"}],"replies":[{"embeddable":true,"href":"https:\/\/brandss.com.py\/index\/wp-json\/wp\/v2\/comments?post=100804"}],"version-history":[{"count":1,"href":"https:\/\/brandss.com.py\/index\/wp-json\/wp\/v2\/product\/100804\/revisions"}],"predecessor-version":[{"id":100808,"href":"https:\/\/brandss.com.py\/index\/wp-json\/wp\/v2\/product\/100804\/revisions\/100808"}],"wp:featuredmedia":[{"embeddable":true,"href":"https:\/\/brandss.com.py\/index\/wp-json\/wp\/v2\/media\/100805"}],"wp:attachment":[{"href":"https:\/\/brandss.com.py\/index\/wp-json\/wp\/v2\/media?parent=100804"}],"wp:term":[{"taxonomy":"product_brand","embeddable":true,"href":"https:\/\/brandss.com.py\/index\/wp-json\/wp\/v2\/product_brand?post=100804"},{"taxonomy":"product_cat","embeddable":true,"href":"https:\/\/brandss.com.py\/index\/wp-json\/wp\/v2\/product_cat?post=100804"},{"taxonomy":"product_tag","embeddable":true,"href":"https:\/\/brandss.com.py\/index\/wp-json\/wp\/v2\/product_tag?post=100804"}],"curies":[{"name":"wp","href":"https:\/\/api.w.org\/{rel}","templated":true}]}}