{"id":100809,"date":"2026-03-24T18:19:17","date_gmt":"2026-03-24T18:19:17","guid":{"rendered":"https:\/\/brandss.com.py\/index\/?post_type=product&#038;p=100809"},"modified":"2026-03-24T18:19:38","modified_gmt":"2026-03-24T18:19:38","slug":"perfume-masculino-laffair-parfum-de-muse-legion-edp-100ml","status":"publish","type":"product","link":"https:\/\/brandss.com.py\/index\/producto\/perfume-masculino-laffair-parfum-de-muse-legion-edp-100ml\/","title":{"rendered":"PERFUME MASCULINO L\u2019AFFAIR PARFUM DE MUSE LEGION EDP 100ML"},"content":{"rendered":"<p><img loading=\"lazy\" decoding=\"async\" class=\"\" src=\"https:\/\/api.eleganciacompany.com\/storage\/marcas\/176614937269454cfc0dbac.png\" alt=\"Eleg\u00e2ncia Company\" width=\"106\" height=\"106\" \/><\/p>\n<h1>PARFUM DE MUSE LEGION<\/h1>\n<p>Es una fragancia de car\u00e1cter \u00e1mbar floral con matices especiados y amaderados, dise\u00f1ada para un perfil elegante, moderno y con presencia. Su composici\u00f3n combina frescura arom\u00e1tica en la salida, un coraz\u00f3n floral equilibrado y un fondo c\u00e1lido e intenso que aporta profundidad y larga duraci\u00f3n.<\/p>\n<p>Es una fragancia oriental amaderada con matices modernos. Evoca poder y elegancia, muy en sinton\u00eda con la est\u00e9tica de &#8220;lujo \u00e1rabe&#8221; que caracteriza a la l\u00ednea de L&#8217;Affair.<\/p>\n<h3>Notas Olfativas<\/h3>\n<p>Fragancia con evoluci\u00f3n marcada: inicia fresca y frutal, pasa a un coraz\u00f3n floral refinado y termina en un fondo c\u00e1lido, especiado y ligeramente dulce. Parfum de Muse Legion se posiciona como una fragancia vers\u00e1til pero con car\u00e1cter, combinando notas frescas, florales y especiadas sobre una base c\u00e1lida, lo que lo convierte en una opci\u00f3n equilibrada entre lo moderno y lo sofisticado.<\/p>\n<p data-start=\"522\" data-end=\"544\"><strong data-start=\"522\" data-end=\"542\">Notas de salida: <\/strong>manzana, lavanda, bergamota, mandarina.<\/p>\n<p data-start=\"650\" data-end=\"673\"><strong data-start=\"650\" data-end=\"671\">Notas de coraz\u00f3n: <\/strong>geranio, violeta, jazm\u00edn.<\/p>\n<p data-start=\"771\" data-end=\"792\"><strong data-start=\"771\" data-end=\"790\">Notas de fondo: <\/strong>vainilla, cardamomo, s\u00e1ndalo, pimienta, madera de gaiac, pachul\u00ed.<\/p>\n","protected":false},"excerpt":{"rendered":"<p>PARFUM DE MUSE LEGION Es una fragancia de car\u00e1cter \u00e1mbar floral con matices especiados y amaderados, dise\u00f1ada para un perfil<\/p>\n","protected":false},"featured_media":100810,"comment_status":"open","ping_status":"closed","template":"","meta":{"nf_dc_page":""},"product_brand":[3230],"product_cat":[84],"product_tag":[3253],"class_list":{"0":"post-100809","1":"product","2":"type-product","3":"status-publish","4":"has-post-thumbnail","6":"product_brand-laffair-parfum","7":"product_cat-perfumeria","8":"product_tag-3253","10":"first","11":"instock","12":"shipping-taxable","13":"purchasable","14":"product-type-simple"},"_links":{"self":[{"href":"https:\/\/brandss.com.py\/index\/wp-json\/wp\/v2\/product\/100809","targetHints":{"allow":["GET"]}}],"collection":[{"href":"https:\/\/brandss.com.py\/index\/wp-json\/wp\/v2\/product"}],"about":[{"href":"https:\/\/brandss.com.py\/index\/wp-json\/wp\/v2\/types\/product"}],"replies":[{"embeddable":true,"href":"https:\/\/brandss.com.py\/index\/wp-json\/wp\/v2\/comments?post=100809"}],"version-history":[{"count":1,"href":"https:\/\/brandss.com.py\/index\/wp-json\/wp\/v2\/product\/100809\/revisions"}],"predecessor-version":[{"id":100812,"href":"https:\/\/brandss.com.py\/index\/wp-json\/wp\/v2\/product\/100809\/revisions\/100812"}],"wp:featuredmedia":[{"embeddable":true,"href":"https:\/\/brandss.com.py\/index\/wp-json\/wp\/v2\/media\/100810"}],"wp:attachment":[{"href":"https:\/\/brandss.com.py\/index\/wp-json\/wp\/v2\/media?parent=100809"}],"wp:term":[{"taxonomy":"product_brand","embeddable":true,"href":"https:\/\/brandss.com.py\/index\/wp-json\/wp\/v2\/product_brand?post=100809"},{"taxonomy":"product_cat","embeddable":true,"href":"https:\/\/brandss.com.py\/index\/wp-json\/wp\/v2\/product_cat?post=100809"},{"taxonomy":"product_tag","embeddable":true,"href":"https:\/\/brandss.com.py\/index\/wp-json\/wp\/v2\/product_tag?post=100809"}],"curies":[{"name":"wp","href":"https:\/\/api.w.org\/{rel}","templated":true}]}}