{"id":100819,"date":"2026-03-24T18:44:22","date_gmt":"2026-03-24T18:44:22","guid":{"rendered":"https:\/\/brandss.com.py\/index\/?post_type=product&#038;p=100819"},"modified":"2026-03-24T18:44:38","modified_gmt":"2026-03-24T18:44:38","slug":"perfume-masculino-laffair-parfum-de-muse-prestige-edp-100ml","status":"publish","type":"product","link":"https:\/\/brandss.com.py\/index\/producto\/perfume-masculino-laffair-parfum-de-muse-prestige-edp-100ml\/","title":{"rendered":"PERFUME MASCULINO L\u2019AFFAIR PARFUM DE MUSE PRESTIGE EDP 100ML"},"content":{"rendered":"<p><img loading=\"lazy\" decoding=\"async\" class=\"\" src=\"https:\/\/api.eleganciacompany.com\/storage\/marcas\/176614937269454cfc0dbac.png\" alt=\"Eleg\u00e2ncia Company\" width=\"89\" height=\"89\" \/><\/p>\n<h1>PARFUM DE MUSE PRESTIGE<\/h1>\n<p>Una fragancia que nos transporta al mundo de los perfumes de nicho. La libertad evoca una atm\u00f3sfera de elegancia en nuestra especialidad de perfumes para hombre. Parfum De Muse Prestige es una fragancia excepcional que envuelve al usuario en una nube de aroma \u00fanica. Despierta los sentidos y atrae todas las miradas. Recibe el reconocimiento de tu entorno con orgullo y eleva tu imagen a un nivel superior.<\/p>\n<p><span dir=\"auto\">Si realmente quieres un perfume especial, \u00a1L&#8217;affair Parfum De Muse Prestige es la elecci\u00f3n perfecta!\u00a0<\/span><\/p>\n<h3>Notas Olfativas<\/h3>\n<p><span dir=\"auto\">Parfum De Muse Prestige es una fragancia brillante, sensual, c\u00edtrica y arom\u00e1tica. En las notas de salida, la mandarina fresca y el pomelo seductor palpitan en el primer acorde, al que la pimienta rosa a\u00f1ade un toque especiado. Una misteriosa armon\u00eda arom\u00e1tica llega al coraz\u00f3n, el aroma \u00fanico y rico del geranio se funde con las notas de salida. Nuestro perfume sobre la piel revela una serie de ingredientes orientales que se ondulan en perfecta armon\u00eda. En su acorde de fondo, la madera de cedro y el vetiver aportan el emocionante aroma intenso de nuestro perfume \u00e1rabe. La caricia amaderada y suave del ambroxan crea un aura hipn\u00f3tica y duradera en el final del perfume. Quien usa Parfum De Muse Prestige destaca con confianza entre la multitud.\u00a0<\/span><\/p>\n<p><span dir=\"auto\"><strong>Notas de salida:<\/strong> pomelo, mandarina, granos de pimienta rosa.<\/span><\/p>\n<p><span dir=\"auto\"><strong>Notas de coraz\u00f3n:<\/strong> geranio, elemi.<\/span><\/p>\n<p><span dir=\"auto\"><strong>Notas de fondo:<\/strong> madera de cedro, vetiver, ambroxan.<\/span><\/p>\n","protected":false},"excerpt":{"rendered":"<p>PARFUM DE MUSE PRESTIGE Una fragancia que nos transporta al mundo de los perfumes de nicho. La libertad evoca una<\/p>\n","protected":false},"featured_media":100820,"comment_status":"open","ping_status":"closed","template":"","meta":{"nf_dc_page":""},"product_brand":[3230],"product_cat":[84],"product_tag":[3255],"class_list":{"0":"post-100819","1":"product","2":"type-product","3":"status-publish","4":"has-post-thumbnail","6":"product_brand-laffair-parfum","7":"product_cat-perfumeria","8":"product_tag-3255","10":"first","11":"instock","12":"shipping-taxable","13":"purchasable","14":"product-type-simple"},"_links":{"self":[{"href":"https:\/\/brandss.com.py\/index\/wp-json\/wp\/v2\/product\/100819","targetHints":{"allow":["GET"]}}],"collection":[{"href":"https:\/\/brandss.com.py\/index\/wp-json\/wp\/v2\/product"}],"about":[{"href":"https:\/\/brandss.com.py\/index\/wp-json\/wp\/v2\/types\/product"}],"replies":[{"embeddable":true,"href":"https:\/\/brandss.com.py\/index\/wp-json\/wp\/v2\/comments?post=100819"}],"version-history":[{"count":1,"href":"https:\/\/brandss.com.py\/index\/wp-json\/wp\/v2\/product\/100819\/revisions"}],"predecessor-version":[{"id":100822,"href":"https:\/\/brandss.com.py\/index\/wp-json\/wp\/v2\/product\/100819\/revisions\/100822"}],"wp:featuredmedia":[{"embeddable":true,"href":"https:\/\/brandss.com.py\/index\/wp-json\/wp\/v2\/media\/100820"}],"wp:attachment":[{"href":"https:\/\/brandss.com.py\/index\/wp-json\/wp\/v2\/media?parent=100819"}],"wp:term":[{"taxonomy":"product_brand","embeddable":true,"href":"https:\/\/brandss.com.py\/index\/wp-json\/wp\/v2\/product_brand?post=100819"},{"taxonomy":"product_cat","embeddable":true,"href":"https:\/\/brandss.com.py\/index\/wp-json\/wp\/v2\/product_cat?post=100819"},{"taxonomy":"product_tag","embeddable":true,"href":"https:\/\/brandss.com.py\/index\/wp-json\/wp\/v2\/product_tag?post=100819"}],"curies":[{"name":"wp","href":"https:\/\/api.w.org\/{rel}","templated":true}]}}