{"id":100832,"date":"2026-03-25T17:32:38","date_gmt":"2026-03-25T17:32:38","guid":{"rendered":"https:\/\/brandss.com.py\/index\/?post_type=product&#038;p=100832"},"modified":"2026-03-25T17:33:03","modified_gmt":"2026-03-25T17:33:03","slug":"perfume-unisex-laffair-al-atrab-icone-de-arabie-faris-edp-100ml","status":"publish","type":"product","link":"https:\/\/brandss.com.py\/index\/producto\/perfume-unisex-laffair-al-atrab-icone-de-arabie-faris-edp-100ml\/","title":{"rendered":"PERFUME UNISEX L\u2019AFFAIR AL ATRAB ICONE DE ARABIE FARIS EDP 100ML"},"content":{"rendered":"<p><img loading=\"lazy\" decoding=\"async\" class=\"\" src=\"https:\/\/api.eleganciacompany.com\/storage\/marcas\/176614937269454cfc0dbac.png\" alt=\"PERFUME FEMENINO L'AFFAIR ALORA EDP 100ML \u2013 Brands\" width=\"147\" height=\"147\" \/><\/p>\n<h1>AL ATRAB ICONE DE ARABIE FARIS<\/h1>\n<p><em><strong data-start=\"0\" data-end=\"88\">Poder, Elegancia y Misterio<\/strong><\/em><\/p>\n<p data-start=\"96\" data-end=\"362\">Sum\u00e9rgete en la exquisita intensidad de\u00a0Faris L&#8217;Affair Al Atrab, un perfume que evoca lujo y sofisticaci\u00f3n con una combinaci\u00f3n de notas especiadas, amaderadas y dulces. Dise\u00f1ado para quienes buscan un aroma refinado, cautivador y con una presencia inigualable.<\/p>\n<h3 data-start=\"364\" data-end=\"396\"><strong data-start=\"368\" data-end=\"394\">Notas Olfativas<\/strong><\/h3>\n<p>Faris L&#8217;Affair Al Atrab, una fragancia \u00fanica para hombres y mujeres. Una apertura vibrante y especiada que combina la calidez del azafr\u00e1n con el frescor c\u00edtrico de la bergamota. Un coraz\u00f3n potente y lujoso donde la intensidad del oud se entrelaza con la elegancia atemporal de la rosa. Una base profunda y envolvente que deja una estela seductora, c\u00e1lida y sofisticada.<\/p>\n<p data-start=\"397\" data-end=\"902\"><strong data-start=\"400\" data-end=\"420\">Notas de salida:<\/strong> azafr\u00e1n, bergamota.\u00a0<br data-start=\"550\" data-end=\"553\" \/><strong data-start=\"556\" data-end=\"577\">Notas de coraz\u00f3n:<\/strong> madera de agar (oud), rosa b\u00falgara.\u00a0<br data-start=\"722\" data-end=\"725\" \/><strong data-start=\"728\" data-end=\"747\">Notas de fondo:<\/strong> haba tonka, ca\u00f1a de az\u00facar, \u00e1mbar, almizcle blanco, musgo de roble.<\/p>\n","protected":false},"excerpt":{"rendered":"<p>AL ATRAB ICONE DE ARABIE FARIS Poder, Elegancia y Misterio Sum\u00e9rgete en la exquisita intensidad de\u00a0Faris L&#8217;Affair Al Atrab, un<\/p>\n","protected":false},"featured_media":100833,"comment_status":"open","ping_status":"closed","template":"","meta":{"nf_dc_page":""},"product_brand":[3230],"product_cat":[84],"product_tag":[3259],"class_list":{"0":"post-100832","1":"product","2":"type-product","3":"status-publish","4":"has-post-thumbnail","6":"product_brand-laffair-parfum","7":"product_cat-perfumeria","8":"product_tag-3259","10":"first","11":"instock","12":"shipping-taxable","13":"purchasable","14":"product-type-simple"},"_links":{"self":[{"href":"https:\/\/brandss.com.py\/index\/wp-json\/wp\/v2\/product\/100832","targetHints":{"allow":["GET"]}}],"collection":[{"href":"https:\/\/brandss.com.py\/index\/wp-json\/wp\/v2\/product"}],"about":[{"href":"https:\/\/brandss.com.py\/index\/wp-json\/wp\/v2\/types\/product"}],"replies":[{"embeddable":true,"href":"https:\/\/brandss.com.py\/index\/wp-json\/wp\/v2\/comments?post=100832"}],"version-history":[{"count":1,"href":"https:\/\/brandss.com.py\/index\/wp-json\/wp\/v2\/product\/100832\/revisions"}],"predecessor-version":[{"id":100836,"href":"https:\/\/brandss.com.py\/index\/wp-json\/wp\/v2\/product\/100832\/revisions\/100836"}],"wp:featuredmedia":[{"embeddable":true,"href":"https:\/\/brandss.com.py\/index\/wp-json\/wp\/v2\/media\/100833"}],"wp:attachment":[{"href":"https:\/\/brandss.com.py\/index\/wp-json\/wp\/v2\/media?parent=100832"}],"wp:term":[{"taxonomy":"product_brand","embeddable":true,"href":"https:\/\/brandss.com.py\/index\/wp-json\/wp\/v2\/product_brand?post=100832"},{"taxonomy":"product_cat","embeddable":true,"href":"https:\/\/brandss.com.py\/index\/wp-json\/wp\/v2\/product_cat?post=100832"},{"taxonomy":"product_tag","embeddable":true,"href":"https:\/\/brandss.com.py\/index\/wp-json\/wp\/v2\/product_tag?post=100832"}],"curies":[{"name":"wp","href":"https:\/\/api.w.org\/{rel}","templated":true}]}}