{"id":100997,"date":"2026-03-27T15:39:44","date_gmt":"2026-03-27T15:39:44","guid":{"rendered":"https:\/\/brandss.com.py\/index\/?post_type=product&#038;p=100997"},"modified":"2026-03-27T15:40:01","modified_gmt":"2026-03-27T15:40:01","slug":"tratamiento-capilar-kerasys-oriental-premium-200ml","status":"publish","type":"product","link":"https:\/\/brandss.com.py\/index\/producto\/tratamiento-capilar-kerasys-oriental-premium-200ml\/","title":{"rendered":"TRATAMIENTO CAPILAR KERASYS ORIENTAL PREMIUM 200ML"},"content":{"rendered":"<p><img loading=\"lazy\" decoding=\"async\" class=\"\" src=\"https:\/\/acdn-us.mitiendanube.com\/stores\/006\/567\/235\/themes\/common\/logo-2027072255-1755034523-ec9fa1f2ce585f2d0ef3c935b64032841755034523.png?0\" alt=\"Tienda Online de KERASYS\" width=\"130\" height=\"44\" \/><\/p>\n<h1>ORIENTAL PREMIUM<\/h1>\n<p><strong><em>Crema de Tratamiento Hidratante y Fortalecedora con Aceite de Camelia<\/em><\/strong><\/p>\n<p>El Tratamiento Kerasys Oriental Premium 200 ml es una mascarilla capilar intensiva dise\u00f1ada para reparar y nutrir profundamente el cabello da\u00f1ado. Su f\u00f3rmula inspirada en la tradici\u00f3n oriental combina aceites y extractos bot\u00e1nicos que ayudan a fortalecer la fibra capilar, mejorar la elasticidad y devolver al cabello su brillo y suavidad natural. Ideal para cabellos debilitados por tinturas, decoloraciones o tratamientos qu\u00edmicos, este tratamiento aporta hidrataci\u00f3n profunda, ayuda a reducir el frizz y mejora la textura del cabello, dej\u00e1ndolo m\u00e1s sedoso, manejable y con aspecto saludable.<\/p>\n<p>El Tratamiento Oriental Premium de Kerasys, basado en la ciencia del cabello de Kerasys y la f\u00f3rmula de belleza oriental, lo ayuda a descubrir su belleza oculta y a tener confianza. 25 veces m\u00e1s queratina de lana fortalecida en comparaci\u00f3n con el acondicionador oriental pr\u00e9mium de Kerasys.<\/p>\n<p>&nbsp;<\/p>\n<h3>Ingredientes claves<\/h3>\n<p>&nbsp;<\/p>\n<p><strong>Aceite de semilla de camelia:<\/strong> aporta nutrici\u00f3n y brillo.<\/p>\n<p><strong>Extracto de ginseng:<\/strong> ayuda a revitalizar y fortalecer el cabello.<\/p>\n<p><strong>Extracto de orqu\u00eddea:<\/strong> contribuye a mejorar la suavidad y la hidrataci\u00f3n.<\/p>\n<p><strong>Granada y hierbas orientales:<\/strong> ayudan a proteger y revitalizar la fibra capilar.<\/p>\n<p>&nbsp;<\/p>\n<h3>Beneficios<\/h3>\n<ul>\n<li>Reparaci\u00f3n intensiva para cabello da\u00f1ado.<\/li>\n<li>Hidrataci\u00f3n profunda y nutrici\u00f3n capilar.<\/li>\n<li>Mejora la suavidad, el brillo y la elasticidad del cabello.<\/li>\n<li>Ayuda a reducir el frizz y las puntas secas.<\/li>\n<\/ul>\n<h3><strong>Sistema de cuidado oriental<\/strong><\/h3>\n<ul>\n<li>Fortalecimiento de la elasticidad del cabello para aportarle brillo<\/li>\n<li>Aceite de semilla de camelia<\/li>\n<li>Revitalizaci\u00f3n del cabello da\u00f1ado<\/li>\n<li>Prote\u00edna doble (prote\u00edna de trigo hidrolizada, ingrediente de queratina de lana)<\/li>\n<li>Intensificaci\u00f3n del cuero cabelludo y las ra\u00edces del cabello<\/li>\n<li>AHG-4 (ingrediente para fortalecer las ra\u00edces del cabello)<\/li>\n<li>Esencia oriental (Cnidium officinale, Angelica acutiloba, granada, hoja de camelia, ginseng, extracto de orqu\u00eddea)<\/li>\n<\/ul>\n<h3>Modo de uso<\/h3>\n<p>1. Aplicar el acondicionador sobre el cabello limpio y h\u00famedo.<\/p>\n<p>2. Masajea el acondicionador en el cabello y el cuero cabelludo.<\/p>\n<p>3. Deje el acondicionador encendido durante 2-3 minutos.<\/p>\n<p>4. Enjuague bien con agua tibia.<\/p>\n","protected":false},"excerpt":{"rendered":"<p>ORIENTAL PREMIUM Crema de Tratamiento Hidratante y Fortalecedora con Aceite de Camelia El Tratamiento Kerasys Oriental Premium 200 ml es<\/p>\n","protected":false},"featured_media":100998,"comment_status":"open","ping_status":"closed","template":"","meta":{"nf_dc_page":""},"product_brand":[204],"product_cat":[85],"product_tag":[3292],"class_list":{"0":"post-100997","1":"product","2":"type-product","3":"status-publish","4":"has-post-thumbnail","6":"product_brand-kerasys","7":"product_cat-cosmeticos","8":"product_tag-3292","10":"first","11":"instock","12":"shipping-taxable","13":"purchasable","14":"product-type-simple"},"_links":{"self":[{"href":"https:\/\/brandss.com.py\/index\/wp-json\/wp\/v2\/product\/100997","targetHints":{"allow":["GET"]}}],"collection":[{"href":"https:\/\/brandss.com.py\/index\/wp-json\/wp\/v2\/product"}],"about":[{"href":"https:\/\/brandss.com.py\/index\/wp-json\/wp\/v2\/types\/product"}],"replies":[{"embeddable":true,"href":"https:\/\/brandss.com.py\/index\/wp-json\/wp\/v2\/comments?post=100997"}],"version-history":[{"count":1,"href":"https:\/\/brandss.com.py\/index\/wp-json\/wp\/v2\/product\/100997\/revisions"}],"predecessor-version":[{"id":101002,"href":"https:\/\/brandss.com.py\/index\/wp-json\/wp\/v2\/product\/100997\/revisions\/101002"}],"wp:featuredmedia":[{"embeddable":true,"href":"https:\/\/brandss.com.py\/index\/wp-json\/wp\/v2\/media\/100998"}],"wp:attachment":[{"href":"https:\/\/brandss.com.py\/index\/wp-json\/wp\/v2\/media?parent=100997"}],"wp:term":[{"taxonomy":"product_brand","embeddable":true,"href":"https:\/\/brandss.com.py\/index\/wp-json\/wp\/v2\/product_brand?post=100997"},{"taxonomy":"product_cat","embeddable":true,"href":"https:\/\/brandss.com.py\/index\/wp-json\/wp\/v2\/product_cat?post=100997"},{"taxonomy":"product_tag","embeddable":true,"href":"https:\/\/brandss.com.py\/index\/wp-json\/wp\/v2\/product_tag?post=100997"}],"curies":[{"name":"wp","href":"https:\/\/api.w.org\/{rel}","templated":true}]}}