{"id":101092,"date":"2026-03-28T17:50:51","date_gmt":"2026-03-28T17:50:51","guid":{"rendered":"https:\/\/brandss.com.py\/index\/?post_type=product&#038;p=101092"},"modified":"2026-04-21T11:27:48","modified_gmt":"2026-04-21T11:27:48","slug":"serum-facial-medicube-zero-pore-moisture-sun-spf50-pa-50ml","status":"publish","type":"product","link":"https:\/\/brandss.com.py\/index\/producto\/serum-facial-medicube-zero-pore-moisture-sun-spf50-pa-50ml\/","title":{"rendered":"S\u00c9RUM FACIAL MEDICUBE ZERO PORE MOISTURE SUN SPF50+ PA++++ 50ML"},"content":{"rendered":"<p><img loading=\"lazy\" decoding=\"async\" class=\"\" src=\"https:\/\/brandlogos.net\/wp-content\/uploads\/2025\/04\/medicube-logo_brandlogos.net_bwt16.png\" alt=\"LIMPIADOR FACIAL MEDICUBE ZERO PORE BLACKHEAD DEEP CLEASING OIL 205ML \u2013  Brands\" width=\"159\" height=\"31\" \/><\/p>\n<h1>ZERO PORE MOISTURE SUN SPF50+ PA++++<\/h1>\n<p>Este s\u00e9rum solar es mucho m\u00e1s que una pantalla SPF: es tu nuevo escudo invisible contra los rayos UV, la deshidrataci\u00f3n y el exceso de sebo. Su f\u00f3rmula de textura ligera y acabado jugoso redefine lo que esperas de un protector solar:\u00a0tratamiento intensivo, sensaci\u00f3n fresca y alta protecci\u00f3n en una sola aplicaci\u00f3n. A diferencia de otros solares pesados o matificantes,\u00a0<em>Medicube Zero Pore Moisture Sun Serum<\/em>\u00a0combina\u00a0hidrataci\u00f3n profunda,\u00a0acci\u00f3n seborreguladora\u00a0y\u00a0efecto blur sobre los poros, todo mientras ofrece una\u00a0protecci\u00f3n solar de amplio espectro SPF50+ PA++++, cl\u00ednicamente probada. Este h\u00edbrido entre s\u00e9rum hidratante y fotoprotector, es perfecto para pieles que buscan confort, equilibrio y luminosidad.<img loading=\"lazy\" decoding=\"async\" class=\"alignleft\" src=\"https:\/\/static.wixstatic.com\/media\/f5a2cd_11379e94f1be4fd7af805efe08758bcd~mv2.webp\" width=\"369\" height=\"555\" \/><\/p>\n<h3><strong>Ingredientes clave<\/strong><\/h3>\n<p>&nbsp;<\/p>\n<ul>\n<li><strong>10 capas de \u00c1cido Hialur\u00f3nico y 65\u202f% de esencia:<\/strong>\u00a0hidrataci\u00f3n duradera que penetra profundo y deja piel jugosa y protegida.<\/li>\n<li><strong>Niacinamida:<\/strong>\u00a0regula el sebo, aten\u00faa manchas, reduce poros y brinda efecto iluminador.<\/li>\n<li><strong>Pantenol + Alanto\u00edna:<\/strong>\u00a0acci\u00f3n calmante, antiirritante y fortalecedora de la barrera cut\u00e1nea.<\/li>\n<li><strong>Centella asi\u00e1tica y Madecassoside:<\/strong> regeneraci\u00f3n y alivio para pieles sensibles<\/li>\n<li><strong>Ceramidas y col\u00e1geno hidrolizado:<\/strong>\u00a0refuerzan la barrera lip\u00eddica, mejoran la elasticidad y ayudan a prevenir la flacidez cut\u00e1nea, manteniendo la piel firme y protegida frente a la deshidrataci\u00f3n y el da\u00f1o ambiental.<\/li>\n<\/ul>\n<h3><strong>Beneficios<\/strong><\/h3>\n<p>&nbsp;<\/p>\n<ul>\n<li><strong>SPF50\u202f+ PA++++:<\/strong>\u00a0nivel m\u00e1ximo de defensa contra rayos UVB\/UVA y para prevenir fotoenvejecimiento y manchas.<\/li>\n<li><strong>66\u202f% de esencia hidratante:\u00a0<\/strong>f\u00f3rmula\u00a0con 10 capas de \u00e1cido hialur\u00f3nico para retener hasta 1000 veces su peso en agua<\/li>\n<li><strong>Textura serum no pegajosa:<\/strong>\u00a0hidrataci\u00f3n tipo s\u00e9rum que se absorbe al instante y se siente fresca<\/li>\n<li><strong>Ingredientes calmantes (Pantenol + Alanto\u00edna):<\/strong>\u00a0fortalecen la barrera cut\u00e1nea y aportan una sensaci\u00f3n de alivio inmediata.<\/li>\n<li><strong>Niacinamida y centella asi\u00e1tica:<\/strong>\u00a0aclaran el tono, regulan la producci\u00f3n de\u00a0sebo y refinan poros\u202f.<\/li>\n<li><strong>S\u00e9rum ligero con efecto ligeramente matificante:<\/strong>\u00a0ideal para pieles mixtas, grasas y con poros visibles.<\/li>\n<li><strong>Formulaci\u00f3n limpia:<\/strong>\u00a0sin parabenos ni sulfatos,<em>\u00a0cruelty-free<img loading=\"lazy\" decoding=\"async\" class=\"alignright\" src=\"https:\/\/static.wixstatic.com\/media\/f5a2cd_b0c6527d3a654783a530c967dd759619~mv2.webp\" width=\"556\" height=\"556\" \/><\/em><\/li>\n<\/ul>\n<p>&nbsp;<\/p>\n<h2 class=\"seGZY9w oKkksZn---typography-11-runningText oKkksZn---priority-7-primary _HOcyB x4nptw sxbtulv ftb6e2\" aria-hidden=\"false\" data-hook=\"info-section-title\">Tipo de piel<\/h2>\n<div class=\"aecizt ciGGdC QfrfFD cell\" data-hook=\"collapse-info-minus-icon\">Mixta, grasa, con poros dilatados o deshidrataci\u00f3n superficial -tambi\u00e9n apto para piel sensible gracias a su f\u00f3rmula\u00a0no comedog\u00e9nica,\u00a0sin alcohol, y\u00a0sin fragancias artificiales.<\/div>\n<h2 class=\"seGZY9w oKkksZn---typography-11-runningText oKkksZn---priority-7-primary _HOcyB x4nptw sxbtulv ftb6e2\" aria-hidden=\"false\" data-hook=\"info-section-title\">Modo de uso<\/h2>\n<div class=\"aecizt ciGGdC QfrfFD cell\" data-hook=\"collapse-info-minus-icon\"><\/div>\n<div class=\"rah-static rah-static--height-auto\" aria-hidden=\"false\">\n<div>\n<div class=\"ulKuLk QfrfFD cell\">\n<div class=\"zp8uy2\" data-hook=\"info-section-description\">\n<ol>\n<li>Aplica como\u00a0\u00faltimo paso de tu rutina facial de d\u00eda.<\/li>\n<li>Utiliza una\u00a0peque\u00f1a cantidad\u00a0del producto (aproximadamente\u00a01\u20132 pulsaciones) sobre\u00a0rostro y cuello.<\/li>\n<li>Extiende suavemente\u00a0con las yemas de los dedos hasta que se\u00a0absorba por completo.<\/li>\n<li>Su\u00a0textura tipo s\u00e9rum\u00a0lo convierte en un excelente\u00a0primer: deja la piel\u00a0lisa, hidratada y sin brillos, perfecta para aplicar el maquillaje.<\/li>\n<li>Reaplica cada 2 horas\u00a0mientras se mantenga la\u00a0exposici\u00f3n solar\u00a0o si sudas o entras en contacto con el agua.<\/li>\n<\/ol>\n<\/div>\n<\/div>\n<\/div>\n<\/div>\n<p>Protege, hidrata y afina tus poros con un solo gesto. A\u00f1ade ya Medicube Zero Pore Moisture Sun Serum SPF50+ PA++++ a tu rutina diaria.<\/p>\n","protected":false},"excerpt":{"rendered":"<p>ZERO PORE MOISTURE SUN SPF50+ PA++++ Este s\u00e9rum solar es mucho m\u00e1s que una pantalla SPF: es tu nuevo escudo<\/p>\n","protected":false},"featured_media":101093,"comment_status":"open","ping_status":"closed","template":"","meta":{"nf_dc_page":""},"product_brand":[2664],"product_cat":[104],"product_tag":[3309],"class_list":{"0":"post-101092","1":"product","2":"type-product","3":"status-publish","4":"has-post-thumbnail","6":"product_brand-medicube","7":"product_cat-skin-care","8":"product_tag-3309","10":"first","11":"outofstock","12":"shipping-taxable","13":"purchasable","14":"product-type-simple"},"_links":{"self":[{"href":"https:\/\/brandss.com.py\/index\/wp-json\/wp\/v2\/product\/101092","targetHints":{"allow":["GET"]}}],"collection":[{"href":"https:\/\/brandss.com.py\/index\/wp-json\/wp\/v2\/product"}],"about":[{"href":"https:\/\/brandss.com.py\/index\/wp-json\/wp\/v2\/types\/product"}],"replies":[{"embeddable":true,"href":"https:\/\/brandss.com.py\/index\/wp-json\/wp\/v2\/comments?post=101092"}],"version-history":[{"count":1,"href":"https:\/\/brandss.com.py\/index\/wp-json\/wp\/v2\/product\/101092\/revisions"}],"predecessor-version":[{"id":101100,"href":"https:\/\/brandss.com.py\/index\/wp-json\/wp\/v2\/product\/101092\/revisions\/101100"}],"wp:featuredmedia":[{"embeddable":true,"href":"https:\/\/brandss.com.py\/index\/wp-json\/wp\/v2\/media\/101093"}],"wp:attachment":[{"href":"https:\/\/brandss.com.py\/index\/wp-json\/wp\/v2\/media?parent=101092"}],"wp:term":[{"taxonomy":"product_brand","embeddable":true,"href":"https:\/\/brandss.com.py\/index\/wp-json\/wp\/v2\/product_brand?post=101092"},{"taxonomy":"product_cat","embeddable":true,"href":"https:\/\/brandss.com.py\/index\/wp-json\/wp\/v2\/product_cat?post=101092"},{"taxonomy":"product_tag","embeddable":true,"href":"https:\/\/brandss.com.py\/index\/wp-json\/wp\/v2\/product_tag?post=101092"}],"curies":[{"name":"wp","href":"https:\/\/api.w.org\/{rel}","templated":true}]}}