{"id":101118,"date":"2026-03-30T12:02:56","date_gmt":"2026-03-30T12:02:56","guid":{"rendered":"https:\/\/brandss.com.py\/index\/?post_type=product&#038;p=101118"},"modified":"2026-03-30T12:03:24","modified_gmt":"2026-03-30T12:03:24","slug":"perfume-femenino-amaran-micado-love-spell-edp-100ml","status":"publish","type":"product","link":"https:\/\/brandss.com.py\/index\/producto\/perfume-femenino-amaran-micado-love-spell-edp-100ml\/","title":{"rendered":"PERFUME FEMENINO AMARAN MICADO LOVE SPELL EDP 100ML"},"content":{"rendered":"<p><img loading=\"lazy\" decoding=\"async\" class=\"\" src=\"https:\/\/dubaiperfumes.s3.sa-east-1.amazonaws.com\/brands\/5e9b744e-3911-4460-ab97-6a83626b4799.webp?v=2025-09-17%2015:54:36\" alt=\"Amaran - Produtos de alta qualidade no Paraguai - Dubai Perfumes\" width=\"74\" height=\"74\" \/><\/p>\n<h1>MICADO LOVE SPELL<\/h1>\n<p>\u00a1Prep\u00e1rate para que te digan el &#8220;rompe cuellos&#8221; del lugar! ConMICADO LOVE SPELL, cada momento se convierte en una oportunidad para deslumbrar. Este perfume es tan rico que huele que no podr\u00e1s evitar atraer miradas admirativas y sonrisas c\u00f3mplices.<\/p>\n<ul>\n<li><strong>\u00a1Calidad Superior!<\/strong>\u00a0Cada gota est\u00e1 hecha con ingredientes de primera, porque t\u00fa mereces lo mejor. \u00a1Es como un spa en una botella!<\/li>\n<li><strong>Versatilidad:<\/strong>\u00a0Ideal para el d\u00eda a d\u00eda o para esas citas donde quieres lucir como la estrella de tu propia pel\u00edcula rom\u00e1ntica.<\/li>\n<li><strong>Atractivo Irresistible:<\/strong>\u00a0Con este aroma, no solo te sentir\u00e1s \u00fanica, \u00a1sino que tambi\u00e9n dejar\u00e1s a todos pregunt\u00e1ndose cu\u00e1l es tu secreto!<\/li>\n<\/ul>\n<p>No esperes m\u00e1s para a\u00f1adir MICADO LOVE SPELL a tu colecci\u00f3n de fragancias. Este perfume no es solo una elecci\u00f3n; es tu nuevo aliado en la conquista del mundo.<\/p>\n<p>&nbsp;<\/p>\n<h3>Notas Olfativas<\/h3>\n<p>&nbsp;<\/p>\n<p>Una maestr\u00eda en perfumer\u00eda y una pasi\u00f3n abrumadora por crear algo incre\u00edble, dieron origen a Micado Love Spell, una fragancia femenina hipn\u00f3tica que crea un aura irresistible de tentaci\u00f3n.<\/p>\n<p><strong>Notas de salida:<\/strong> violeta, iris toscano, notas verdes.<br \/>\n<strong>Notas de coraz\u00f3n:<\/strong> rosa, iris toscano, jazm\u00edn chino<br \/>\n<strong>Notas de fondo:<\/strong> melocot\u00f3n, acacia, almizcle blanco<\/p>\n<p>\u00a1Haz tu pedido hoy y transforma cada d\u00eda en una experiencia olfativa inolvidable! Porque, seamos sinceros, la vida es demasiado corta para oler aburrido.<\/p>\n","protected":false},"excerpt":{"rendered":"<p>MICADO LOVE SPELL \u00a1Prep\u00e1rate para que te digan el &#8220;rompe cuellos&#8221; del lugar! ConMICADO LOVE SPELL, cada momento se convierte<\/p>\n","protected":false},"featured_media":101119,"comment_status":"open","ping_status":"closed","template":"","meta":{"nf_dc_page":""},"product_brand":[1537],"product_cat":[84],"product_tag":[3312],"class_list":{"0":"post-101118","1":"product","2":"type-product","3":"status-publish","4":"has-post-thumbnail","6":"product_brand-amaran","7":"product_cat-perfumeria","8":"product_tag-3312","10":"first","11":"instock","12":"shipping-taxable","13":"purchasable","14":"product-type-simple"},"_links":{"self":[{"href":"https:\/\/brandss.com.py\/index\/wp-json\/wp\/v2\/product\/101118","targetHints":{"allow":["GET"]}}],"collection":[{"href":"https:\/\/brandss.com.py\/index\/wp-json\/wp\/v2\/product"}],"about":[{"href":"https:\/\/brandss.com.py\/index\/wp-json\/wp\/v2\/types\/product"}],"replies":[{"embeddable":true,"href":"https:\/\/brandss.com.py\/index\/wp-json\/wp\/v2\/comments?post=101118"}],"version-history":[{"count":1,"href":"https:\/\/brandss.com.py\/index\/wp-json\/wp\/v2\/product\/101118\/revisions"}],"predecessor-version":[{"id":101122,"href":"https:\/\/brandss.com.py\/index\/wp-json\/wp\/v2\/product\/101118\/revisions\/101122"}],"wp:featuredmedia":[{"embeddable":true,"href":"https:\/\/brandss.com.py\/index\/wp-json\/wp\/v2\/media\/101119"}],"wp:attachment":[{"href":"https:\/\/brandss.com.py\/index\/wp-json\/wp\/v2\/media?parent=101118"}],"wp:term":[{"taxonomy":"product_brand","embeddable":true,"href":"https:\/\/brandss.com.py\/index\/wp-json\/wp\/v2\/product_brand?post=101118"},{"taxonomy":"product_cat","embeddable":true,"href":"https:\/\/brandss.com.py\/index\/wp-json\/wp\/v2\/product_cat?post=101118"},{"taxonomy":"product_tag","embeddable":true,"href":"https:\/\/brandss.com.py\/index\/wp-json\/wp\/v2\/product_tag?post=101118"}],"curies":[{"name":"wp","href":"https:\/\/api.w.org\/{rel}","templated":true}]}}