{"id":101209,"date":"2026-03-31T17:23:05","date_gmt":"2026-03-31T17:23:05","guid":{"rendered":"https:\/\/brandss.com.py\/index\/?post_type=product&#038;p=101209"},"modified":"2026-03-31T17:24:46","modified_gmt":"2026-03-31T17:24:46","slug":"perfume-femenino-adyan-majestic-exdp-100ml","status":"publish","type":"product","link":"https:\/\/brandss.com.py\/index\/producto\/perfume-femenino-adyan-majestic-exdp-100ml\/","title":{"rendered":"PERFUME FEMENINO ADYAN MAJESTIC EXDP 100ML"},"content":{"rendered":"<p><img loading=\"lazy\" decoding=\"async\" class=\"\" src=\"https:\/\/lujoperfume.com\/wp-content\/uploads\/2024\/06\/Logo-Adyan.png\" alt=\"PERFUME FEMENINO ADYAN DALIA ROUGE EDP 100ML \u2013 Brands\" width=\"72\" height=\"72\" \/><\/p>\n<h1>MAJESTIC<\/h1>\n<p>Experimenta el cautivador encanto de Majestic, un exquisito extracto de perfume que te transporta a un mundo de aromas exquisitos. D\u00e9jate envolver por la opulencia de este perfume y perm\u00edtete sumergirte en un velo de sofisticaci\u00f3n. Cada aplicaci\u00f3n es un viaje sensorial que te invita a disfrutar de los placeres de la vida. Eleva tus sentidos y deja una huella imborrable con el cautivador aura de Majestic.<\/p>\n<p>&nbsp;<\/p>\n<h3>Notas Olfativas<\/h3>\n<p>&nbsp;<\/p>\n<p><span><span dir=\"auto\">El perfume\u00a0<\/span><span dir=\"ltr\" lang=\"pt-BR\"><span dir=\"auto\">Adyan Majestic es una\u00a0<\/span><\/span><span dir=\"auto\">fragancia\u00a0<\/span><\/span><span><span dir=\"auto\">floral\u00a0<\/span><\/span><span><span dir=\"ltr\" lang=\"pt-BR\"><span dir=\"auto\">frutal gourmand\u00a0<\/span><\/span><\/span><span dir=\"auto\"><span>para mujer. <\/span><\/span>Esta lujosa fragancia revela una armoniosa mezcla de acordes gourmand, tentadoras frutas tropicales y la calidez de la vainilla, el almizcle y el s\u00e1ndalo. Delicadas notas de orqu\u00eddea y heliotropo le aportan un toque et\u00e9reo, creando un aroma verdaderamente fascinante.<\/p>\n<ul>\n<li><span><span dir=\"ltr\" lang=\"pt-BR\"><strong><span dir=\"auto\">Notas de salida<\/span><\/strong><\/span><span dir=\"ltr\" lang=\"pt-BR\"><strong><span dir=\"auto\">:<\/span><\/strong><span dir=\"auto\"> orqu\u00eddea, heliotropo, mandarina.<\/span><\/span><\/span><\/li>\n<li><strong><span dir=\"auto\">Notas de coraz\u00f3n:<\/span><\/strong><span dir=\"auto\"> acorde gourmand, frutas tropicales.<\/span><\/li>\n<li><strong><span dir=\"auto\">Notas de fondo:<\/span><\/strong><span dir=\"auto\"> vainilla, almizcle, s\u00e1ndalo.<\/span><\/li>\n<\/ul>\n<p>&nbsp;<\/p>\n","protected":false},"excerpt":{"rendered":"<p>MAJESTIC Experimenta el cautivador encanto de Majestic, un exquisito extracto de perfume que te transporta a un mundo de aromas<\/p>\n","protected":false},"featured_media":101210,"comment_status":"open","ping_status":"closed","template":"","meta":{"nf_dc_page":""},"product_brand":[1972],"product_cat":[84],"product_tag":[2085],"class_list":{"0":"post-101209","1":"product","2":"type-product","3":"status-publish","4":"has-post-thumbnail","6":"product_brand-adyan","7":"product_cat-perfumeria","8":"product_tag-2085","10":"first","11":"instock","12":"shipping-taxable","13":"purchasable","14":"product-type-simple"},"_links":{"self":[{"href":"https:\/\/brandss.com.py\/index\/wp-json\/wp\/v2\/product\/101209","targetHints":{"allow":["GET"]}}],"collection":[{"href":"https:\/\/brandss.com.py\/index\/wp-json\/wp\/v2\/product"}],"about":[{"href":"https:\/\/brandss.com.py\/index\/wp-json\/wp\/v2\/types\/product"}],"replies":[{"embeddable":true,"href":"https:\/\/brandss.com.py\/index\/wp-json\/wp\/v2\/comments?post=101209"}],"version-history":[{"count":1,"href":"https:\/\/brandss.com.py\/index\/wp-json\/wp\/v2\/product\/101209\/revisions"}],"predecessor-version":[{"id":101214,"href":"https:\/\/brandss.com.py\/index\/wp-json\/wp\/v2\/product\/101209\/revisions\/101214"}],"wp:featuredmedia":[{"embeddable":true,"href":"https:\/\/brandss.com.py\/index\/wp-json\/wp\/v2\/media\/101210"}],"wp:attachment":[{"href":"https:\/\/brandss.com.py\/index\/wp-json\/wp\/v2\/media?parent=101209"}],"wp:term":[{"taxonomy":"product_brand","embeddable":true,"href":"https:\/\/brandss.com.py\/index\/wp-json\/wp\/v2\/product_brand?post=101209"},{"taxonomy":"product_cat","embeddable":true,"href":"https:\/\/brandss.com.py\/index\/wp-json\/wp\/v2\/product_cat?post=101209"},{"taxonomy":"product_tag","embeddable":true,"href":"https:\/\/brandss.com.py\/index\/wp-json\/wp\/v2\/product_tag?post=101209"}],"curies":[{"name":"wp","href":"https:\/\/api.w.org\/{rel}","templated":true}]}}