{"id":101260,"date":"2026-04-01T11:54:55","date_gmt":"2026-04-01T11:54:55","guid":{"rendered":"https:\/\/brandss.com.py\/index\/?post_type=product&#038;p=101260"},"modified":"2026-04-01T11:55:17","modified_gmt":"2026-04-01T11:55:17","slug":"perfume-femenino-ajyad-hessa-edp-100ml","status":"publish","type":"product","link":"https:\/\/brandss.com.py\/index\/producto\/perfume-femenino-ajyad-hessa-edp-100ml\/","title":{"rendered":"PERFUME FEMENINO AJYAD HESSA EDP 100ML"},"content":{"rendered":"<p><img loading=\"lazy\" decoding=\"async\" class=\"\" src=\"https:\/\/oudhshop.co.uk\/wp-content\/uploads\/nc\/catalog\/demo\/Logos\/ajyad.jpg\" alt=\"Rahat Al Qalbi Perfume For Women 100 ML EDP By Ajyad\" width=\"59\" height=\"59\" \/><\/p>\n<h1>HESSA<\/h1>\n<p><span dir=\"auto\">Presentamos el cautivador mundo de Ajyad, donde la elegancia y la sofisticaci\u00f3n se fusionan en la exquisita fragancia Hessa. <\/span><span dir=\"auto\">Dise\u00f1ado exclusivamente para mujeres, este encantador Eau de Parfum Spray es un fiel reflejo de belleza y gracia.<\/span><\/p>\n<p><span dir=\"auto\">Este perfume promete ser tu fragancia predilecta para cualquier ocasi\u00f3n, envolvi\u00e9ndote en un aura de encanto y seducci\u00f3n.<\/span><\/p>\n<p><span dir=\"auto\">Hessa es m\u00e1s que una simple fragancia; es una experiencia.<\/span><\/p>\n<p><span dir=\"auto\">Elaborado con precisi\u00f3n por la reconocida casa de dise\u00f1o Ajyad, Hessa cautiva los sentidos y deja una huella imborrable.<\/span><\/p>\n<p><span dir=\"auto\">Esta fragancia es perfecta para la mujer moderna que aprecia las cosas buenas de la vida y busca dejar huella dondequiera que vaya.<\/span><\/p>\n<p>&nbsp;<\/p>\n<h3>Notas Olfativas<\/h3>\n<p>&nbsp;<\/p>\n<p>Hessa es una fragancia dulce-floral con car\u00e1cter gourmand, ideal para quienes buscan un aroma moderno, intenso y con alta presencia, donde lo frutal, floral y cremoso se integran de forma armoniosa. Su apertura envolvente con un contraste atractivo entre frutas ex\u00f3ticas y acordes gourmand. El lichi y la piel de mango aportan un dulzor jugoso y tropical, mientras la almendra y el caf\u00e9 introducen una faceta cremosa y ligeramente tostada. La orqu\u00eddea suaviza el conjunto con un toque floral delicado. La fragancia evoluciona hacia un bouquet floral intenso y seductor. La rosa blanca y el jazm\u00edn sambac brindan elegancia y feminidad, mientras el nardo a\u00f1ade profundidad cremosa. El acorde gourmand refuerza la sensaci\u00f3n dulce, creando un perfil c\u00e1lido y sofisticado. Y en el cierre persistente y adictivo con predominio de notas dulces y sensuales. La vainilla y el haba tonka generan una base c\u00e1lida y envolvente, complementadas por el cacao que aporta un matiz cremoso oscuro. El almizcle fija la fragancia dejando una estela suave y duradera.<\/p>\n<p><span dir=\"auto\"><strong>Notas de salida:<\/strong> lichi, orqu\u00eddea, almendra, caf\u00e9, piel de mango.<\/span><br \/>\n<span dir=\"auto\"><strong>Notas de coraz\u00f3n:<\/strong> rosa blanca, acorde goumand, nardo, jazm\u00edn sambac.<\/span><br \/>\n<span dir=\"auto\"><strong>Notas de fondo:<\/strong> almizcle, vainilla, haba tonka, cacao.<\/span><\/p>\n","protected":false},"excerpt":{"rendered":"<p>HESSA Presentamos el cautivador mundo de Ajyad, donde la elegancia y la sofisticaci\u00f3n se fusionan en la exquisita fragancia Hessa.<\/p>\n","protected":false},"featured_media":101261,"comment_status":"open","ping_status":"closed","template":"","meta":{"nf_dc_page":""},"product_brand":[3332],"product_cat":[84],"product_tag":[3338],"class_list":{"0":"post-101260","1":"product","2":"type-product","3":"status-publish","4":"has-post-thumbnail","6":"product_brand-ajyad","7":"product_cat-perfumeria","8":"product_tag-3338","10":"first","11":"instock","12":"shipping-taxable","13":"purchasable","14":"product-type-simple"},"_links":{"self":[{"href":"https:\/\/brandss.com.py\/index\/wp-json\/wp\/v2\/product\/101260","targetHints":{"allow":["GET"]}}],"collection":[{"href":"https:\/\/brandss.com.py\/index\/wp-json\/wp\/v2\/product"}],"about":[{"href":"https:\/\/brandss.com.py\/index\/wp-json\/wp\/v2\/types\/product"}],"replies":[{"embeddable":true,"href":"https:\/\/brandss.com.py\/index\/wp-json\/wp\/v2\/comments?post=101260"}],"version-history":[{"count":1,"href":"https:\/\/brandss.com.py\/index\/wp-json\/wp\/v2\/product\/101260\/revisions"}],"predecessor-version":[{"id":101265,"href":"https:\/\/brandss.com.py\/index\/wp-json\/wp\/v2\/product\/101260\/revisions\/101265"}],"wp:featuredmedia":[{"embeddable":true,"href":"https:\/\/brandss.com.py\/index\/wp-json\/wp\/v2\/media\/101261"}],"wp:attachment":[{"href":"https:\/\/brandss.com.py\/index\/wp-json\/wp\/v2\/media?parent=101260"}],"wp:term":[{"taxonomy":"product_brand","embeddable":true,"href":"https:\/\/brandss.com.py\/index\/wp-json\/wp\/v2\/product_brand?post=101260"},{"taxonomy":"product_cat","embeddable":true,"href":"https:\/\/brandss.com.py\/index\/wp-json\/wp\/v2\/product_cat?post=101260"},{"taxonomy":"product_tag","embeddable":true,"href":"https:\/\/brandss.com.py\/index\/wp-json\/wp\/v2\/product_tag?post=101260"}],"curies":[{"name":"wp","href":"https:\/\/api.w.org\/{rel}","templated":true}]}}