{"id":101272,"date":"2026-04-01T12:50:54","date_gmt":"2026-04-01T12:50:54","guid":{"rendered":"https:\/\/brandss.com.py\/index\/?post_type=product&#038;p=101272"},"modified":"2026-04-01T12:51:26","modified_gmt":"2026-04-01T12:51:26","slug":"perfume-femenino-al-ghazal-vertis-crystal-edp-100ml","status":"publish","type":"product","link":"https:\/\/brandss.com.py\/index\/producto\/perfume-femenino-al-ghazal-vertis-crystal-edp-100ml\/","title":{"rendered":"PERFUME FEMENINO AL GHAZAL VERTIS CRYSTAL EDP 100ML"},"content":{"rendered":"<p><img loading=\"lazy\" decoding=\"async\" class=\"\" src=\"https:\/\/scontent.fagt1-1.fna.fbcdn.net\/v\/t39.30808-6\/301664104_500629035399086_2590093238149613319_n.jpg?_nc_cat=110&amp;ccb=1-7&amp;_nc_sid=1d70fc&amp;_nc_ohc=g7dQ2FtzWM0Q7kNvwE13Qo7&amp;_nc_oc=AdrKbwCs4ANTiWSwwYab_Zsi0_R2JWx6segcz8aiGwnHpo08NJ63YLFHQGO5EJ3md0o&amp;_nc_zt=23&amp;_nc_ht=scontent.fagt1-1.fna&amp;_nc_gid=V76XZkITWu2eve0kx0OfEQ&amp;_nc_ss=7a389&amp;oh=00_Af2tybB9z7VmGQALHQX5f_4bXYjKiGx1txm-zFTHWoJgLw&amp;oe=69D2DF6F\" width=\"102\" height=\"102\" \/><\/p>\n<h1>VERTIS CRYSTAL<\/h1>\n<p>Es una fragancia ligera y femenina que combina frescura c\u00edtrica, flores suaves y un fondo c\u00e1lido discreto, ideal para un estilo natural y elegante.<\/p>\n<p>&nbsp;<\/p>\n<h3>Notas Olfativas<\/h3>\n<p>&nbsp;<\/p>\n<p>Vertis crystal es una fragancia femenina de perfil floral frutal, dise\u00f1ada para transmitir frescura, suavidad y elegancia en un formato ligero y vers\u00e1til para uso diario. La fragancia tiene una apertura luminosa y refrescante con un car\u00e1cter limpio y moderno, floral delicado, aireado y rom\u00e1ntico, aportando transparencia y sensaci\u00f3n acu\u00e1tica con un toque cremoso y ligeramente dulce. Un coraz\u00f3n que evoluciona hacia un perfil floral suave y elegante. Y finaliza con una base suave, c\u00e1lida y ligeramente amaderada.<\/p>\n<p><strong>Notas de salida:<\/strong> yuzu, granada, hielo.<\/p>\n<p><strong>Notas de coraz\u00f3n:<\/strong> peon\u00eda, flor de loto, magnolia.<\/p>\n<p><strong>Notas de fondo:<\/strong> almizcle, caoba, \u00e1mbar.<\/p>\n<p>&nbsp;<\/p>\n","protected":false},"excerpt":{"rendered":"<p>VERTIS CRYSTAL Es una fragancia ligera y femenina que combina frescura c\u00edtrica, flores suaves y un fondo c\u00e1lido discreto, ideal<\/p>\n","protected":false},"featured_media":101273,"comment_status":"open","ping_status":"closed","template":"","meta":{"nf_dc_page":""},"product_brand":[3339],"product_cat":[84],"product_tag":[3341],"class_list":{"0":"post-101272","1":"product","2":"type-product","3":"status-publish","4":"has-post-thumbnail","6":"product_brand-al-ghazal","7":"product_cat-perfumeria","8":"product_tag-3341","10":"first","11":"instock","12":"shipping-taxable","13":"purchasable","14":"product-type-simple"},"_links":{"self":[{"href":"https:\/\/brandss.com.py\/index\/wp-json\/wp\/v2\/product\/101272","targetHints":{"allow":["GET"]}}],"collection":[{"href":"https:\/\/brandss.com.py\/index\/wp-json\/wp\/v2\/product"}],"about":[{"href":"https:\/\/brandss.com.py\/index\/wp-json\/wp\/v2\/types\/product"}],"replies":[{"embeddable":true,"href":"https:\/\/brandss.com.py\/index\/wp-json\/wp\/v2\/comments?post=101272"}],"version-history":[{"count":1,"href":"https:\/\/brandss.com.py\/index\/wp-json\/wp\/v2\/product\/101272\/revisions"}],"predecessor-version":[{"id":101277,"href":"https:\/\/brandss.com.py\/index\/wp-json\/wp\/v2\/product\/101272\/revisions\/101277"}],"wp:featuredmedia":[{"embeddable":true,"href":"https:\/\/brandss.com.py\/index\/wp-json\/wp\/v2\/media\/101273"}],"wp:attachment":[{"href":"https:\/\/brandss.com.py\/index\/wp-json\/wp\/v2\/media?parent=101272"}],"wp:term":[{"taxonomy":"product_brand","embeddable":true,"href":"https:\/\/brandss.com.py\/index\/wp-json\/wp\/v2\/product_brand?post=101272"},{"taxonomy":"product_cat","embeddable":true,"href":"https:\/\/brandss.com.py\/index\/wp-json\/wp\/v2\/product_cat?post=101272"},{"taxonomy":"product_tag","embeddable":true,"href":"https:\/\/brandss.com.py\/index\/wp-json\/wp\/v2\/product_tag?post=101272"}],"curies":[{"name":"wp","href":"https:\/\/api.w.org\/{rel}","templated":true}]}}