{"id":101294,"date":"2026-04-01T16:26:13","date_gmt":"2026-04-01T16:26:13","guid":{"rendered":"https:\/\/brandss.com.py\/index\/?post_type=product&#038;p=101294"},"modified":"2026-04-01T16:26:56","modified_gmt":"2026-04-01T16:26:56","slug":"perfume-femenino-al-ghazal-scarlet-sway-edp-100ml","status":"publish","type":"product","link":"https:\/\/brandss.com.py\/index\/producto\/perfume-femenino-al-ghazal-scarlet-sway-edp-100ml\/","title":{"rendered":"PERFUME FEMENINO AL GHAZAL SCARLET SWAY EDP 100ML"},"content":{"rendered":"<p><img loading=\"lazy\" decoding=\"async\" class=\"\" src=\"https:\/\/scontent.fagt1-1.fna.fbcdn.net\/v\/t39.30808-6\/301664104_500629035399086_2590093238149613319_n.jpg?_nc_cat=110&amp;ccb=1-7&amp;_nc_sid=1d70fc&amp;_nc_ohc=g7dQ2FtzWM0Q7kNvwE13Qo7&amp;_nc_oc=AdrKbwCs4ANTiWSwwYab_Zsi0_R2JWx6segcz8aiGwnHpo08NJ63YLFHQGO5EJ3md0o&amp;_nc_zt=23&amp;_nc_ht=scontent.fagt1-1.fna&amp;_nc_gid=V76XZkITWu2eve0kx0OfEQ&amp;_nc_ss=7a389&amp;oh=00_Af2tybB9z7VmGQALHQX5f_4bXYjKiGx1txm-zFTHWoJgLw&amp;oe=69D2DF6F\" width=\"101\" height=\"101\" \/><\/p>\n<h1>SCARLET SWAY<\/h1>\n<p><span class=\"relative -mx-px my-[-0.2rem] rounded px-px py-[0.2rem] transition-colors duration-100 ease-in-out\">Es una fragancia femenina que destaca por su elegancia y sofisticaci\u00f3n.<\/span> Scarlet Sway desde su presentaci\u00f3n, grita pasi\u00f3n, elegancia y un toque de misterio muy llamativo.<\/p>\n<p>Es el cl\u00e1sico perfume nocturno, invernal o para ocasiones especiales donde se busca proyectar seguridad, sofisticaci\u00f3n y much\u00edsima sensualidad.<\/p>\n<h3>Notas Olfativas<\/h3>\n<p>Scarlet Sway es una fragancia femenina que busca dejar huella. La salida una apertura frutal y vibrante. El coraz\u00f3n un bouquet floral rico y seductor. El fondo una base c\u00e1lida, dulce y sumamente adictiva.<\/p>\n<p><strong>Notas de salida:<\/strong> pera, frutos rojos.<\/p>\n<p><strong>Notas de coraz\u00f3n:<\/strong> rosa, jazm\u00edn, azafr\u00e1n.<\/p>\n<p><strong>Notas de fondo:<\/strong> vainilla, madera oud, \u00e1mbar.<\/p>\n","protected":false},"excerpt":{"rendered":"<p>SCARLET SWAY Es una fragancia femenina que destaca por su elegancia y sofisticaci\u00f3n. Scarlet Sway desde su presentaci\u00f3n, grita pasi\u00f3n,<\/p>\n","protected":false},"featured_media":101295,"comment_status":"open","ping_status":"closed","template":"","meta":{"nf_dc_page":""},"product_brand":[3339],"product_cat":[84],"product_tag":[3345],"class_list":{"0":"post-101294","1":"product","2":"type-product","3":"status-publish","4":"has-post-thumbnail","6":"product_brand-al-ghazal","7":"product_cat-perfumeria","8":"product_tag-3345","10":"first","11":"instock","12":"shipping-taxable","13":"purchasable","14":"product-type-simple"},"_links":{"self":[{"href":"https:\/\/brandss.com.py\/index\/wp-json\/wp\/v2\/product\/101294","targetHints":{"allow":["GET"]}}],"collection":[{"href":"https:\/\/brandss.com.py\/index\/wp-json\/wp\/v2\/product"}],"about":[{"href":"https:\/\/brandss.com.py\/index\/wp-json\/wp\/v2\/types\/product"}],"replies":[{"embeddable":true,"href":"https:\/\/brandss.com.py\/index\/wp-json\/wp\/v2\/comments?post=101294"}],"version-history":[{"count":1,"href":"https:\/\/brandss.com.py\/index\/wp-json\/wp\/v2\/product\/101294\/revisions"}],"predecessor-version":[{"id":101299,"href":"https:\/\/brandss.com.py\/index\/wp-json\/wp\/v2\/product\/101294\/revisions\/101299"}],"wp:featuredmedia":[{"embeddable":true,"href":"https:\/\/brandss.com.py\/index\/wp-json\/wp\/v2\/media\/101295"}],"wp:attachment":[{"href":"https:\/\/brandss.com.py\/index\/wp-json\/wp\/v2\/media?parent=101294"}],"wp:term":[{"taxonomy":"product_brand","embeddable":true,"href":"https:\/\/brandss.com.py\/index\/wp-json\/wp\/v2\/product_brand?post=101294"},{"taxonomy":"product_cat","embeddable":true,"href":"https:\/\/brandss.com.py\/index\/wp-json\/wp\/v2\/product_cat?post=101294"},{"taxonomy":"product_tag","embeddable":true,"href":"https:\/\/brandss.com.py\/index\/wp-json\/wp\/v2\/product_tag?post=101294"}],"curies":[{"name":"wp","href":"https:\/\/api.w.org\/{rel}","templated":true}]}}