{"id":101323,"date":"2026-04-01T18:53:03","date_gmt":"2026-04-01T18:53:03","guid":{"rendered":"https:\/\/brandss.com.py\/index\/?post_type=product&#038;p=101323"},"modified":"2026-04-01T18:53:26","modified_gmt":"2026-04-01T18:53:26","slug":"esencia-facial-numbuzin-n9-nad-bio-lifting-sil-50ml","status":"publish","type":"product","link":"https:\/\/brandss.com.py\/index\/producto\/esencia-facial-numbuzin-n9-nad-bio-lifting-sil-50ml\/","title":{"rendered":"ESENCIA FACIAL NUMBUZIN N\u00b09 NAD + BIO LIFTING-SIL 50ML"},"content":{"rendered":"<p><img loading=\"lazy\" decoding=\"async\" class=\"\" src=\"https:\/\/www.miikorean.com\/cdn\/shop\/collections\/numbuzin-MY-logo.png?v=1756148643\" alt=\"NUMBUZIN \u2013 Mii Korean Skincare\" width=\"142\" height=\"29\" \/><\/p>\n<h1>NAD + BIO LIFTING-SIL<\/h1>\n<p>Es una esencia antienvejecimiento poderosa que combina ciencia y naturaleza para restaurar la firmeza, elasticidad y luminosidad de la piel. La textura sedosa se asienta como una capa nutritiva y reafirmante en la piel, contribuyendo a una sensaci\u00f3n m\u00e1s firme y juvenil.<\/p>\n<p>La f\u00f3rmula est\u00e1 enriquecida con\u00a0NAD\u207a (Nicotinamida Adenina Dinucle\u00f3tido), un ingrediente innovador que activa la renovaci\u00f3n celular y fortalece la barrera de la piel en profundidad. En combinaci\u00f3n con\u00a0m\u00e1s de 50 p\u00e9ptidos diferentes, se estimula la producci\u00f3n de col\u00e1geno, lo que ayuda a reducir las l\u00edneas finas y arrugas. El resultado es una piel que luce m\u00e1s firme, uniforme y vital.<img loading=\"lazy\" decoding=\"async\" class=\"alignleft\" src=\"https:\/\/palacebeauty.com\/cdn\/shop\/files\/numbuzin-no-9-nad-bio-lifting-sil-essence-50ml-681774.webp?v=1749562147\" width=\"350\" height=\"350\" \/><\/p>\n<h3><strong>Ingredientes claves<\/strong><\/h3>\n<ul>\n<li><strong>NAD\u207a (Nicotinamida Adenina Dinucle\u00f3tido):<\/strong> estimula la renovaci\u00f3n celular y promueve una piel m\u00e1s firme y el\u00e1stica.<\/li>\n<li><strong>Complejo de p\u00e9ptidos (50+ p\u00e9ptidos):<\/strong> trabaja en m\u00faltiples niveles para fortalecer la producci\u00f3n de col\u00e1geno, reducir arrugas y mejorar la firmeza de la piel.<\/li>\n<li><strong>Niacinamida:<\/strong> unifica el tono de la piel, fortalece la barrera cut\u00e1nea y aporta luminosidad renovada.<\/li>\n<li><strong>Glutati\u00f3n y Vitamina E:<\/strong> potentes antioxidantes que protegen la piel contra el estr\u00e9s oxidativo y los radicales libres.<\/li>\n<li><strong>Hialuronato de sodio:<\/strong> proporciona hidrataci\u00f3n profunda y contribuye a una piel m\u00e1s rellena y con m\u00e1s volumen.<\/li>\n<\/ul>\n<h3><strong>Ventajas<\/strong><\/h3>\n<ul>\n<li>Proporciona un efecto visible de lifting y reafirmante.<\/li>\n<li>Enriquecido con NAD\u207a y m\u00e1s de 50 p\u00e9ptidos que fortalecen eficazmente la estructura de la piel.<\/li>\n<li>Mejora la elasticidad de la piel y reduce los signos visibles de la edad.<\/li>\n<li>Deja la piel sedosa con un brillo radiante.<\/li>\n<li>Adecuado para todo tipo de piel, especialmente piel madura y cansada.<\/li>\n<li>Eficacia cl\u00ednicamente probada: reduce hasta 11 tipos de arrugas en solo 4 semanas.<\/li>\n<\/ul>\n<h3><strong>Modo de uso<\/strong><\/h3>\n<ol>\n<li>Aplicar despu\u00e9s de la limpieza y el t\u00f3nico.<\/li>\n<li>Tomar 2-3 bombas de esencia y distribuir uniformemente sobre el rostro y el cuello.<\/li>\n<li>Dar suaves palmaditas hasta que se absorba completamente.<\/li>\n<li>Seguir con crema hidratante y protector solar durante el d\u00eda.<\/li>\n<li>Usar ma\u00f1ana y noche para obtener mejores resultados.<\/li>\n<\/ol>\n","protected":false},"excerpt":{"rendered":"<p>NAD + BIO LIFTING-SIL Es una esencia antienvejecimiento poderosa que combina ciencia y naturaleza para restaurar la firmeza, elasticidad y<\/p>\n","protected":false},"featured_media":101324,"comment_status":"open","ping_status":"closed","template":"","meta":{"nf_dc_page":""},"product_brand":[3352],"product_cat":[104],"product_tag":[3353],"class_list":{"0":"post-101323","1":"product","2":"type-product","3":"status-publish","4":"has-post-thumbnail","6":"product_brand-numbuzin","7":"product_cat-skin-care","8":"product_tag-3353","10":"first","11":"instock","12":"shipping-taxable","13":"purchasable","14":"product-type-simple"},"_links":{"self":[{"href":"https:\/\/brandss.com.py\/index\/wp-json\/wp\/v2\/product\/101323","targetHints":{"allow":["GET"]}}],"collection":[{"href":"https:\/\/brandss.com.py\/index\/wp-json\/wp\/v2\/product"}],"about":[{"href":"https:\/\/brandss.com.py\/index\/wp-json\/wp\/v2\/types\/product"}],"replies":[{"embeddable":true,"href":"https:\/\/brandss.com.py\/index\/wp-json\/wp\/v2\/comments?post=101323"}],"version-history":[{"count":1,"href":"https:\/\/brandss.com.py\/index\/wp-json\/wp\/v2\/product\/101323\/revisions"}],"predecessor-version":[{"id":101331,"href":"https:\/\/brandss.com.py\/index\/wp-json\/wp\/v2\/product\/101323\/revisions\/101331"}],"wp:featuredmedia":[{"embeddable":true,"href":"https:\/\/brandss.com.py\/index\/wp-json\/wp\/v2\/media\/101324"}],"wp:attachment":[{"href":"https:\/\/brandss.com.py\/index\/wp-json\/wp\/v2\/media?parent=101323"}],"wp:term":[{"taxonomy":"product_brand","embeddable":true,"href":"https:\/\/brandss.com.py\/index\/wp-json\/wp\/v2\/product_brand?post=101323"},{"taxonomy":"product_cat","embeddable":true,"href":"https:\/\/brandss.com.py\/index\/wp-json\/wp\/v2\/product_cat?post=101323"},{"taxonomy":"product_tag","embeddable":true,"href":"https:\/\/brandss.com.py\/index\/wp-json\/wp\/v2\/product_tag?post=101323"}],"curies":[{"name":"wp","href":"https:\/\/api.w.org\/{rel}","templated":true}]}}