{"id":101332,"date":"2026-04-01T19:08:39","date_gmt":"2026-04-01T19:08:39","guid":{"rendered":"https:\/\/brandss.com.py\/index\/?post_type=product&#038;p=101332"},"modified":"2026-04-01T19:09:02","modified_gmt":"2026-04-01T19:09:02","slug":"crema-para-ojos-numbuzin-n9-nad-retinol-volumetox-10ml","status":"publish","type":"product","link":"https:\/\/brandss.com.py\/index\/producto\/crema-para-ojos-numbuzin-n9-nad-retinol-volumetox-10ml\/","title":{"rendered":"CREMA PARA OJOS NUMBUZIN N\u00b09 NAD + RETINOL VOLUMETOX 10ML"},"content":{"rendered":"<p><img loading=\"lazy\" decoding=\"async\" class=\"\" src=\"https:\/\/www.miikorean.com\/cdn\/shop\/collections\/numbuzin-MY-logo.png?v=1756148643\" alt=\"NUMBUZIN \u2013 Mii Korean Skincare\" width=\"137\" height=\"28\" \/><\/p>\n<h1>NAD + RETINOL VOLUMETOX<\/h1>\n<p>Es una crema para ojos avanzada dise\u00f1ada para proporcionar un levantamiento visible a la piel alrededor de los ojos. Esta potente f\u00f3rmula est\u00e1 desarrollada espec\u00edficamente para trabajar con la p\u00e9rdida de volumen, la falta de elasticidad y las l\u00edneas finas en el \u00e1rea del ojo, que es delgada y sensible.<img loading=\"lazy\" decoding=\"async\" class=\"alignleft\" src=\"https:\/\/www.koreanbeauty.es\/cdn\/shop\/files\/No.9NAD_RetinolVolumetoxEyeCream_1.png?v=1767972178&amp;width=1800\" width=\"360\" height=\"360\" \/><\/p>\n<p>La f\u00f3rmula combina tecnolog\u00eda moderna para el cuidado de la piel con ingredientes activos cuidadosamente seleccionados como\u00a0componentes relacionados con NAD+,\u00a0retinol\u00a0y agentes voluminizadores. Juntos, trabajan para mejorar la textura y la firmeza de la piel. El resultado es una apariencia m\u00e1s suave y vital con plenitud restaurada alrededor de los ojos, sin comprometer la comodidad.<\/p>\n<h3><strong>Ingredientes clave<\/strong><\/h3>\n<ul>\n<li><strong>Retinol:<\/strong> estimula la renovaci\u00f3n de la piel y mejora su textura para una superficie m\u00e1s uniforme.<\/li>\n<li><strong>Ingredientes basados en NAD+:<\/strong> refuerzan la energ\u00eda y vitalidad de la piel para una apariencia m\u00e1s juvenil.<\/li>\n<li><strong>Complejo voluminizador: <\/strong>proporciona a la piel una sensaci\u00f3n m\u00e1s plena y firme.<\/li>\n<li><strong>Ingredientes hidratantes: <\/strong>ayudan a la piel a retener la humedad y proporcionan confort duradero.<\/li>\n<li><strong>Nutrientes: <\/strong>refuerzan la barrera de la piel alrededor del \u00e1rea de los ojos para una protecci\u00f3n extra.<\/li>\n<\/ul>\n<h3><strong>Ventajas<\/strong><\/h3>\n<ul>\n<li>Reduce la visibilidad de l\u00edneas finas y arrugas.<\/li>\n<li>Mejora la\u00a0elasticidad y firmeza de la piel alrededor de los ojos.<\/li>\n<li>Proporciona una apariencia\u00a0m\u00e1s firme y voluminosa.<\/li>\n<li>Apoya el proceso natural de renovaci\u00f3n de la piel.<\/li>\n<li>Hidrata y cuida el \u00e1rea sensible de los ojos.<\/li>\n<li>Especialmente formulada para el contorno de los ojos.<\/li>\n<\/ul>\n<h3><strong>Modo de uso<\/strong><\/h3>\n<ol>\n<li>Despu\u00e9s de limpiar y tonificar, aplica una peque\u00f1a cantidad de crema para ojos alrededor de los ojos.<\/li>\n<li>Da golpecitos suaves con las yemas de los dedos hasta que se absorba completamente.<\/li>\n<li>Usar por la noche. Recuerda usar protector solar durante el d\u00eda cuando uses productos con retinol.<\/li>\n<\/ol>\n","protected":false},"excerpt":{"rendered":"<p>NAD + RETINOL VOLUMETOX Es una crema para ojos avanzada dise\u00f1ada para proporcionar un levantamiento visible a la piel alrededor<\/p>\n","protected":false},"featured_media":101333,"comment_status":"open","ping_status":"closed","template":"","meta":{"nf_dc_page":""},"product_brand":[3352],"product_cat":[104],"product_tag":[3354],"class_list":{"0":"post-101332","1":"product","2":"type-product","3":"status-publish","4":"has-post-thumbnail","6":"product_brand-numbuzin","7":"product_cat-skin-care","8":"product_tag-3354","10":"first","11":"instock","12":"shipping-taxable","13":"purchasable","14":"product-type-simple"},"_links":{"self":[{"href":"https:\/\/brandss.com.py\/index\/wp-json\/wp\/v2\/product\/101332","targetHints":{"allow":["GET"]}}],"collection":[{"href":"https:\/\/brandss.com.py\/index\/wp-json\/wp\/v2\/product"}],"about":[{"href":"https:\/\/brandss.com.py\/index\/wp-json\/wp\/v2\/types\/product"}],"replies":[{"embeddable":true,"href":"https:\/\/brandss.com.py\/index\/wp-json\/wp\/v2\/comments?post=101332"}],"version-history":[{"count":1,"href":"https:\/\/brandss.com.py\/index\/wp-json\/wp\/v2\/product\/101332\/revisions"}],"predecessor-version":[{"id":101339,"href":"https:\/\/brandss.com.py\/index\/wp-json\/wp\/v2\/product\/101332\/revisions\/101339"}],"wp:featuredmedia":[{"embeddable":true,"href":"https:\/\/brandss.com.py\/index\/wp-json\/wp\/v2\/media\/101333"}],"wp:attachment":[{"href":"https:\/\/brandss.com.py\/index\/wp-json\/wp\/v2\/media?parent=101332"}],"wp:term":[{"taxonomy":"product_brand","embeddable":true,"href":"https:\/\/brandss.com.py\/index\/wp-json\/wp\/v2\/product_brand?post=101332"},{"taxonomy":"product_cat","embeddable":true,"href":"https:\/\/brandss.com.py\/index\/wp-json\/wp\/v2\/product_cat?post=101332"},{"taxonomy":"product_tag","embeddable":true,"href":"https:\/\/brandss.com.py\/index\/wp-json\/wp\/v2\/product_tag?post=101332"}],"curies":[{"name":"wp","href":"https:\/\/api.w.org\/{rel}","templated":true}]}}