{"id":101340,"date":"2026-04-02T11:25:53","date_gmt":"2026-04-02T11:25:53","guid":{"rendered":"https:\/\/brandss.com.py\/index\/?post_type=product&#038;p=101340"},"modified":"2026-04-02T11:28:06","modified_gmt":"2026-04-02T11:28:06","slug":"perfume-masculino-mauboussin-pour-lui-edp-100ml","status":"publish","type":"product","link":"https:\/\/brandss.com.py\/index\/producto\/perfume-masculino-mauboussin-pour-lui-edp-100ml\/","title":{"rendered":"PERFUME MASCULINO MAUBOUSSIN POUR LUI EDP 100ML"},"content":{"rendered":"<p><img loading=\"lazy\" decoding=\"async\" class=\"\" src=\"https:\/\/upload.wikimedia.org\/wikipedia\/fr\/thumb\/1\/1c\/Logo_mauboussin.svg\/1280px-Logo_mauboussin.svg.png\" alt=\"PERFUME MASCULINO MAUBOUSSIN POUR LUI IN BLACK EDP 100ML \u2013 Brands\" width=\"104\" height=\"37\" \/><\/p>\n<h1>POUR LUI<\/h1>\n<p>Para ser considerado un caballero, un hombre debe vestirse con elegancia, portarse con dignidad y dominar el arte de hablar en p\u00fablico. Sin embargo, tu imagen estar\u00e1 incompleta sin rodearte de la exquisita fragancia de Mauboussin Pour Lui de Mauboussin.<img loading=\"lazy\" decoding=\"async\" class=\"alignleft\" src=\"https:\/\/m.media-amazon.com\/images\/I\/71qmFr2msKL._SL1500_.jpg\" width=\"360\" height=\"360\" \/><\/p>\n<p>Nunca sabes qu\u00e9 te espera en una cita o una reuni\u00f3n de negocios, pero necesitas estar preparado para cualquier cosa. El agua perfumada Mauboussin Pour Lui de Mauboussin te dar\u00e1 confianza y te permitir\u00e1 mantenerte un paso adelante de tus competidores.<\/p>\n<p>&nbsp;<\/p>\n<h3>Notas Olfativas<\/h3>\n<p>Llama la atenci\u00f3n desde el momento en que entras en una habitaci\u00f3n. Lanzada en 2012 por la casa de Mauboussin, este espumoso spray de agua de ave es dif\u00edcil de ignorar y est\u00e1 dise\u00f1ado para el hombre que lucha por la elegancia y la sofisticaci\u00f3n en cada esfuerzo. La composici\u00f3n amaderada-foug\u00e8re de este perfume se despliega con acordes sorprendentes, compuesta por notas de lavanda y agujas de cedro. El acorde central de la composici\u00f3n de la fragancia impacta con una combinaci\u00f3n deliciosa de alcaravea, absenta y an\u00eds estrellado. La estela del agua perfumada Mauboussin Pour Lui est\u00e1 representada por un tr\u00edo inesperado, consistente en notas de madera de \u00e9bano, \u00e1mbar y musgo de roble.<\/p>\n<p><strong>Notas de salida:<\/strong> agujas de cedro, lavanda.<br \/>\n<strong>Notas de coraz\u00f3n:<\/strong> ajenjo, an\u00eds estrellado, comino.<br \/>\n<strong>Notas de fondo:<\/strong> musgo de roble, \u00e1mbar, \u00e9bano.<\/p>\n","protected":false},"excerpt":{"rendered":"<p>POUR LUI Para ser considerado un caballero, un hombre debe vestirse con elegancia, portarse con dignidad y dominar el arte<\/p>\n","protected":false},"featured_media":101341,"comment_status":"open","ping_status":"closed","template":"","meta":{"nf_dc_page":""},"product_brand":[2117],"product_cat":[84],"product_tag":[3356],"class_list":{"0":"post-101340","1":"product","2":"type-product","3":"status-publish","4":"has-post-thumbnail","6":"product_brand-mauboussin","7":"product_cat-perfumeria","8":"product_tag-3356","10":"first","11":"instock","12":"shipping-taxable","13":"purchasable","14":"product-type-simple"},"_links":{"self":[{"href":"https:\/\/brandss.com.py\/index\/wp-json\/wp\/v2\/product\/101340","targetHints":{"allow":["GET"]}}],"collection":[{"href":"https:\/\/brandss.com.py\/index\/wp-json\/wp\/v2\/product"}],"about":[{"href":"https:\/\/brandss.com.py\/index\/wp-json\/wp\/v2\/types\/product"}],"replies":[{"embeddable":true,"href":"https:\/\/brandss.com.py\/index\/wp-json\/wp\/v2\/comments?post=101340"}],"version-history":[{"count":1,"href":"https:\/\/brandss.com.py\/index\/wp-json\/wp\/v2\/product\/101340\/revisions"}],"predecessor-version":[{"id":101348,"href":"https:\/\/brandss.com.py\/index\/wp-json\/wp\/v2\/product\/101340\/revisions\/101348"}],"wp:featuredmedia":[{"embeddable":true,"href":"https:\/\/brandss.com.py\/index\/wp-json\/wp\/v2\/media\/101341"}],"wp:attachment":[{"href":"https:\/\/brandss.com.py\/index\/wp-json\/wp\/v2\/media?parent=101340"}],"wp:term":[{"taxonomy":"product_brand","embeddable":true,"href":"https:\/\/brandss.com.py\/index\/wp-json\/wp\/v2\/product_brand?post=101340"},{"taxonomy":"product_cat","embeddable":true,"href":"https:\/\/brandss.com.py\/index\/wp-json\/wp\/v2\/product_cat?post=101340"},{"taxonomy":"product_tag","embeddable":true,"href":"https:\/\/brandss.com.py\/index\/wp-json\/wp\/v2\/product_tag?post=101340"}],"curies":[{"name":"wp","href":"https:\/\/api.w.org\/{rel}","templated":true}]}}