{"id":101349,"date":"2026-04-02T12:56:27","date_gmt":"2026-04-02T12:56:27","guid":{"rendered":"https:\/\/brandss.com.py\/index\/?post_type=product&#038;p=101349"},"modified":"2026-04-02T12:56:58","modified_gmt":"2026-04-02T12:56:58","slug":"perfume-masculino-agatha-lhomme-terres-du-sud-edp-100ml","status":"publish","type":"product","link":"https:\/\/brandss.com.py\/index\/producto\/perfume-masculino-agatha-lhomme-terres-du-sud-edp-100ml\/","title":{"rendered":"PERFUME MASCULINO AGATHA L\u2019HOMME TERRES DU SUD EDP 100ML"},"content":{"rendered":"<p><img loading=\"lazy\" decoding=\"async\" class=\"\" src=\"https:\/\/www.sumate.eu\/wp-content\/uploads\/2025\/02\/agatha-1.png\" alt=\"Agatha Paris - S\u00famate\" width=\"95\" height=\"75\" \/><\/p>\n<h1>L\u2019HOMME TERRES DU SUD<\/h1>\n<p>Est\u00e1 creado para transmitir la fuerza y \u200b\u200bla atm\u00f3sfera del sur. Todas las regiones c\u00e1lidas llenas de sol, viento y mar infinito. Siente la fuerza de los vastos espacios, las majestuosas monta\u00f1as y las extensas arenas. Disfruta de la ligera frescura de la brisa matutina, los incre\u00edbles colores de las plantas del sur, la riqueza de las especias y una variedad de frutas. L&#8217;Homme Terres du Sud es tu boleto olfativo a un viaje incre\u00edble a trav\u00e9s del espacio y el tiempo. Resaltar\u00e1 el gusto impecable de su due\u00f1o y se convertir\u00e1 en un elemento exquisito de su imagen.<\/p>\n<p>Ideal para hombres con estilo propio y presencia marcada.<\/p>\n<h3>Notas Olfativas<\/h3>\n<p>Explora la elegancia del sur con el perfume masculino L&#8217;Homme Terres Du Sud, lanzado por la casa de dise\u00f1o de Agatha en el a\u00f1o 2020. Su fragancia arom\u00e1tica especiada fusiona bergamota, jengibre y lavanda, creando un aroma sofisticado y duradero.<\/p>\n<div class=\"specification-item\">\n<div class=\"spec-label\"><strong>Notas de salida:<\/strong> bergamota.<\/div>\n<\/div>\n<div class=\"specification-item\">\n<div class=\"spec-label\"><strong>Notas de coraz\u00f3n:<\/strong> jengibre.<\/div>\n<\/div>\n<div class=\"specification-item\">\n<div class=\"spec-label\"><strong>Notas de fondo:<\/strong> lavanda.<\/div>\n<\/div>\n","protected":false},"excerpt":{"rendered":"<p>L\u2019HOMME TERRES DU SUD Est\u00e1 creado para transmitir la fuerza y \u200b\u200bla atm\u00f3sfera del sur. Todas las regiones c\u00e1lidas llenas<\/p>\n","protected":false},"featured_media":101350,"comment_status":"open","ping_status":"closed","template":"","meta":{"nf_dc_page":""},"product_brand":[2034],"product_cat":[84],"product_tag":[3357],"class_list":{"0":"post-101349","1":"product","2":"type-product","3":"status-publish","4":"has-post-thumbnail","6":"product_brand-agatha","7":"product_cat-perfumeria","8":"product_tag-3357","10":"first","11":"instock","12":"shipping-taxable","13":"purchasable","14":"product-type-simple"},"_links":{"self":[{"href":"https:\/\/brandss.com.py\/index\/wp-json\/wp\/v2\/product\/101349","targetHints":{"allow":["GET"]}}],"collection":[{"href":"https:\/\/brandss.com.py\/index\/wp-json\/wp\/v2\/product"}],"about":[{"href":"https:\/\/brandss.com.py\/index\/wp-json\/wp\/v2\/types\/product"}],"replies":[{"embeddable":true,"href":"https:\/\/brandss.com.py\/index\/wp-json\/wp\/v2\/comments?post=101349"}],"version-history":[{"count":1,"href":"https:\/\/brandss.com.py\/index\/wp-json\/wp\/v2\/product\/101349\/revisions"}],"predecessor-version":[{"id":101353,"href":"https:\/\/brandss.com.py\/index\/wp-json\/wp\/v2\/product\/101349\/revisions\/101353"}],"wp:featuredmedia":[{"embeddable":true,"href":"https:\/\/brandss.com.py\/index\/wp-json\/wp\/v2\/media\/101350"}],"wp:attachment":[{"href":"https:\/\/brandss.com.py\/index\/wp-json\/wp\/v2\/media?parent=101349"}],"wp:term":[{"taxonomy":"product_brand","embeddable":true,"href":"https:\/\/brandss.com.py\/index\/wp-json\/wp\/v2\/product_brand?post=101349"},{"taxonomy":"product_cat","embeddable":true,"href":"https:\/\/brandss.com.py\/index\/wp-json\/wp\/v2\/product_cat?post=101349"},{"taxonomy":"product_tag","embeddable":true,"href":"https:\/\/brandss.com.py\/index\/wp-json\/wp\/v2\/product_tag?post=101349"}],"curies":[{"name":"wp","href":"https:\/\/api.w.org\/{rel}","templated":true}]}}