{"id":101354,"date":"2026-04-02T13:31:17","date_gmt":"2026-04-02T13:31:17","guid":{"rendered":"https:\/\/brandss.com.py\/index\/?post_type=product&#038;p=101354"},"modified":"2026-04-02T13:32:00","modified_gmt":"2026-04-02T13:32:00","slug":"perfume-femenino-roberto-capucci-de-capucci-pour-femme-edp-100ml","status":"publish","type":"product","link":"https:\/\/brandss.com.py\/index\/producto\/perfume-femenino-roberto-capucci-de-capucci-pour-femme-edp-100ml\/","title":{"rendered":"PERFUME FEMENINO ROBERTO CAPUCCI DE CAPUCCI POUR FEMME EDP 100ML"},"content":{"rendered":"<p><img loading=\"lazy\" decoding=\"async\" class=\"\" src=\"https:\/\/efisoul63.wordpress.com\/wp-content\/uploads\/2018\/10\/roberto-capucci-logo.png\" alt=\"Roberto-Capucci-logo | \u0395fiSoul63\" width=\"89\" height=\"34\" \/><\/p>\n<h1>DE CAPUCCI POUR FEMME<\/h1>\n<p><span dir=\"auto\">Es una fragancia cl\u00e1sica y refinada de elegancia atemporal. <\/span><span dir=\"auto\">Combina las tradiciones florales y chipre para crear una fragancia distintiva, elegante y segura de s\u00ed misma.<\/span><\/p>\n<p><span dir=\"auto\">Este perfume refleja la maestr\u00eda de Roberto Capucci en la combinaci\u00f3n de una estructura audaz y delicadas notas florales. <\/span><span dir=\"auto\">Es ideal para quienes buscan una fragancia sofisticada y memorable con una rica historia.<\/span><\/p>\n<h3>Notas Olfativas<\/h3>\n<p>Capucci pour femme es una fragancia chipre floral para mujer. Capucci de Capucci se lanz\u00f3 en 1987.<\/p>\n<p><strong>Notas de salida:<\/strong> aldeh\u00eddos, melocot\u00f3n, cilantro, notas verdes, lim\u00f3n, bergamota.<\/p>\n<p><strong>Notas de coraz\u00f3n:<\/strong> nardos, ylang-ylang, clavel, rosa, jazm\u00edn, lirio de los valles (muguete).<\/p>\n<p><strong>Notas de fondo:<\/strong> musgo de roble, cuero, pachul\u00ed, algalia, \u00e1mbar, cedro, coco, vetiver.<\/p>\n","protected":false},"excerpt":{"rendered":"<p>DE CAPUCCI POUR FEMME Es una fragancia cl\u00e1sica y refinada de elegancia atemporal. Combina las tradiciones florales y chipre para<\/p>\n","protected":false},"featured_media":101355,"comment_status":"open","ping_status":"closed","template":"","meta":{"nf_dc_page":""},"product_brand":[2027],"product_cat":[84],"product_tag":[3358],"class_list":{"0":"post-101354","1":"product","2":"type-product","3":"status-publish","4":"has-post-thumbnail","6":"product_brand-roberto-capucci","7":"product_cat-perfumeria","8":"product_tag-3358","10":"first","11":"instock","12":"shipping-taxable","13":"purchasable","14":"product-type-simple"},"_links":{"self":[{"href":"https:\/\/brandss.com.py\/index\/wp-json\/wp\/v2\/product\/101354","targetHints":{"allow":["GET"]}}],"collection":[{"href":"https:\/\/brandss.com.py\/index\/wp-json\/wp\/v2\/product"}],"about":[{"href":"https:\/\/brandss.com.py\/index\/wp-json\/wp\/v2\/types\/product"}],"replies":[{"embeddable":true,"href":"https:\/\/brandss.com.py\/index\/wp-json\/wp\/v2\/comments?post=101354"}],"version-history":[{"count":1,"href":"https:\/\/brandss.com.py\/index\/wp-json\/wp\/v2\/product\/101354\/revisions"}],"predecessor-version":[{"id":101359,"href":"https:\/\/brandss.com.py\/index\/wp-json\/wp\/v2\/product\/101354\/revisions\/101359"}],"wp:featuredmedia":[{"embeddable":true,"href":"https:\/\/brandss.com.py\/index\/wp-json\/wp\/v2\/media\/101355"}],"wp:attachment":[{"href":"https:\/\/brandss.com.py\/index\/wp-json\/wp\/v2\/media?parent=101354"}],"wp:term":[{"taxonomy":"product_brand","embeddable":true,"href":"https:\/\/brandss.com.py\/index\/wp-json\/wp\/v2\/product_brand?post=101354"},{"taxonomy":"product_cat","embeddable":true,"href":"https:\/\/brandss.com.py\/index\/wp-json\/wp\/v2\/product_cat?post=101354"},{"taxonomy":"product_tag","embeddable":true,"href":"https:\/\/brandss.com.py\/index\/wp-json\/wp\/v2\/product_tag?post=101354"}],"curies":[{"name":"wp","href":"https:\/\/api.w.org\/{rel}","templated":true}]}}