{"id":101366,"date":"2026-04-02T16:04:22","date_gmt":"2026-04-02T16:04:22","guid":{"rendered":"https:\/\/brandss.com.py\/index\/?post_type=product&#038;p=101366"},"modified":"2026-04-02T16:05:18","modified_gmt":"2026-04-02T16:05:18","slug":"perfume-femenino-enrico-coveri-contemporary-girl-edp-100ml","status":"publish","type":"product","link":"https:\/\/brandss.com.py\/index\/producto\/perfume-femenino-enrico-coveri-contemporary-girl-edp-100ml\/","title":{"rendered":"PERFUME FEMENINO ENRICO COVERI CONTEMPORARY GIRL EDP 100ML"},"content":{"rendered":"<p><img loading=\"lazy\" decoding=\"async\" class=\"\" src=\"https:\/\/www.luxury-italian-office.com\/wp-content\/uploads\/2019\/07\/enrico-coveri.png\" alt=\"Enrico Coveri stock for e-commerca - Wholesale stock of on consignment\" width=\"79\" height=\"45\" \/><\/p>\n<h1>CONTEMPORARY GIRL<\/h1>\n<p><em><b data-path-to-node=\"4,1\" data-index-in-node=\"0\">La esencia de la mujer moderna, vibrante y audaz<\/b><\/em><\/p>\n<p>\u00bfLista para brillar con luz propia? Descubre Contemporary Girl, una fragancia oriental-especiado que combina la adicci\u00f3n del caf\u00e9 con la elegancia de la rosa y la calidez de la vainilla. El accesorio invisible perfecto para la mujer decidida de hoy. Es una fragancia dise\u00f1ada para quienes no temen destacar.<\/p>\n<h3>Notas Olfativas<\/h3>\n<p data-start=\"268\" data-end=\"582\"><span dir=\"auto\">Contemporary Girl se lanz\u00f3 en 2022. La Nariz detr\u00e1s de esta fragrancia es Celia Orozco Cirimbilli. Contemporary Girl<\/span><span dir=\"auto\">\u00a0es un Eau de Parfum oriental y especiado, con un refinado equilibrio de <\/span><span dir=\"auto\">pimienta rosa<\/span><span dir=\"auto\">\u00a0y\u00a0<\/span><span dir=\"auto\">granos de caf\u00e9<\/span><span dir=\"auto\">, y un elegante coraz\u00f3n de\u00a0<\/span><span dir=\"auto\">rosa, geranio y vainilla<\/span><span dir=\"auto\">. <\/span><span dir=\"auto\">La envolvente base\u00a0<\/span><span dir=\"auto\">de caramelo<\/span><span dir=\"auto\">\u00a0completa la composici\u00f3n con una dulzura cremosa y persistente.<\/span><\/p>\n<p data-start=\"584\" data-end=\"762\"><span dir=\"auto\">Su aroma evoca la calidez y la emoci\u00f3n de una pausa para el caf\u00e9 en un delicado y rom\u00e1ntico ambiente floral. Una mezcla original que deleitar\u00e1 a quienes aprecian las fragancias intensas pero sutiles.\u00a0<\/span><\/p>\n<p data-start=\"584\" data-end=\"762\"><strong>Notas de salida:<\/strong> pimienta rosa, caf\u00e9.<\/p>\n<p data-start=\"584\" data-end=\"762\"><strong>Notas de coraz\u00f3n:<\/strong> rosa, geranio, caramelo, vainilla.<\/p>\n<p data-start=\"584\" data-end=\"762\"><strong>Notas de fondo:<\/strong> \u00e1mbar, almizcle, b\u00e1lsamo de tol\u00fa.<\/p>\n","protected":false},"excerpt":{"rendered":"<p>CONTEMPORARY GIRL La esencia de la mujer moderna, vibrante y audaz \u00bfLista para brillar con luz propia? Descubre Contemporary Girl,<\/p>\n","protected":false},"featured_media":101367,"comment_status":"open","ping_status":"closed","template":"","meta":{"nf_dc_page":""},"product_brand":[2165],"product_cat":[84],"product_tag":[3360],"class_list":{"0":"post-101366","1":"product","2":"type-product","3":"status-publish","4":"has-post-thumbnail","6":"product_brand-enrico-coveri","7":"product_cat-perfumeria","8":"product_tag-3360","10":"first","11":"instock","12":"shipping-taxable","13":"purchasable","14":"product-type-simple"},"_links":{"self":[{"href":"https:\/\/brandss.com.py\/index\/wp-json\/wp\/v2\/product\/101366","targetHints":{"allow":["GET"]}}],"collection":[{"href":"https:\/\/brandss.com.py\/index\/wp-json\/wp\/v2\/product"}],"about":[{"href":"https:\/\/brandss.com.py\/index\/wp-json\/wp\/v2\/types\/product"}],"replies":[{"embeddable":true,"href":"https:\/\/brandss.com.py\/index\/wp-json\/wp\/v2\/comments?post=101366"}],"version-history":[{"count":1,"href":"https:\/\/brandss.com.py\/index\/wp-json\/wp\/v2\/product\/101366\/revisions"}],"predecessor-version":[{"id":101370,"href":"https:\/\/brandss.com.py\/index\/wp-json\/wp\/v2\/product\/101366\/revisions\/101370"}],"wp:featuredmedia":[{"embeddable":true,"href":"https:\/\/brandss.com.py\/index\/wp-json\/wp\/v2\/media\/101367"}],"wp:attachment":[{"href":"https:\/\/brandss.com.py\/index\/wp-json\/wp\/v2\/media?parent=101366"}],"wp:term":[{"taxonomy":"product_brand","embeddable":true,"href":"https:\/\/brandss.com.py\/index\/wp-json\/wp\/v2\/product_brand?post=101366"},{"taxonomy":"product_cat","embeddable":true,"href":"https:\/\/brandss.com.py\/index\/wp-json\/wp\/v2\/product_cat?post=101366"},{"taxonomy":"product_tag","embeddable":true,"href":"https:\/\/brandss.com.py\/index\/wp-json\/wp\/v2\/product_tag?post=101366"}],"curies":[{"name":"wp","href":"https:\/\/api.w.org\/{rel}","templated":true}]}}