{"id":101371,"date":"2026-04-02T16:44:00","date_gmt":"2026-04-02T16:44:00","guid":{"rendered":"https:\/\/brandss.com.py\/index\/?post_type=product&#038;p=101371"},"modified":"2026-04-02T16:45:03","modified_gmt":"2026-04-02T16:45:03","slug":"perfume-masculino-enrico-coveri-green-contemporary-edt-100ml","status":"publish","type":"product","link":"https:\/\/brandss.com.py\/index\/producto\/perfume-masculino-enrico-coveri-green-contemporary-edt-100ml\/","title":{"rendered":"PERFUME MASCULINO ENRICO COVERI GREEN CONTEMPORARY EDT 100ML"},"content":{"rendered":"<p><img loading=\"lazy\" decoding=\"async\" class=\"\" src=\"https:\/\/www.luxury-italian-office.com\/wp-content\/uploads\/2019\/07\/enrico-coveri.png\" alt=\"Enrico Coveri stock for e-commerca - Wholesale stock of on consignment\" width=\"110\" height=\"63\" \/><\/p>\n<h1>GREEN CONTEMPORARY<\/h1>\n<p>Dise\u00f1ado para el hombre moderno, esta fragancia combina frescura natural con un giro sofisticado y contempor\u00e1neo, ideal para uso diario en cualquier estaci\u00f3n.<\/p>\n<p>Green Contemporary es una fragancia que se siente tal como se ve en su publicidad: es fresca, din\u00e1mica, moderna y llena de vitalidad.<\/p>\n<h3>Notas Olfativas<\/h3>\n<p><span dir=\"auto\">Green Contemporary es la nueva fragancia masculina que Enrico Coveri lanz\u00f3 en 2022. <\/span><span dir=\"auto\">Eau de Toilette con notas arom\u00e1ticas y energizantes. Un cl\u00e1sico foug\u00e8re masculino fruto de la colaboraci\u00f3n entre la casa de esencias Firmenich y Elise Benat. El color verde del envase evoca la frescura de la fragancia y se realza con detalles en plata satinada luminosa.<\/span><\/p>\n<p>Green Contemporary, es esencial, masculina y contempor\u00e1nea. Una salida energizante con notas de elem\u00ed y bergamota, un coraz\u00f3n arom\u00e1tico de lavanda y menta, y una base elegante con notas de vetiver, pachul\u00ed y madera clara. Con su moderno frasco cuadrado, es deportivo y perfecto para actividades al aire libre. El color verde, que evoca la frescura de la fragancia, se refina a\u00fan m\u00e1s con los toques luminosos de plata satinada.<\/p>\n<p><strong>Notas de salida:<\/strong> bergamota, elem\u00ed.<br \/>\n<strong>Notas de coraz\u00f3n:<\/strong> lavanda, menta.<br \/>\n<strong>Notas de fondo:<\/strong> clearwood, pachul\u00ed, vetiver de hait\u00ed.<\/p>\n","protected":false},"excerpt":{"rendered":"<p>GREEN CONTEMPORARY Dise\u00f1ado para el hombre moderno, esta fragancia combina frescura natural con un giro sofisticado y contempor\u00e1neo, ideal para<\/p>\n","protected":false},"featured_media":101372,"comment_status":"open","ping_status":"closed","template":"","meta":{"nf_dc_page":""},"product_brand":[2165],"product_cat":[84],"product_tag":[3361],"class_list":{"0":"post-101371","1":"product","2":"type-product","3":"status-publish","4":"has-post-thumbnail","6":"product_brand-enrico-coveri","7":"product_cat-perfumeria","8":"product_tag-3361","10":"first","11":"instock","12":"shipping-taxable","13":"purchasable","14":"product-type-simple"},"_links":{"self":[{"href":"https:\/\/brandss.com.py\/index\/wp-json\/wp\/v2\/product\/101371","targetHints":{"allow":["GET"]}}],"collection":[{"href":"https:\/\/brandss.com.py\/index\/wp-json\/wp\/v2\/product"}],"about":[{"href":"https:\/\/brandss.com.py\/index\/wp-json\/wp\/v2\/types\/product"}],"replies":[{"embeddable":true,"href":"https:\/\/brandss.com.py\/index\/wp-json\/wp\/v2\/comments?post=101371"}],"version-history":[{"count":1,"href":"https:\/\/brandss.com.py\/index\/wp-json\/wp\/v2\/product\/101371\/revisions"}],"predecessor-version":[{"id":101376,"href":"https:\/\/brandss.com.py\/index\/wp-json\/wp\/v2\/product\/101371\/revisions\/101376"}],"wp:featuredmedia":[{"embeddable":true,"href":"https:\/\/brandss.com.py\/index\/wp-json\/wp\/v2\/media\/101372"}],"wp:attachment":[{"href":"https:\/\/brandss.com.py\/index\/wp-json\/wp\/v2\/media?parent=101371"}],"wp:term":[{"taxonomy":"product_brand","embeddable":true,"href":"https:\/\/brandss.com.py\/index\/wp-json\/wp\/v2\/product_brand?post=101371"},{"taxonomy":"product_cat","embeddable":true,"href":"https:\/\/brandss.com.py\/index\/wp-json\/wp\/v2\/product_cat?post=101371"},{"taxonomy":"product_tag","embeddable":true,"href":"https:\/\/brandss.com.py\/index\/wp-json\/wp\/v2\/product_tag?post=101371"}],"curies":[{"name":"wp","href":"https:\/\/api.w.org\/{rel}","templated":true}]}}