{"id":101394,"date":"2026-04-02T19:07:05","date_gmt":"2026-04-02T19:07:05","guid":{"rendered":"https:\/\/brandss.com.py\/index\/?post_type=product&#038;p=101394"},"modified":"2026-04-09T10:44:09","modified_gmt":"2026-04-09T10:44:09","slug":"perfume-masculino-blauer-usa-the-journey-collection-new-york-2049-edp-80ml","status":"publish","type":"product","link":"https:\/\/brandss.com.py\/index\/producto\/perfume-masculino-blauer-usa-the-journey-collection-new-york-2049-edp-80ml\/","title":{"rendered":"PERFUME MASCULINO BLAUER USA THE JOURNEY COLLECTION NEW YORK 2049 EDP 80ML"},"content":{"rendered":"<p><img loading=\"lazy\" decoding=\"async\" class=\"\" src=\"https:\/\/upload.wikimedia.org\/wikipedia\/commons\/8\/8a\/Blauer_hd.png\" alt=\"File:Blauer hd.png - Wikimedia Commons\" width=\"142\" height=\"41\" \/><\/p>\n<h1>NEW YORK 2049<\/h1>\n<div class=\"xdj266r x14z9mp xat24cr x1lziwak x1vvkbs x126k92a\">\n<div dir=\"auto\"><strong><em>La esencia de la gran metr\u00f3polis<\/em><\/strong><\/div>\n<\/div>\n<div class=\"x14z9mp xat24cr x1lziwak x1vvkbs xtlvy1s x126k92a\">\n<div dir=\"auto\">\u200b\u00bfBuscas una fragancia que defina tu estilo urbano y moderno? New York 2049 no es solo un perfume, es una declaraci\u00f3n de intenciones. \u200bInspirado en la energ\u00eda vibrante de la ciudad que nunca duerme, este Eau de Parfum combina la sofisticaci\u00f3n cl\u00e1sica con un toque futurista irresistible.<\/div>\n<\/div>\n<div class=\"x14z9mp xat24cr x1lziwak x1vvkbs xtlvy1s x126k92a\">\n<div dir=\"auto\"><\/div>\n<h3 dir=\"auto\">Notas Olfativas<\/h3>\n<div dir=\"auto\"><\/div>\n<div dir=\"auto\">Esta colecci\u00f3n, denominada &#8220;The Journey&#8221;, se inspira en viajes por lugares emblem\u00e1ticos de Am\u00e9rica, comenzando simb\u00f3licamente por New York. Una fresca aventura olfativa con una din\u00e1mica nota c\u00edtrica de salida y toques de aldeh\u00eddo da paso a un coraz\u00f3n de intensos p\u00e9talos de geranio y violeta. En las notas de fondo, un sofisticado y moderno encuentro de notas amaderadas sella la creaci\u00f3n con fuerza y \u200b\u200bdistinci\u00f3n.<\/div>\n<div dir=\"auto\"><\/div>\n<div dir=\"auto\"><strong>Notas de salida:<\/strong> aldeh\u00eddos, bergamota, cardamomo.<\/div>\n<div dir=\"auto\"><strong>Notas de coraz\u00f3n:<\/strong> geranio, violeta.<\/div>\n<div dir=\"auto\"><strong>Notas de fondo:<\/strong> vetiver bourbon.<\/div>\n<\/div>\n","protected":false},"excerpt":{"rendered":"<p>NEW YORK 2049 La esencia de la gran metr\u00f3polis \u200b\u00bfBuscas una fragancia que defina tu estilo urbano y moderno? New<\/p>\n","protected":false},"featured_media":101395,"comment_status":"open","ping_status":"closed","template":"","meta":{"nf_dc_page":""},"product_brand":[2159],"product_cat":[84],"product_tag":[3365],"class_list":{"0":"post-101394","1":"product","2":"type-product","3":"status-publish","4":"has-post-thumbnail","6":"product_brand-blauer-usa","7":"product_cat-perfumeria","8":"product_tag-3365","10":"first","11":"instock","12":"shipping-taxable","13":"purchasable","14":"product-type-simple"},"_links":{"self":[{"href":"https:\/\/brandss.com.py\/index\/wp-json\/wp\/v2\/product\/101394","targetHints":{"allow":["GET"]}}],"collection":[{"href":"https:\/\/brandss.com.py\/index\/wp-json\/wp\/v2\/product"}],"about":[{"href":"https:\/\/brandss.com.py\/index\/wp-json\/wp\/v2\/types\/product"}],"replies":[{"embeddable":true,"href":"https:\/\/brandss.com.py\/index\/wp-json\/wp\/v2\/comments?post=101394"}],"version-history":[{"count":1,"href":"https:\/\/brandss.com.py\/index\/wp-json\/wp\/v2\/product\/101394\/revisions"}],"predecessor-version":[{"id":101399,"href":"https:\/\/brandss.com.py\/index\/wp-json\/wp\/v2\/product\/101394\/revisions\/101399"}],"wp:featuredmedia":[{"embeddable":true,"href":"https:\/\/brandss.com.py\/index\/wp-json\/wp\/v2\/media\/101395"}],"wp:attachment":[{"href":"https:\/\/brandss.com.py\/index\/wp-json\/wp\/v2\/media?parent=101394"}],"wp:term":[{"taxonomy":"product_brand","embeddable":true,"href":"https:\/\/brandss.com.py\/index\/wp-json\/wp\/v2\/product_brand?post=101394"},{"taxonomy":"product_cat","embeddable":true,"href":"https:\/\/brandss.com.py\/index\/wp-json\/wp\/v2\/product_cat?post=101394"},{"taxonomy":"product_tag","embeddable":true,"href":"https:\/\/brandss.com.py\/index\/wp-json\/wp\/v2\/product_tag?post=101394"}],"curies":[{"name":"wp","href":"https:\/\/api.w.org\/{rel}","templated":true}]}}