{"id":101400,"date":"2026-04-04T11:43:31","date_gmt":"2026-04-04T11:43:31","guid":{"rendered":"https:\/\/brandss.com.py\/index\/?post_type=product&#038;p=101400"},"modified":"2026-04-04T11:43:58","modified_gmt":"2026-04-04T11:43:58","slug":"acondicionador-capilar-kerasys-oriental-premium-200ml","status":"publish","type":"product","link":"https:\/\/brandss.com.py\/index\/producto\/acondicionador-capilar-kerasys-oriental-premium-200ml\/","title":{"rendered":"ACONDICIONADOR CAPILAR KERASYS ORIENTAL PREMIUM 200ML"},"content":{"rendered":"<p><img loading=\"lazy\" decoding=\"async\" class=\"\" src=\"https:\/\/acdn-us.mitiendanube.com\/stores\/006\/567\/235\/themes\/common\/logo-2027072255-1755034523-ec9fa1f2ce585f2d0ef3c935b64032841755034523.png?0\" alt=\"Tienda Online de KERASYS\" width=\"139\" height=\"47\" \/><\/p>\n<h1>ORIENTAL PREMIUM<\/h1>\n<p>Tratamiento con f\u00f3rmula de primera calidad, dise\u00f1ado para pelos rubios con decoloraci\u00f3n, mechas y luces, promueve la belleza, la salud y el brillo del cabello.<img loading=\"lazy\" decoding=\"async\" class=\"alignleft\" src=\"https:\/\/http2.mlstatic.com\/D_NQ_NP_2X_778376-MLA97465024933_112025-F.webp\" width=\"311\" height=\"389\" \/><\/p>\n<h3><strong>Ingredientes claves<\/strong><\/h3>\n<p>Con su selecci\u00f3n de hierbas medicinales que hacen prevalecer el aceite de semilla de camelia, ginseng, extracto de orqu\u00eddea, granada, cenidium y un toque especial de esencia oriental.<\/p>\n<p>&nbsp;<\/p>\n<h3><strong>Beneficios<\/strong><\/h3>\n<p><strong><br \/>\n<\/strong>Revitaliza el cabello da\u00f1ado por procesos qu\u00edmicos, dando elasticidad y movimiento con un toque irresistible de suavidad y brillo, dejando el cabello radiante.<\/p>\n<p>&nbsp;<\/p>\n<h3><strong>Tipo de cabello<\/strong><\/h3>\n<p>Cabellos rubios, con mechas y luces.<\/p>\n<p>&nbsp;<\/p>\n<p>&nbsp;<\/p>\n","protected":false},"excerpt":{"rendered":"<p>ORIENTAL PREMIUM Tratamiento con f\u00f3rmula de primera calidad, dise\u00f1ado para pelos rubios con decoloraci\u00f3n, mechas y luces, promueve la belleza,<\/p>\n","protected":false},"featured_media":101401,"comment_status":"open","ping_status":"closed","template":"","meta":{"nf_dc_page":""},"product_brand":[204],"product_cat":[85],"product_tag":[3366],"class_list":{"0":"post-101400","1":"product","2":"type-product","3":"status-publish","4":"has-post-thumbnail","6":"product_brand-kerasys","7":"product_cat-cosmeticos","8":"product_tag-3366","10":"first","11":"instock","12":"shipping-taxable","13":"purchasable","14":"product-type-simple"},"_links":{"self":[{"href":"https:\/\/brandss.com.py\/index\/wp-json\/wp\/v2\/product\/101400","targetHints":{"allow":["GET"]}}],"collection":[{"href":"https:\/\/brandss.com.py\/index\/wp-json\/wp\/v2\/product"}],"about":[{"href":"https:\/\/brandss.com.py\/index\/wp-json\/wp\/v2\/types\/product"}],"replies":[{"embeddable":true,"href":"https:\/\/brandss.com.py\/index\/wp-json\/wp\/v2\/comments?post=101400"}],"version-history":[{"count":1,"href":"https:\/\/brandss.com.py\/index\/wp-json\/wp\/v2\/product\/101400\/revisions"}],"predecessor-version":[{"id":101407,"href":"https:\/\/brandss.com.py\/index\/wp-json\/wp\/v2\/product\/101400\/revisions\/101407"}],"wp:featuredmedia":[{"embeddable":true,"href":"https:\/\/brandss.com.py\/index\/wp-json\/wp\/v2\/media\/101401"}],"wp:attachment":[{"href":"https:\/\/brandss.com.py\/index\/wp-json\/wp\/v2\/media?parent=101400"}],"wp:term":[{"taxonomy":"product_brand","embeddable":true,"href":"https:\/\/brandss.com.py\/index\/wp-json\/wp\/v2\/product_brand?post=101400"},{"taxonomy":"product_cat","embeddable":true,"href":"https:\/\/brandss.com.py\/index\/wp-json\/wp\/v2\/product_cat?post=101400"},{"taxonomy":"product_tag","embeddable":true,"href":"https:\/\/brandss.com.py\/index\/wp-json\/wp\/v2\/product_tag?post=101400"}],"curies":[{"name":"wp","href":"https:\/\/api.w.org\/{rel}","templated":true}]}}